{"id":5670,"date":"2022-07-04T18:33:25","date_gmt":"2022-07-04T18:33:25","guid":{"rendered":"https:\/\/kellerwest.wpenginepowered.com\/bankwesen-und-finanzdienstleistungen\/"},"modified":"2024-07-19T14:43:40","modified_gmt":"2024-07-19T14:43:40","slug":"banking-und-financial-services","status":"publish","type":"page","link":"https:\/\/www.kellerwest.com\/de\/banking-und-financial-services\/","title":{"rendered":"Banking und Financial Services"},"content":{"rendered":"\n<div class=\"wp-block-group alignfull has-black-05-background-color has-background is-layout-constrained wp-block-group-is-layout-constrained\">\n<div class=\"wp-block-columns alignwide is-layout-flex wp-container-core-columns-is-layout-28f84493 wp-block-columns-is-layout-flex\">\n<div class=\"wp-block-column is-layout-flow wp-block-column-is-layout-flow\">\n<h1 class=\"wp-block-heading\" id=\"professional-services\">Banking und Financial Services<\/h1>\n<\/div>\n\n\n\n<div class=\"wp-block-column is-layout-flow wp-block-column-is-layout-flow\">\n<p>Wir unterst\u00fctzen Unternehmen und IT Professionals in einem breiten Spektrum von Banking und Professional Services und bieten Personalvermittlungsdienstleistungen f\u00fcr angehende Fintech-Start-ups, spannende Scale-up Unternehmen und einige der weltweit gr\u00f6\u00dften Konzerne.<\/p>\n<\/div>\n<\/div>\n<\/div>\n\n\n\n<div class=\"wp-block-media-text alignwide is-stacked-on-mobile has-media-on-the-right\"><figure class=\"wp-block-media-text__media\"><img loading=\"lazy\" decoding=\"async\" width=\"1024\" height=\"689\" src=\"https:\/\/www.kellerwest.com\/wp-content\/uploads\/2022\/03\/Banking-and-financial-services-1024x689.jpg\" alt=\"\" class=\"wp-image-1497 size-full\" srcset=\"https:\/\/www.kellerwest.com\/wp-content\/uploads\/2022\/03\/Banking-and-financial-services-1024x689.jpg 1024w, https:\/\/www.kellerwest.com\/wp-content\/uploads\/2022\/03\/Banking-and-financial-services-300x202.jpg 300w, https:\/\/www.kellerwest.com\/wp-content\/uploads\/2022\/03\/Banking-and-financial-services-768x517.jpg 768w, https:\/\/www.kellerwest.com\/wp-content\/uploads\/2022\/03\/Banking-and-financial-services-1536x1034.jpg 1536w, https:\/\/www.kellerwest.com\/wp-content\/uploads\/2022\/03\/Banking-and-financial-services.jpg 1634w\" sizes=\"(max-width: 1024px) 100vw, 1024px\" \/><\/figure><div class=\"wp-block-media-text__content\">\n<h2 class=\"wp-block-heading is-style-eyebrow-no-border has-brand-1-color has-text-color\" id=\"explore-professional-services\">Entdecken Sie Banking und Financial Services<\/h2>\n\n\n\n<div class=\"wp-block-buttons is-layout-flex wp-block-buttons-is-layout-flex\">\n<div class=\"wp-block-button is-style-arrow\"><a class=\"wp-block-button__link has-white-background-color has-background wp-element-button\" href=\"https:\/\/www.kellerwest.com\/de\/jobs\/?_job_industry=banking-and-financial-services\">Jobs in Banking und Financial Services<\/a><\/div>\n\n\n\n<div class=\"wp-block-button is-style-arrow\"><a class=\"wp-block-button__link has-white-background-color has-background wp-element-button\" href=\"https:\/\/www.kellerwest.com\/de\/it-professionals-einstellen\/\">Sie suchen nach Talenten?<\/a><\/div>\n\n\n\n<div class=\"wp-block-button is-style-arrow\"><a class=\"wp-block-button__link has-white-background-color has-background wp-element-button\" href=\"https:\/\/www.kellerwest.com\/de\/kontakt\/\">Nehmen Sie Kontakt auf<\/a><\/div>\n<\/div>\n\n\n\n<hr class=\"wp-block-separator has-text-color has-black-05-color has-css-opacity has-black-05-background-color has-background is-style-divider\"\/>\n\n\n\n<h2 class=\"wp-block-heading is-style-default has-large-font-size\">Unterst\u00fctzung des Banking und Financial Services Sektors<\/h2>\n\n\n\n<p>Wie in jeder Branche sind auch die Unternehmen im Bereich Banking und Financial Services in hohem Ma\u00dfe auf IT-Fachkr\u00e4fte angewiesen.<\/p>\n\n\n\n<p>Mit der zunehmenden Digitalisierung des Bank- und Finanzwesens &#8211; insbesondere mit dem Vormarsch der k\u00fcnstlichen Intelligenz &#8211; werden mehr denn je menschliche Experten ben\u00f6tigt, um wichtige Anwendungen zu entwickeln und zu unterst\u00fctzen, Unternehmen vor Cyberrisiken zu sch\u00fctzen und gro\u00dfe Datenmengen zu verwalten.<\/p>\n\n\n\n<p>Wir arbeiten mit Kund*innen aus dem gesamten Sektor Banking und Financial Services zusammen und verstehen die Herausforderungen f\u00fcr Unternehmen und Professionals in diesem hart umk\u00e4mpften Markt.<\/p>\n\n\n\n<p>Ganz gleich, ob Sie auf der Suche nach Festangestellten, langfristiger Projektunterst\u00fctzung oder Auftragnehmern sind, die Sie bei der Umsetzung Ihrer unmittelbaren Priorit\u00e4ten unterst\u00fctzen, wir stehen Ihnen zur Seite, um Sie durch Ihre Optionen zu f\u00fchren und Ihnen zu helfen, die besten verf\u00fcgbaren Spezialist*innen zu finden.<\/p>\n\n\n\n<p>F\u00fcr Professionals mit Erfahrung im Bereich Financial Services k\u00f6nnen wir Sie mit neuen und spannenden M\u00f6glichkeiten in Ihrer Region in Verbindung bringen und Sie bei Ihrem n\u00e4chsten Schritt unterst\u00fctzen.<\/p>\n<\/div><\/div>\n\n\n\n<div class=\"wp-block-group alignwide is-layout-flow wp-block-group-is-layout-flow\">\n<div class=\"wp-block-group is-layout-flow wp-block-group-is-layout-flow\">\n<h2 class=\"wp-block-heading is-style-eyebrow\">Benefits<\/h2>\n\n\n\n<p id=\"component-title\">Ihre Vorteile durch unsere Zusammenarbeit: <\/p>\n\n\n\n<div class=\"wp-block-columns is-layout-flex wp-container-core-columns-is-layout-28f84493 wp-block-columns-is-layout-flex\">\n<div class=\"wp-block-column is-layout-flow wp-block-column-is-layout-flow\">\n<h3 class=\"wp-block-heading is-style-default has-medium-large-font-size\" id=\"nulla-facilisi-etiam\">Unser engagiertes Kandidatennetzwerk<\/h3>\n\n\n\n<p class=\"has-extra-small-font-size\">Wir sind viel mehr als nur ein Recruitmentunternehmen &#8211; wir haben ein enormes internationales Netzwerk von HR Professionals aufgebaut, die sich genauso f\u00fcr die IT Branche begeistern wie wir. Die Zusammenarbeit mit uns bietet Ihnen Zugang zu diesem Netzwerk engagierter und vertrauensw\u00fcrdiger Kandidat*innen &#8211; auf der ganzen Welt<\/p>\n<\/div>\n\n\n\n<div class=\"wp-block-column is-layout-flow wp-block-column-is-layout-flow\">\n<h3 class=\"wp-block-heading has-medium-large-font-size\" id=\"h-unsere-fahigkeit-unsichtbares-sichtbar-zu-machen\">Unsere F\u00e4higkeit, Unsichtbares sichtbar zu machen<\/h3>\n\n\n\n<p class=\"has-extra-small-font-size\">Oft ist die richtige Person nicht \u00fcber die traditionellen Kan\u00e4le zu finden. Und sehr oft sind Kandidat*innen gar nicht aktiv auf der Suche nach einer neuen Position. Deshalb nutzen wir unsere Netzwerke, IT Datenbanken und spezialisierte Recruitingtools, um die richtige Person f\u00fcr Sie zu finden &#8211; und nicht nur die, die gerade verf\u00fcgbar ist. <\/p>\n<\/div>\n<\/div>\n\n\n\n<div class=\"wp-block-columns is-layout-flex wp-container-core-columns-is-layout-28f84493 wp-block-columns-is-layout-flex\">\n<div class=\"wp-block-column is-layout-flow wp-block-column-is-layout-flow\">\n<h3 class=\"wp-block-heading has-medium-large-font-size\" id=\"lorem-ipsum-dolor-sit-amet\">Unser flexibler, kooperativer Ansatz<\/h3>\n\n\n\n<p class=\"has-extra-small-font-size\" id=\"lorem-ipsum-dolor-sit-amet\">Unser Prozess ist von Anfang an kooperativ. Wir verstehen Ihre Bed\u00fcrfnisse, Ihre Erwartungen und Ihre Vorstellungen von unserer Zusammenarbeit. Wir stellen veraltete Denkweisen in Frage und lassen nichts unversucht, um das richtige Talent f\u00fcr Sie zu finden. <\/p>\n<\/div>\n\n\n\n<div class=\"wp-block-column is-layout-flow wp-block-column-is-layout-flow\"><\/div>\n<\/div>\n<\/div>\n<\/div>\n\n\n\n<div class=\"wp-block-media-text alignwide is-stacked-on-mobile is-style-default has-black-05-background-color has-background\"><figure class=\"wp-block-media-text__media\"><img loading=\"lazy\" decoding=\"async\" width=\"1024\" height=\"683\" src=\"https:\/\/www.kellerwest.com\/wp-content\/uploads\/2022\/04\/iStock-1290205282-1024x683.jpg\" alt=\"\" class=\"wp-image-3233 size-medium_large\" srcset=\"https:\/\/www.kellerwest.com\/wp-content\/uploads\/2022\/04\/iStock-1290205282-1024x683.jpg 1024w, https:\/\/www.kellerwest.com\/wp-content\/uploads\/2022\/04\/iStock-1290205282-300x200.jpg 300w, https:\/\/www.kellerwest.com\/wp-content\/uploads\/2022\/04\/iStock-1290205282-768x512.jpg 768w, https:\/\/www.kellerwest.com\/wp-content\/uploads\/2022\/04\/iStock-1290205282-1536x1024.jpg 1536w, https:\/\/www.kellerwest.com\/wp-content\/uploads\/2022\/04\/iStock-1290205282-2048x1365.jpg 2048w\" sizes=\"(max-width: 1024px) 100vw, 1024px\" \/><\/figure><div class=\"wp-block-media-text__content\">\n<p class=\"has-medium-large-font-size\">Wir rekrutieren alle IT Funktionen auf allen Ebenen.<\/p>\n<\/div><\/div>\n\n\n\n<div class=\"wp-block-group alignwide is-layout-flow wp-block-group-is-layout-flow\">\n<div class=\"wp-block-buttons is-layout-flex wp-block-buttons-is-layout-flex\">\n<div class=\"wp-block-button is-style-cta-arrow\"><a class=\"wp-block-button__link wp-element-button\" href=\"https:\/\/www.kellerwest.com\/de\/jobs\/?_job_industry=banking-and-financial-services\">Jobsuche im Bereich Banking und Financial Services<\/a><\/div>\n<\/div>\n<\/div>\n\n\n\n<div class=\"wp-block-columns alignwide is-layout-flex wp-container-core-columns-is-layout-28f84493 wp-block-columns-is-layout-flex\">\n<div class=\"wp-block-column is-layout-flow wp-block-column-is-layout-flow\" style=\"flex-basis:100%\">\n<div class=\"wp-block-group is-layout-flow wp-block-group-is-layout-flow\">\n<div class=\"wp-block-columns is-layout-flex wp-container-core-columns-is-layout-28f84493 wp-block-columns-is-layout-flex\">\n<div class=\"wp-block-column is-layout-flow wp-block-column-is-layout-flow\" style=\"flex-basis:100%\">\n<div class=\"wp-block-columns is-layout-flex wp-container-core-columns-is-layout-28f84493 wp-block-columns-is-layout-flex\">\n<div class=\"wp-block-column is-layout-flow wp-block-column-is-layout-flow\" style=\"flex-basis:100%\">\n<div class=\"wp-block-group alignwide is-layout-flow wp-block-group-is-layout-flow\"><\/div>\n<\/div>\n<\/div>\n<\/div>\n<\/div>\n<\/div>\n<\/div>\n<\/div>\n\n\n\n<\/div>\n\n\n\n<div class=\"wp-block-group alignfull has-white-color has-brand-1-background-color has-text-color has-background is-layout-constrained wp-block-group-is-layout-constrained\">\n<div class=\"wp-block-group alignwide is-layout-flow wp-block-group-is-layout-flow\">\n<h2 class=\"wp-block-heading is-style-eyebrow-no-border\" id=\"interested-in-learning-more\">Sie suchen nach Talenten?<\/h2>\n\n\n\n<div class=\"wp-block-buttons is-layout-flex wp-block-buttons-is-layout-flex\">\n<div class=\"wp-block-button is-style-cta-arrow\"><a class=\"wp-block-button__link has-white-color has-text-color wp-element-button\" href=\"https:\/\/www.kellerwest.com\/de\/kontakt\/\">Nehmen Sie Kontakt auf<\/a><\/div>\n<\/div>\n<\/div>\n<\/div>\n","protected":false},"excerpt":{"rendered":"<p>Banking und Financial Services Wir unterst\u00fctzen Unternehmen und IT Professionals in einem breiten Spektrum von Banking und Professional Services und bieten Personalvermittlungsdienstleistungen f\u00fcr angehende Fintech-Start-ups, spannende Scale-up Unternehmen und einige der weltweit gr\u00f6\u00dften Konzerne. Benefits Ihre Vorteile durch unsere Zusammenarbeit: Unser engagiertes Kandidatennetzwerk Wir sind viel mehr als nur ein Recruitmentunternehmen &#8211; wir haben ein [&hellip;]<\/p>\n","protected":false},"author":7,"featured_media":0,"parent":0,"menu_order":0,"comment_status":"closed","ping_status":"closed","template":"","meta":{"_acf_changed":false,"footnotes":""},"class_list":["post-5670","page","type-page","status-publish","hentry"],"acf":[],"yoast_head":"<!-- This site is optimized with the Yoast SEO Premium plugin v25.4 (Yoast SEO v27.3) - https:\/\/yoast.com\/product\/yoast-seo-premium-wordpress\/ -->\n<title>IT-Personalvermittlung f\u00fcr Banking und Financial Services | Keller West<\/title>\n<meta name=\"description\" content=\"Erfahren Sie, wie wir Unternehmen aus dem Bereich Banking und Financial Services in der gesamten DACH-Region mit unserer Personalberatung unterst\u00fctzen.\" \/>\n<meta name=\"robots\" content=\"index, follow, max-snippet:-1, max-image-preview:large, max-video-preview:-1\" \/>\n<link rel=\"canonical\" href=\"https:\/\/www.kellerwest.com\/de\/banking-und-financial-services\/\" \/>\n<meta property=\"og:locale\" content=\"de_DE\" \/>\n<meta property=\"og:type\" content=\"article\" \/>\n<meta property=\"og:title\" content=\"Banking und Financial Services\" \/>\n<meta property=\"og:description\" content=\"Erfahren Sie, wie wir Unternehmen aus dem Bereich Banking und Financial Services in der gesamten DACH-Region mit unserer Personalberatung unterst\u00fctzen.\" \/>\n<meta property=\"og:url\" content=\"https:\/\/www.kellerwest.com\/de\/banking-und-financial-services\/\" \/>\n<meta property=\"og:site_name\" content=\"Keller West\" \/>\n<meta property=\"article:modified_time\" content=\"2024-07-19T14:43:40+00:00\" \/>\n<meta property=\"og:image\" content=\"https:\/\/www.kellerwest.com\/wp-content\/uploads\/2022\/03\/Banking-and-financial-services-1024x689.jpg\" \/>\n<meta name=\"twitter:card\" content=\"summary_large_image\" \/>\n<meta name=\"twitter:label1\" content=\"Est. reading time\" \/>\n\t<meta name=\"twitter:data1\" content=\"3 minutes\" \/>\n<script type=\"application\/ld+json\" class=\"yoast-schema-graph\">{\"@context\":\"https:\\\/\\\/schema.org\",\"@graph\":[{\"@type\":\"WebPage\",\"@id\":\"https:\\\/\\\/www.kellerwest.com\\\/de\\\/banking-und-financial-services\\\/\",\"url\":\"https:\\\/\\\/www.kellerwest.com\\\/de\\\/banking-und-financial-services\\\/\",\"name\":\"IT-Personalvermittlung f\u00fcr Banking und Financial Services | Keller West\",\"isPartOf\":{\"@id\":\"https:\\\/\\\/www.kellerwest.com\\\/#website\"},\"primaryImageOfPage\":{\"@id\":\"https:\\\/\\\/www.kellerwest.com\\\/de\\\/banking-und-financial-services\\\/#primaryimage\"},\"image\":{\"@id\":\"https:\\\/\\\/www.kellerwest.com\\\/de\\\/banking-und-financial-services\\\/#primaryimage\"},\"thumbnailUrl\":\"https:\\\/\\\/www.kellerwest.com\\\/wp-content\\\/uploads\\\/2022\\\/03\\\/Banking-and-financial-services-1024x689.jpg\",\"datePublished\":\"2022-07-04T18:33:25+00:00\",\"dateModified\":\"2024-07-19T14:43:40+00:00\",\"description\":\"Erfahren Sie, wie wir Unternehmen aus dem Bereich Banking und Financial Services in der gesamten DACH-Region mit unserer Personalberatung unterst\u00fctzen.\",\"breadcrumb\":{\"@id\":\"https:\\\/\\\/www.kellerwest.com\\\/de\\\/banking-und-financial-services\\\/#breadcrumb\"},\"inLanguage\":\"de-DE\",\"potentialAction\":[{\"@type\":\"ReadAction\",\"target\":[\"https:\\\/\\\/www.kellerwest.com\\\/de\\\/banking-und-financial-services\\\/\"]}]},{\"@type\":\"ImageObject\",\"inLanguage\":\"de-DE\",\"@id\":\"https:\\\/\\\/www.kellerwest.com\\\/de\\\/banking-und-financial-services\\\/#primaryimage\",\"url\":\"https:\\\/\\\/www.kellerwest.com\\\/wp-content\\\/uploads\\\/2022\\\/03\\\/Banking-and-financial-services-1024x689.jpg\",\"contentUrl\":\"https:\\\/\\\/www.kellerwest.com\\\/wp-content\\\/uploads\\\/2022\\\/03\\\/Banking-and-financial-services-1024x689.jpg\"},{\"@type\":\"BreadcrumbList\",\"@id\":\"https:\\\/\\\/www.kellerwest.com\\\/de\\\/banking-und-financial-services\\\/#breadcrumb\",\"itemListElement\":[{\"@type\":\"ListItem\",\"position\":1,\"name\":\"Home\",\"item\":\"https:\\\/\\\/www.kellerwest.com\\\/de\\\/\"},{\"@type\":\"ListItem\",\"position\":2,\"name\":\"Banking und Financial Services\"}]},{\"@type\":\"WebSite\",\"@id\":\"https:\\\/\\\/www.kellerwest.com\\\/#website\",\"url\":\"https:\\\/\\\/www.kellerwest.com\\\/\",\"name\":\"Keller West\",\"description\":\"Globale Expertise im IT-Recruitment\",\"publisher\":{\"@id\":\"https:\\\/\\\/www.kellerwest.com\\\/#organization\"},\"potentialAction\":[{\"@type\":\"SearchAction\",\"target\":{\"@type\":\"EntryPoint\",\"urlTemplate\":\"https:\\\/\\\/www.kellerwest.com\\\/?s={search_term_string}\"},\"query-input\":{\"@type\":\"PropertyValueSpecification\",\"valueRequired\":true,\"valueName\":\"search_term_string\"}}],\"inLanguage\":\"de-DE\"},{\"@type\":\"Organization\",\"@id\":\"https:\\\/\\\/www.kellerwest.com\\\/#organization\",\"name\":\"Keller West\",\"url\":\"https:\\\/\\\/www.kellerwest.com\\\/\",\"logo\":{\"@type\":\"ImageObject\",\"inLanguage\":\"de-DE\",\"@id\":\"https:\\\/\\\/www.kellerwest.com\\\/#\\\/schema\\\/logo\\\/image\\\/\",\"url\":\"https:\\\/\\\/www.kellerwest.com\\\/wp-content\\\/uploads\\\/2023\\\/09\\\/Opengraph-Image-72.jpg\",\"contentUrl\":\"https:\\\/\\\/www.kellerwest.com\\\/wp-content\\\/uploads\\\/2023\\\/09\\\/Opengraph-Image-72.jpg\",\"width\":1024,\"height\":639,\"caption\":\"Keller West\"},\"image\":{\"@id\":\"https:\\\/\\\/www.kellerwest.com\\\/#\\\/schema\\\/logo\\\/image\\\/\"},\"sameAs\":[\"https:\\\/\\\/www.linkedin.com\\\/company\\\/keller-west\"]}]}<\/script>\n<!-- \/ Yoast SEO Premium plugin. -->","yoast_head_json":{"title":"IT-Personalvermittlung f\u00fcr Banking und Financial Services | Keller West","description":"Erfahren Sie, wie wir Unternehmen aus dem Bereich Banking und Financial Services in der gesamten DACH-Region mit unserer Personalberatung unterst\u00fctzen.","robots":{"index":"index","follow":"follow","max-snippet":"max-snippet:-1","max-image-preview":"max-image-preview:large","max-video-preview":"max-video-preview:-1"},"canonical":"https:\/\/www.kellerwest.com\/de\/banking-und-financial-services\/","og_locale":"de_DE","og_type":"article","og_title":"Banking und Financial Services","og_description":"Erfahren Sie, wie wir Unternehmen aus dem Bereich Banking und Financial Services in der gesamten DACH-Region mit unserer Personalberatung unterst\u00fctzen.","og_url":"https:\/\/www.kellerwest.com\/de\/banking-und-financial-services\/","og_site_name":"Keller West","article_modified_time":"2024-07-19T14:43:40+00:00","og_image":[{"url":"https:\/\/www.kellerwest.com\/wp-content\/uploads\/2022\/03\/Banking-and-financial-services-1024x689.jpg","type":"","width":"","height":""}],"twitter_card":"summary_large_image","twitter_misc":{"Est. reading time":"3 minutes"},"schema":{"@context":"https:\/\/schema.org","@graph":[{"@type":"WebPage","@id":"https:\/\/www.kellerwest.com\/de\/banking-und-financial-services\/","url":"https:\/\/www.kellerwest.com\/de\/banking-und-financial-services\/","name":"IT-Personalvermittlung f\u00fcr Banking und Financial Services | Keller West","isPartOf":{"@id":"https:\/\/www.kellerwest.com\/#website"},"primaryImageOfPage":{"@id":"https:\/\/www.kellerwest.com\/de\/banking-und-financial-services\/#primaryimage"},"image":{"@id":"https:\/\/www.kellerwest.com\/de\/banking-und-financial-services\/#primaryimage"},"thumbnailUrl":"https:\/\/www.kellerwest.com\/wp-content\/uploads\/2022\/03\/Banking-and-financial-services-1024x689.jpg","datePublished":"2022-07-04T18:33:25+00:00","dateModified":"2024-07-19T14:43:40+00:00","description":"Erfahren Sie, wie wir Unternehmen aus dem Bereich Banking und Financial Services in der gesamten DACH-Region mit unserer Personalberatung unterst\u00fctzen.","breadcrumb":{"@id":"https:\/\/www.kellerwest.com\/de\/banking-und-financial-services\/#breadcrumb"},"inLanguage":"de-DE","potentialAction":[{"@type":"ReadAction","target":["https:\/\/www.kellerwest.com\/de\/banking-und-financial-services\/"]}]},{"@type":"ImageObject","inLanguage":"de-DE","@id":"https:\/\/www.kellerwest.com\/de\/banking-und-financial-services\/#primaryimage","url":"https:\/\/www.kellerwest.com\/wp-content\/uploads\/2022\/03\/Banking-and-financial-services-1024x689.jpg","contentUrl":"https:\/\/www.kellerwest.com\/wp-content\/uploads\/2022\/03\/Banking-and-financial-services-1024x689.jpg"},{"@type":"BreadcrumbList","@id":"https:\/\/www.kellerwest.com\/de\/banking-und-financial-services\/#breadcrumb","itemListElement":[{"@type":"ListItem","position":1,"name":"Home","item":"https:\/\/www.kellerwest.com\/de\/"},{"@type":"ListItem","position":2,"name":"Banking und Financial Services"}]},{"@type":"WebSite","@id":"https:\/\/www.kellerwest.com\/#website","url":"https:\/\/www.kellerwest.com\/","name":"Keller West","description":"Globale Expertise im IT-Recruitment","publisher":{"@id":"https:\/\/www.kellerwest.com\/#organization"},"potentialAction":[{"@type":"SearchAction","target":{"@type":"EntryPoint","urlTemplate":"https:\/\/www.kellerwest.com\/?s={search_term_string}"},"query-input":{"@type":"PropertyValueSpecification","valueRequired":true,"valueName":"search_term_string"}}],"inLanguage":"de-DE"},{"@type":"Organization","@id":"https:\/\/www.kellerwest.com\/#organization","name":"Keller West","url":"https:\/\/www.kellerwest.com\/","logo":{"@type":"ImageObject","inLanguage":"de-DE","@id":"https:\/\/www.kellerwest.com\/#\/schema\/logo\/image\/","url":"https:\/\/www.kellerwest.com\/wp-content\/uploads\/2023\/09\/Opengraph-Image-72.jpg","contentUrl":"https:\/\/www.kellerwest.com\/wp-content\/uploads\/2023\/09\/Opengraph-Image-72.jpg","width":1024,"height":639,"caption":"Keller West"},"image":{"@id":"https:\/\/www.kellerwest.com\/#\/schema\/logo\/image\/"},"sameAs":["https:\/\/www.linkedin.com\/company\/keller-west"]}]}},"_links":{"self":[{"href":"https:\/\/www.kellerwest.com\/de\/wp-json\/wp\/v2\/pages\/5670","targetHints":{"allow":["GET"]}}],"collection":[{"href":"https:\/\/www.kellerwest.com\/de\/wp-json\/wp\/v2\/pages"}],"about":[{"href":"https:\/\/www.kellerwest.com\/de\/wp-json\/wp\/v2\/types\/page"}],"author":[{"embeddable":true,"href":"https:\/\/www.kellerwest.com\/de\/wp-json\/wp\/v2\/users\/7"}],"replies":[{"embeddable":true,"href":"https:\/\/www.kellerwest.com\/de\/wp-json\/wp\/v2\/comments?post=5670"}],"version-history":[{"count":0,"href":"https:\/\/www.kellerwest.com\/de\/wp-json\/wp\/v2\/pages\/5670\/revisions"}],"wp:attachment":[{"href":"https:\/\/www.kellerwest.com\/de\/wp-json\/wp\/v2\/media?parent=5670"}],"curies":[{"name":"wp","href":"https:\/\/api.w.org\/{rel}","templated":true}]}}