{"id":5683,"date":"2022-07-04T18:33:37","date_gmt":"2022-07-04T18:33:37","guid":{"rendered":"https:\/\/kellerwest.wpenginepowered.com\/branchenexpertise\/"},"modified":"2024-07-12T12:20:52","modified_gmt":"2024-07-12T12:20:52","slug":"branchenexpertise","status":"publish","type":"page","link":"https:\/\/www.kellerwest.com\/de\/branchenexpertise\/","title":{"rendered":"Branchenexpertise"},"content":{"rendered":"\n<div class=\"wp-block-group alignfull is-style-default has-black-05-background-color has-background is-layout-constrained wp-block-group-is-layout-constrained\">\n<div class=\"wp-block-columns alignwide is-layout-flex wp-container-core-columns-is-layout-28f84493 wp-block-columns-is-layout-flex\">\n<div class=\"wp-block-column is-layout-flow wp-block-column-is-layout-flow\">\n<h1 class=\"wp-block-heading\" id=\"professional-services\">Branchen-expertise<\/h1>\n<\/div>\n\n\n\n<div class=\"wp-block-column is-layout-flow wp-block-column-is-layout-flow\">\n<p>Wir sind stolz darauf, mit einigen der spannendsten Unternehmen zusammenzuarbeiten und allen Arten von Unternehmen zu helfen, herausragende IT Professionals einzustellen.<\/p>\n<\/div>\n<\/div>\n<\/div>\n\n\n\n<div class=\"wp-block-group alignwide is-layout-flow wp-block-group-is-layout-flow\">\n<div class=\"wp-block-group alignwide is-layout-flow wp-block-group-is-layout-flow\">\n<div class=\"wp-block-columns is-layout-flex wp-container-core-columns-is-layout-28f84493 wp-block-columns-is-layout-flex\">\n<div class=\"wp-block-column is-layout-flow wp-block-column-is-layout-flow\">\n<div class=\"wp-block-group is-layout-flow wp-block-group-is-layout-flow\">\n<figure class=\"wp-block-image size-large\"><img loading=\"lazy\" decoding=\"async\" width=\"1024\" height=\"689\" src=\"https:\/\/www.kellerwest.com\/wp-content\/uploads\/2022\/03\/Banking-and-financial-services-1024x689.jpg\" alt=\"\" class=\"wp-image-1497\" srcset=\"https:\/\/www.kellerwest.com\/wp-content\/uploads\/2022\/03\/Banking-and-financial-services-1024x689.jpg 1024w, https:\/\/www.kellerwest.com\/wp-content\/uploads\/2022\/03\/Banking-and-financial-services-300x202.jpg 300w, https:\/\/www.kellerwest.com\/wp-content\/uploads\/2022\/03\/Banking-and-financial-services-768x517.jpg 768w, https:\/\/www.kellerwest.com\/wp-content\/uploads\/2022\/03\/Banking-and-financial-services-1536x1034.jpg 1536w, https:\/\/www.kellerwest.com\/wp-content\/uploads\/2022\/03\/Banking-and-financial-services.jpg 1634w\" sizes=\"(max-width: 1024px) 100vw, 1024px\" \/><\/figure>\n\n\n\n<h2 class=\"wp-block-heading has-large-font-size\" id=\"specialist-recruitment\">Banking und Financial Services<\/h2>\n\n\n\n<p class=\"has-normal-font-size\">Wir unterst\u00fctzen Unternehmen und IT Professionals in einem breiten Spektrum von Banking und Professional Services und bieten Personalvermittlungsdienstleistungen f\u00fcr angehende Fintech-Start-ups, spannende Scale-up Unternehmen und einige der weltweit gr\u00f6\u00dften Konzerne.<\/p>\n\n\n\n<div class=\"wp-block-buttons is-layout-flex wp-block-buttons-is-layout-flex\">\n<div class=\"wp-block-button is-style-underline\"><a class=\"wp-block-button__link wp-element-button\" href=\"https:\/\/www.kellerwest.com\/de\/banking-und-financial-services\/\">Mehr dazu<\/a><\/div>\n<\/div>\n<\/div>\n<\/div>\n\n\n\n<div class=\"wp-block-column is-layout-flow wp-block-column-is-layout-flow\">\n<div class=\"wp-block-group is-layout-flow wp-block-group-is-layout-flow\">\n<figure class=\"wp-block-image size-large\"><img loading=\"lazy\" decoding=\"async\" width=\"1024\" height=\"683\" src=\"https:\/\/www.kellerwest.com\/wp-content\/uploads\/2023\/09\/iStock-1457236761-min-1024x683.jpg\" alt=\"\" class=\"wp-image-61853\" srcset=\"https:\/\/www.kellerwest.com\/wp-content\/uploads\/2023\/09\/iStock-1457236761-min-1024x683.jpg 1024w, https:\/\/www.kellerwest.com\/wp-content\/uploads\/2023\/09\/iStock-1457236761-min-300x200.jpg 300w, https:\/\/www.kellerwest.com\/wp-content\/uploads\/2023\/09\/iStock-1457236761-min-768x512.jpg 768w\" sizes=\"(max-width: 1024px) 100vw, 1024px\" \/><\/figure>\n\n\n\n<h2 class=\"wp-block-heading has-large-font-size\" id=\"specialist-recruitment\">Computer und Network Security<\/h2>\n\n\n\n<p>Wir bringen Unternehmen mit Spezialist*innen f\u00fcr Computer und Network Security zusammen, um sichere, effiziente und zuverl\u00e4ssige Netzwerkinfrastrukturen aufzubauen.<\/p>\n\n\n\n<div class=\"wp-block-buttons is-layout-flex wp-block-buttons-is-layout-flex\">\n<div class=\"wp-block-button is-style-underline\"><a class=\"wp-block-button__link wp-element-button\" href=\"https:\/\/www.kellerwest.com\/de\/computer-und-network-security\/\">Mehr dazu<\/a><\/div>\n<\/div>\n<\/div>\n<\/div>\n<\/div>\n<\/div>\n\n\n\n<div class=\"wp-block-group alignwide is-layout-flow wp-block-group-is-layout-flow\">\n<div class=\"wp-block-columns is-layout-flex wp-container-core-columns-is-layout-28f84493 wp-block-columns-is-layout-flex\">\n<div class=\"wp-block-column is-layout-flow wp-block-column-is-layout-flow\">\n<div class=\"wp-block-group is-layout-flow wp-block-group-is-layout-flow\">\n<figure class=\"wp-block-image size-large\"><img loading=\"lazy\" decoding=\"async\" width=\"1024\" height=\"683\" src=\"https:\/\/www.kellerwest.com\/wp-content\/uploads\/2023\/09\/iStock-518624725-1024x683.jpg\" alt=\"\" class=\"wp-image-61847\" srcset=\"https:\/\/www.kellerwest.com\/wp-content\/uploads\/2023\/09\/iStock-518624725-1024x683.jpg 1024w, https:\/\/www.kellerwest.com\/wp-content\/uploads\/2023\/09\/iStock-518624725-300x200.jpg 300w, https:\/\/www.kellerwest.com\/wp-content\/uploads\/2023\/09\/iStock-518624725-768x513.jpg 768w, https:\/\/www.kellerwest.com\/wp-content\/uploads\/2023\/09\/iStock-518624725-1536x1025.jpg 1536w, https:\/\/www.kellerwest.com\/wp-content\/uploads\/2023\/09\/iStock-518624725-2048x1367.jpg 2048w\" sizes=\"(max-width: 1024px) 100vw, 1024px\" \/><\/figure>\n\n\n\n<h2 class=\"wp-block-heading has-large-font-size\" id=\"specialist-recruitment\">IT<\/h2>\n\n\n\n<p>Wir bringen Unternehmen und IT Professionals aus allen Branchen zusammen, die f\u00fcr die Zukunft der IT brennen.<\/p>\n\n\n\n<div class=\"wp-block-buttons is-layout-flex wp-block-buttons-is-layout-flex\">\n<div class=\"wp-block-button is-style-underline\"><a class=\"wp-block-button__link wp-element-button\" href=\"https:\/\/www.kellerwest.com\/de\/informationstechnologie\/\">Mehr dazu<\/a><\/div>\n<\/div>\n<\/div>\n<\/div>\n\n\n\n<div class=\"wp-block-column is-layout-flow wp-block-column-is-layout-flow\">\n<div class=\"wp-block-group is-layout-flow wp-block-group-is-layout-flow\">\n<figure class=\"wp-block-image size-large\"><img loading=\"lazy\" decoding=\"async\" width=\"1024\" height=\"683\" src=\"https:\/\/www.kellerwest.com\/wp-content\/uploads\/2023\/09\/iStock-909472620-1024x683.jpg\" alt=\"\" class=\"wp-image-61850\" srcset=\"https:\/\/www.kellerwest.com\/wp-content\/uploads\/2023\/09\/iStock-909472620-1024x683.jpg 1024w, https:\/\/www.kellerwest.com\/wp-content\/uploads\/2023\/09\/iStock-909472620-300x200.jpg 300w, https:\/\/www.kellerwest.com\/wp-content\/uploads\/2023\/09\/iStock-909472620-768x512.jpg 768w, https:\/\/www.kellerwest.com\/wp-content\/uploads\/2023\/09\/iStock-909472620-1536x1024.jpg 1536w, https:\/\/www.kellerwest.com\/wp-content\/uploads\/2023\/09\/iStock-909472620-2048x1365.jpg 2048w\" sizes=\"(max-width: 1024px) 100vw, 1024px\" \/><\/figure>\n\n\n\n<h2 class=\"wp-block-heading has-large-font-size\" id=\"specialist-recruitment\">Professional Services<\/h2>\n\n\n\n<p class=\"has-normal-font-size\">Wir unterst\u00fctzen Unternehmen und IT Fachkr\u00e4fte in allen Branchen der Professional Services, indem wir Personalvermittler*innen f\u00fcr Boutique Beratungsunternehmen bis hin zu globalen Wirtschaftspr\u00fcfungsgesellschaften bereitstellen.<\/p>\n\n\n\n<div class=\"wp-block-buttons is-layout-flex wp-block-buttons-is-layout-flex\">\n<div class=\"wp-block-button is-style-underline\"><a class=\"wp-block-button__link wp-element-button\" href=\"https:\/\/www.kellerwest.com\/de\/professional-services\/\">Mehr dazu<\/a><\/div>\n<\/div>\n<\/div>\n<\/div>\n<\/div>\n<\/div>\n<\/div>\n\n\n\n\t<div class=\"hd-block hd-block-people alignwide is-slider\" id=\"block_2563352c3a06160bc5df69a919661c54\" data-total=\"1\">\n\n\t\t\n\t\t\t<div class=\"eyebrow-group\">\n\n\t\t\t\t\t\t\t\t\t<h3 class=\"hd-block-job__title is-style-eyebrow eyebrow-group__title\">Unsere Consultants<\/h3>\n\t\t\t\t\t\t\t\t\t\t<div class=\"wp-block-button is-style-arrow eyebrow-group__button\">\n\t\t\t\t\t\t<a class=\"hd-block-people__button button wp-block-button__link eyebrow-group__link\" href=\"https:\/\/www.kellerwest.com\/de\/consultants\/\">Unser Team<\/a>\n\t\t\t\t\t<\/div>\t\n\t\t\t\t\t\n\t\t\t<\/div>\n\n\t\t\t\n\t\t<div class=\"cards cards--people\">\n\n\t\t\t\n<div class=\"card card--person post-64730 hd_person type-hd_person status-publish has-post-thumbnail hentry hd_person_location-germany\" id=\"block_2563352c3a06160bc5df69a919661c54-person-64730\">\n\n\t<div class=\"card--person__inner\">\n\n\t\t\n\t\t\t<figure class=\"card__image-wrapper\">\n\t\t\t\t<a href=\"https:\/\/www.kellerwest.com\/de\/consultants\/rachael-crocker\/\"><img loading=\"lazy\" decoding=\"async\" width=\"300\" height=\"300\" src=\"https:\/\/www.kellerwest.com\/wp-content\/uploads\/2025\/04\/Rachael-Crocker-1-300x300.jpg\" class=\"card__image test\" alt=\"\" sizes=\"(max-width: 600px) 100vw, (max-width: 781px) 50vw, (max-width: 1023px) 40vw, (max-width: 1200px) 25vw, 370px\" srcset=\"https:\/\/www.kellerwest.com\/wp-content\/uploads\/2025\/04\/Rachael-Crocker-1-300x300.jpg 300w, https:\/\/www.kellerwest.com\/wp-content\/uploads\/2025\/04\/Rachael-Crocker-1-150x150.jpg 150w, https:\/\/www.kellerwest.com\/wp-content\/uploads\/2025\/04\/Rachael-Crocker-1-768x768.jpg 768w, https:\/\/www.kellerwest.com\/wp-content\/uploads\/2025\/04\/Rachael-Crocker-1.jpg 1000w\" \/><\/a>\t\t\t<\/figure>\n\n\t\t\t\t\t\t<div class=\"card__titles\">\n\t\t\t\t\t\t\t<h2 class=\"card__title\"><a href=\"https:\/\/www.kellerwest.com\/de\/consultants\/rachael-crocker\/\">Rachael Crocker<\/a><\/h2>\n\t\t\t\t\t\t\t\t<h3 class=\"card__subtitle\"><a href=\"https:\/\/www.kellerwest.com\/de\/consultants\/rachael-crocker\/\">Managing Director | Head of Europe<\/a><\/h3>\n\t\t\t\t\t\t\t<\/div>\n\t\t\t\t\t\t<div class=\"card__location\">Germany<\/div>\n\t\t\t\t\t\t<div class=\"card__email\">\n\t\t\t\t<a class=\"card__contact-link card__contact-link--email\" href=\"mailto:rachaelcrocker@thesrgroup.com\">rachaelcrocker@thesrgroup.com<\/a>\n\t\t\t<\/div>\n\t\t\t\t\t\t<div class=\"card__tel\">\n\t\t\t\t<a class=\"card__contact-link card__contact-link--tel\" href=\"tel:+31208886271\">+31 20 888 6271<\/a>\n\t\t\t<\/div>\n\t\t\t\t\t\t<div class=\"card__linkedin\">\n\t\t\t\t<a class=\"card__contact-link card__contact-link--linkedin\" target=\"_blank\" href=\"https:\/\/www.linkedin.com\/in\/rachaeldcrocker\/\">Connect<\/a>\n\t\t\t<\/div>\n\t\t\t\n\t<\/div>\n\n<\/div>\n\n\n\t\t<\/div>\n\n\t<\/div>\n\n\t\n\n\n<div class=\"wp-block-group alignfull has-white-color has-brand-1-background-color has-text-color has-background is-layout-constrained wp-block-group-is-layout-constrained\">\n<div class=\"wp-block-group alignwide is-layout-flow wp-block-group-is-layout-flow\">\n<h2 class=\"wp-block-heading is-style-eyebrow-no-border\" id=\"interested-in-learning-more\">Sie m\u00f6chten mehr erfahren?<\/h2>\n\n\n\n<div class=\"wp-block-buttons is-layout-flex wp-block-buttons-is-layout-flex\">\n<div class=\"wp-block-button is-style-cta-arrow\"><a class=\"wp-block-button__link has-white-color has-text-color wp-element-button\" href=\"https:\/\/www.kellerwest.com\/de\/kontakt\/\">Kontaktieren Sie uns noch heute<\/a><\/div>\n<\/div>\n<\/div>\n<\/div>\n","protected":false},"excerpt":{"rendered":"<p>Branchen-expertise Wir sind stolz darauf, mit einigen der spannendsten Unternehmen zusammenzuarbeiten und allen Arten von Unternehmen zu helfen, herausragende IT Professionals einzustellen. Banking und Financial Services Wir unterst\u00fctzen Unternehmen und IT Professionals in einem breiten Spektrum von Banking und Professional Services und bieten Personalvermittlungsdienstleistungen f\u00fcr angehende Fintech-Start-ups, spannende Scale-up Unternehmen und einige der weltweit gr\u00f6\u00dften [&hellip;]<\/p>\n","protected":false},"author":7,"featured_media":0,"parent":0,"menu_order":0,"comment_status":"closed","ping_status":"closed","template":"","meta":{"_acf_changed":true,"footnotes":""},"class_list":["post-5683","page","type-page","status-publish","hentry"],"acf":[],"yoast_head":"<!-- This site is optimized with the Yoast SEO Premium plugin v25.4 (Yoast SEO v27.5) - https:\/\/yoast.com\/product\/yoast-seo-premium-wordpress\/ -->\n<title>Branchenexpertise - Keller West<\/title>\n<meta name=\"description\" content=\"Branchen die mit denen wir zusammenarbeiten und die wir unterst\u00fctzen, um professionelle IT Services in der DACH-Region anzubieten\" \/>\n<meta name=\"robots\" content=\"index, follow, max-snippet:-1, max-image-preview:large, max-video-preview:-1\" \/>\n<link rel=\"canonical\" href=\"https:\/\/www.kellerwest.com\/de\/branchenexpertise\/\" \/>\n<meta property=\"og:locale\" content=\"de_DE\" \/>\n<meta property=\"og:type\" content=\"article\" \/>\n<meta property=\"og:title\" content=\"Branchenexpertise\" \/>\n<meta property=\"og:description\" content=\"Branchen die mit denen wir zusammenarbeiten und die wir unterst\u00fctzen, um professionelle IT Services in der DACH-Region anzubieten\" \/>\n<meta property=\"og:url\" content=\"https:\/\/www.kellerwest.com\/de\/branchenexpertise\/\" \/>\n<meta property=\"og:site_name\" content=\"Keller West\" \/>\n<meta property=\"article:modified_time\" content=\"2024-07-12T12:20:52+00:00\" \/>\n<meta property=\"og:image\" content=\"https:\/\/www.kellerwest.com\/wp-content\/uploads\/2022\/03\/Banking-and-financial-services-1024x689.jpg\" \/>\n<meta name=\"twitter:card\" content=\"summary_large_image\" \/>\n<meta name=\"twitter:label1\" content=\"Est. reading time\" \/>\n\t<meta name=\"twitter:data1\" content=\"2 minutes\" \/>\n<script type=\"application\/ld+json\" class=\"yoast-schema-graph\">{\"@context\":\"https:\\\/\\\/schema.org\",\"@graph\":[{\"@type\":\"WebPage\",\"@id\":\"https:\\\/\\\/www.kellerwest.com\\\/de\\\/branchenexpertise\\\/\",\"url\":\"https:\\\/\\\/www.kellerwest.com\\\/de\\\/branchenexpertise\\\/\",\"name\":\"Branchenexpertise - Keller West\",\"isPartOf\":{\"@id\":\"https:\\\/\\\/www.kellerwest.com\\\/#website\"},\"primaryImageOfPage\":{\"@id\":\"https:\\\/\\\/www.kellerwest.com\\\/de\\\/branchenexpertise\\\/#primaryimage\"},\"image\":{\"@id\":\"https:\\\/\\\/www.kellerwest.com\\\/de\\\/branchenexpertise\\\/#primaryimage\"},\"thumbnailUrl\":\"https:\\\/\\\/www.kellerwest.com\\\/wp-content\\\/uploads\\\/2022\\\/03\\\/Banking-and-financial-services-1024x689.jpg\",\"datePublished\":\"2022-07-04T18:33:37+00:00\",\"dateModified\":\"2024-07-12T12:20:52+00:00\",\"description\":\"Branchen die mit denen wir zusammenarbeiten und die wir unterst\u00fctzen, um professionelle IT Services in der DACH-Region anzubieten\",\"breadcrumb\":{\"@id\":\"https:\\\/\\\/www.kellerwest.com\\\/de\\\/branchenexpertise\\\/#breadcrumb\"},\"inLanguage\":\"de-DE\",\"potentialAction\":[{\"@type\":\"ReadAction\",\"target\":[\"https:\\\/\\\/www.kellerwest.com\\\/de\\\/branchenexpertise\\\/\"]}]},{\"@type\":\"ImageObject\",\"inLanguage\":\"de-DE\",\"@id\":\"https:\\\/\\\/www.kellerwest.com\\\/de\\\/branchenexpertise\\\/#primaryimage\",\"url\":\"https:\\\/\\\/www.kellerwest.com\\\/wp-content\\\/uploads\\\/2022\\\/03\\\/Banking-and-financial-services-1024x689.jpg\",\"contentUrl\":\"https:\\\/\\\/www.kellerwest.com\\\/wp-content\\\/uploads\\\/2022\\\/03\\\/Banking-and-financial-services-1024x689.jpg\"},{\"@type\":\"BreadcrumbList\",\"@id\":\"https:\\\/\\\/www.kellerwest.com\\\/de\\\/branchenexpertise\\\/#breadcrumb\",\"itemListElement\":[{\"@type\":\"ListItem\",\"position\":1,\"name\":\"Home\",\"item\":\"https:\\\/\\\/www.kellerwest.com\\\/de\\\/\"},{\"@type\":\"ListItem\",\"position\":2,\"name\":\"Branchenexpertise\"}]},{\"@type\":\"WebSite\",\"@id\":\"https:\\\/\\\/www.kellerwest.com\\\/#website\",\"url\":\"https:\\\/\\\/www.kellerwest.com\\\/\",\"name\":\"Keller West\",\"description\":\"Globale Expertise im IT-Recruitment\",\"publisher\":{\"@id\":\"https:\\\/\\\/www.kellerwest.com\\\/#organization\"},\"potentialAction\":[{\"@type\":\"SearchAction\",\"target\":{\"@type\":\"EntryPoint\",\"urlTemplate\":\"https:\\\/\\\/www.kellerwest.com\\\/?s={search_term_string}\"},\"query-input\":{\"@type\":\"PropertyValueSpecification\",\"valueRequired\":true,\"valueName\":\"search_term_string\"}}],\"inLanguage\":\"de-DE\"},{\"@type\":\"Organization\",\"@id\":\"https:\\\/\\\/www.kellerwest.com\\\/#organization\",\"name\":\"Keller West\",\"url\":\"https:\\\/\\\/www.kellerwest.com\\\/\",\"logo\":{\"@type\":\"ImageObject\",\"inLanguage\":\"de-DE\",\"@id\":\"https:\\\/\\\/www.kellerwest.com\\\/#\\\/schema\\\/logo\\\/image\\\/\",\"url\":\"https:\\\/\\\/www.kellerwest.com\\\/wp-content\\\/uploads\\\/2023\\\/09\\\/Opengraph-Image-72.jpg\",\"contentUrl\":\"https:\\\/\\\/www.kellerwest.com\\\/wp-content\\\/uploads\\\/2023\\\/09\\\/Opengraph-Image-72.jpg\",\"width\":1024,\"height\":639,\"caption\":\"Keller West\"},\"image\":{\"@id\":\"https:\\\/\\\/www.kellerwest.com\\\/#\\\/schema\\\/logo\\\/image\\\/\"},\"sameAs\":[\"https:\\\/\\\/www.linkedin.com\\\/company\\\/keller-west\"]}]}<\/script>\n<!-- \/ Yoast SEO Premium plugin. -->","yoast_head_json":{"title":"Branchenexpertise - Keller West","description":"Branchen die mit denen wir zusammenarbeiten und die wir unterst\u00fctzen, um professionelle IT Services in der DACH-Region anzubieten","robots":{"index":"index","follow":"follow","max-snippet":"max-snippet:-1","max-image-preview":"max-image-preview:large","max-video-preview":"max-video-preview:-1"},"canonical":"https:\/\/www.kellerwest.com\/de\/branchenexpertise\/","og_locale":"de_DE","og_type":"article","og_title":"Branchenexpertise","og_description":"Branchen die mit denen wir zusammenarbeiten und die wir unterst\u00fctzen, um professionelle IT Services in der DACH-Region anzubieten","og_url":"https:\/\/www.kellerwest.com\/de\/branchenexpertise\/","og_site_name":"Keller West","article_modified_time":"2024-07-12T12:20:52+00:00","og_image":[{"url":"https:\/\/www.kellerwest.com\/wp-content\/uploads\/2022\/03\/Banking-and-financial-services-1024x689.jpg","type":"","width":"","height":""}],"twitter_card":"summary_large_image","twitter_misc":{"Est. reading time":"2 minutes"},"schema":{"@context":"https:\/\/schema.org","@graph":[{"@type":"WebPage","@id":"https:\/\/www.kellerwest.com\/de\/branchenexpertise\/","url":"https:\/\/www.kellerwest.com\/de\/branchenexpertise\/","name":"Branchenexpertise - Keller West","isPartOf":{"@id":"https:\/\/www.kellerwest.com\/#website"},"primaryImageOfPage":{"@id":"https:\/\/www.kellerwest.com\/de\/branchenexpertise\/#primaryimage"},"image":{"@id":"https:\/\/www.kellerwest.com\/de\/branchenexpertise\/#primaryimage"},"thumbnailUrl":"https:\/\/www.kellerwest.com\/wp-content\/uploads\/2022\/03\/Banking-and-financial-services-1024x689.jpg","datePublished":"2022-07-04T18:33:37+00:00","dateModified":"2024-07-12T12:20:52+00:00","description":"Branchen die mit denen wir zusammenarbeiten und die wir unterst\u00fctzen, um professionelle IT Services in der DACH-Region anzubieten","breadcrumb":{"@id":"https:\/\/www.kellerwest.com\/de\/branchenexpertise\/#breadcrumb"},"inLanguage":"de-DE","potentialAction":[{"@type":"ReadAction","target":["https:\/\/www.kellerwest.com\/de\/branchenexpertise\/"]}]},{"@type":"ImageObject","inLanguage":"de-DE","@id":"https:\/\/www.kellerwest.com\/de\/branchenexpertise\/#primaryimage","url":"https:\/\/www.kellerwest.com\/wp-content\/uploads\/2022\/03\/Banking-and-financial-services-1024x689.jpg","contentUrl":"https:\/\/www.kellerwest.com\/wp-content\/uploads\/2022\/03\/Banking-and-financial-services-1024x689.jpg"},{"@type":"BreadcrumbList","@id":"https:\/\/www.kellerwest.com\/de\/branchenexpertise\/#breadcrumb","itemListElement":[{"@type":"ListItem","position":1,"name":"Home","item":"https:\/\/www.kellerwest.com\/de\/"},{"@type":"ListItem","position":2,"name":"Branchenexpertise"}]},{"@type":"WebSite","@id":"https:\/\/www.kellerwest.com\/#website","url":"https:\/\/www.kellerwest.com\/","name":"Keller West","description":"Globale Expertise im IT-Recruitment","publisher":{"@id":"https:\/\/www.kellerwest.com\/#organization"},"potentialAction":[{"@type":"SearchAction","target":{"@type":"EntryPoint","urlTemplate":"https:\/\/www.kellerwest.com\/?s={search_term_string}"},"query-input":{"@type":"PropertyValueSpecification","valueRequired":true,"valueName":"search_term_string"}}],"inLanguage":"de-DE"},{"@type":"Organization","@id":"https:\/\/www.kellerwest.com\/#organization","name":"Keller West","url":"https:\/\/www.kellerwest.com\/","logo":{"@type":"ImageObject","inLanguage":"de-DE","@id":"https:\/\/www.kellerwest.com\/#\/schema\/logo\/image\/","url":"https:\/\/www.kellerwest.com\/wp-content\/uploads\/2023\/09\/Opengraph-Image-72.jpg","contentUrl":"https:\/\/www.kellerwest.com\/wp-content\/uploads\/2023\/09\/Opengraph-Image-72.jpg","width":1024,"height":639,"caption":"Keller West"},"image":{"@id":"https:\/\/www.kellerwest.com\/#\/schema\/logo\/image\/"},"sameAs":["https:\/\/www.linkedin.com\/company\/keller-west"]}]}},"_links":{"self":[{"href":"https:\/\/www.kellerwest.com\/de\/wp-json\/wp\/v2\/pages\/5683","targetHints":{"allow":["GET"]}}],"collection":[{"href":"https:\/\/www.kellerwest.com\/de\/wp-json\/wp\/v2\/pages"}],"about":[{"href":"https:\/\/www.kellerwest.com\/de\/wp-json\/wp\/v2\/types\/page"}],"author":[{"embeddable":true,"href":"https:\/\/www.kellerwest.com\/de\/wp-json\/wp\/v2\/users\/7"}],"replies":[{"embeddable":true,"href":"https:\/\/www.kellerwest.com\/de\/wp-json\/wp\/v2\/comments?post=5683"}],"version-history":[{"count":0,"href":"https:\/\/www.kellerwest.com\/de\/wp-json\/wp\/v2\/pages\/5683\/revisions"}],"wp:attachment":[{"href":"https:\/\/www.kellerwest.com\/de\/wp-json\/wp\/v2\/media?parent=5683"}],"curies":[{"name":"wp","href":"https:\/\/api.w.org\/{rel}","templated":true}]}}