{"id":5702,"date":"2022-07-04T18:33:56","date_gmt":"2022-07-04T18:33:56","guid":{"rendered":"https:\/\/kellerwest.wpenginepowered.com\/faqs-fuer-kandidatinnen\/"},"modified":"2024-07-19T14:29:37","modified_gmt":"2024-07-19T14:29:37","slug":"faqs-fuer-kandidatinnen","status":"publish","type":"page","link":"https:\/\/www.kellerwest.com\/de\/faqs-fuer-kandidatinnen\/","title":{"rendered":"FAQs f\u00fcr Kandidat*innen"},"content":{"rendered":"\n<div class=\"wp-block-group alignfull has-black-05-background-color has-background is-layout-constrained wp-block-group-is-layout-constrained\">\n<div class=\"wp-block-columns alignwide is-layout-flex wp-container-core-columns-is-layout-28f84493 wp-block-columns-is-layout-flex\">\n<div class=\"wp-block-column is-layout-flow wp-block-column-is-layout-flow\">\n<h1 class=\"wp-block-heading\" id=\"professional-services\">H\u00e4ufig gestellte Fragen<\/h1>\n\n\n\n<p><\/p>\n<\/div>\n<\/div>\n<\/div>\n\n\n\n<div class=\"wp-block-media-text alignwide is-stacked-on-mobile has-media-on-the-right\"><figure class=\"wp-block-media-text__media\"><img loading=\"lazy\" decoding=\"async\" width=\"1024\" height=\"657\" src=\"https:\/\/www.kellerwest.com\/wp-content\/uploads\/2022\/03\/iStock-841180016-1024x657.jpg\" alt=\"\" class=\"wp-image-1859 size-full\" srcset=\"https:\/\/www.kellerwest.com\/wp-content\/uploads\/2022\/03\/iStock-841180016-1024x657.jpg 1024w, https:\/\/www.kellerwest.com\/wp-content\/uploads\/2022\/03\/iStock-841180016-300x192.jpg 300w, https:\/\/www.kellerwest.com\/wp-content\/uploads\/2022\/03\/iStock-841180016-768x493.jpg 768w, https:\/\/www.kellerwest.com\/wp-content\/uploads\/2022\/03\/iStock-841180016-1536x985.jpg 1536w, https:\/\/www.kellerwest.com\/wp-content\/uploads\/2022\/03\/iStock-841180016-2048x1314.jpg 2048w\" sizes=\"(max-width: 1024px) 100vw, 1024px\" \/><\/figure><div class=\"wp-block-media-text__content\">\n<h2 class=\"wp-block-heading is-style-eyebrow-no-border\" id=\"explore-professional-services\">Mehr zu unseren Recruitmentservices<\/h2>\n\n\n\n<div class=\"wp-block-buttons is-layout-flex wp-block-buttons-is-layout-flex\">\n<div class=\"wp-block-button is-style-arrow\"><a class=\"wp-block-button__link has-white-background-color has-background wp-element-button\" href=\"https:\/\/www.kellerwest.com\/de\/jobs\/\">Jobs<\/a><\/div>\n\n\n\n<div class=\"wp-block-button is-style-arrow\"><a class=\"wp-block-button__link has-white-background-color has-background wp-element-button\" href=\"https:\/\/www.kellerwest.com\/de\/kontakt\/\">Nehmen Sie Kontakt mit uns auf<\/a><\/div>\n<\/div>\n\n\n\n<hr class=\"wp-block-separator has-text-color has-black-05-color has-css-opacity has-black-05-background-color has-background is-style-divider\"\/>\n\n\n\n<p>Wir haben die beliebtesten Fragen zusammengestellt, die uns von Kandidat*innen gestellt werden, um Sie mit Ihnen zu teilen. Wenn Sie weitere Fragen haben oder mehr erfahren m\u00f6chten, setzen <a href=\"https:\/\/www.kellerwest.com\/de\/kontakt\/\">Sie<\/a> sich bitte mit unserem Team in Verbindung.<\/p>\n\n\n\n<p>W\u00e4hlen Sie eine der unten stehenden Fragen aus, um mehr zu erfahren.<\/p>\n<\/div><\/div>\n\n\n\n<div class=\"wp-block-group alignwide is-layout-flow wp-block-group-is-layout-flow\">\n<h2 class=\"wp-block-heading alignwide is-style-eyebrow\" id=\"roles-we-recruit\">FAQS<\/h2>\n\n\n\n\t<div class=\"hd-block hd-block-accordion-row\" id=\"block_89d4b64fd26bc14bc01b58acdecdb867\">\n\n\t\t<h3 class=\"hd-block-accordion-row__title\">Sollte ich meine K\u00fcndigung einreichen, bevor ich eine andere Stelle finde? <\/h3>\n\n\t\t<div class=\"hd-block-accordion-row__content\">\n\n<p>Sie sollten grunds\u00e4tzlich sicher sein, dass Sie eine neue Stelle haben, bevor Sie Ihre derzeitige Stelle k\u00fcndigen. Das gibt Ihnen Sicherheit, falls w\u00e4hrend des Bewerbungsverfahrens etwas schief geht. Aber alle Situationen sind unterschiedlich. Wenn Sie eine l\u00e4ngere Pause zwischen zwei Positionen einlegen m\u00f6chten, k\u00f6nnen Sie die K\u00fcndigung auch schon fr\u00fcher einreichen. Letztendlich sollten Sie genau \u00fcber Ihre aktuelle Situation nachdenken und entsprechend planen.<\/p>\n\n<\/div>\n\n\t<\/div>\n\n\t\n\n\n\t<div class=\"hd-block hd-block-accordion-row\" id=\"block_ffea9427afc6b12015c6c92555e6e433\">\n\n\t\t<h3 class=\"hd-block-accordion-row__title\">Wie reiche ich meine K\u00fcndigung am besten ein? <\/h3>\n\n\t\t<div class=\"hd-block-accordion-row__content\">\n\n<p>Schauen Sie in Ihrem Vertrag nach Ihrer K\u00fcndigungsfrist &#8211; informieren Sie Ihre Vorgesetzten rechtzeitig und f\u00fchren Sie ein ehrliches Gespr\u00e4ch. Rei\u00dfen Sie keine Br\u00fccken ein, und bedanken Sie sich f\u00fcr die Zeit und die Unterst\u00fctzung. Wenn es mit Ihrer HR Abteilung etwas zu kl\u00e4ren gibt, sollten Sie das in Ihrem K\u00fcndigungsgespr\u00e4ch erw\u00e4hnen.<\/p>\n\n<\/div>\n\n\t<\/div>\n\n\t\n\n\n\t<div class=\"hd-block hd-block-accordion-row\" id=\"block_0f2fdc7ac3bc7fd661339fb05a4f69b3\">\n\n\t\t<h3 class=\"hd-block-accordion-row__title\">Wie kann ich sicher sein, dass Sie meine Interessen vertreten, wenn Sie mehrere Personen in diesem Verfahren repr\u00e4sentieren?<\/h3>\n\n\t\t<div class=\"hd-block-accordion-row__content\">\n\n<p>Als Berater*innen bei Keller West ist es f\u00fcr uns selbstverst\u00e4ndlich, dass wir gegen\u00fcber allen Kandidat*innen unvoreingenommen sind. Unser Ziel ist es, Ihnen und anderen Kandidat*innen Positionen zu vermitteln, die f\u00fcr Sie und unsere Partnerunternehmen am besten geeignet sind. Auf diese Weise haben alle Kandidat*innen die gleichen Ausgangsbedingungen.<\/p>\n\n<\/div>\n\n\t<\/div>\n\n\t\n\n\n\t<div class=\"hd-block hd-block-accordion-row\" id=\"block_c6f93408e5abdcffbdb79bc68132cb8d\">\n\n\t\t<h3 class=\"hd-block-accordion-row__title\">Was kann ich tun, wenn ich wei\u00df, dass ich unterbezahlt bin?<\/h3>\n\n\t\t<div class=\"hd-block-accordion-row__content\">\n\n<p>F\u00fchren Sie eine Marktforschung durch, indem Sie sich Gehaltslisten ansehen und scheuen Sie sich nicht, mit Ihren Kolleg*innen \u00fcber Geh\u00e4lter zu sprechen. Wenn Sie der Meinung sind, dass Sie unterbezahlt sind, sollten Sie ihren Vorgesetzen schildern, welche Arbeit Sie derzeit leisten und bereits geleistet haben, und ihnen die Geh\u00e4lter \u00e4hnlicher Positionen zeigen. <\/p>\n\n<\/div>\n\n\t<\/div>\n\n\t\n\n\n\t<div class=\"hd-block hd-block-accordion-row\" id=\"block_8738986ff167b03b6b4397046d299991\">\n\n\t\t<h3 class=\"hd-block-accordion-row__title\">Wie fragt man am besten nach einer Gehaltserh\u00f6hung?<\/h3>\n\n\t\t<div class=\"hd-block-accordion-row__content\">\n\n<p>Eine Gehaltserh\u00f6hung zu verlangen, kann wie eine entmutigende Aufgabe erscheinen, aber es kann sich lohnen. Sprechen Sie mit Ihrer Managerin oder ihrem Manager \u00fcber Ihre Absicht, eine Gehaltserh\u00f6hung zu verlangen, und vereinbaren Sie ein Meeting. Bevor dieses Gespr\u00e4ch stattfindet, sollten Sie eine Liste Ihrer Erfolge und Leistungen in Ihrer derzeitigen Position vorbereiten, um Ihren Antrag zu untermauern. Als weitere Unterst\u00fctzung, sollten Sie Marktforschung betreiben, um die Geh\u00e4lter anderer Personen auf ihrem Level herauszufinden.<\/p>\n\n<\/div>\n\n\t<\/div>\n\n\t\n\n\n\t<div class=\"hd-block hd-block-accordion-row\" id=\"block_2e55e80a5c87bbce230b36e3e6b2cb5d\">\n\n\t\t<h3 class=\"hd-block-accordion-row__title\">Mit welchen Unternehmen arbeitet Keller West normalerweise zusammen?<\/h3>\n\n\t\t<div class=\"hd-block-accordion-row__content\">\n\n<p>Wir arbeiten mit einer Vielzahl von Unternehmen aus den Bereichen Banking und Financial Services, Professional Services, Computer und Network Security sowie Informationstechnologie zusammen. <\/p>\n\n<\/div>\n\n\t<\/div>\n\n\t\n\n\n\t<div class=\"hd-block hd-block-accordion-row\" id=\"block_9e9d802c9b400fe92f1c3db4ee891d7d\">\n\n\t\t<h3 class=\"hd-block-accordion-row__title\">Wie kann ich sicher sein, dass meine Jobsuche zu 100% vertraulich ist und nicht an mein arbeitgebendes Unternehmen weitergegeben wird, wenn es auch mit Ihnen arbeitet?<\/h3>\n\n\t\t<div class=\"hd-block-accordion-row__content\">\n\n<p>Unsere Teams halten sich an strenge Datenschutzgesetze, um Sie als Kandidat*in zu sch\u00fctzen. Die Conduct of Employment Agencies and Employment Business Regulations 2003 gew\u00e4hrleisten Diskretion und bedeuten, dass die Berater*innen, mit denen Sie sprechen, nicht ohne Ihre ausdr\u00fcckliche Zustimmung mitteilen d\u00fcrfen, dass Sie eine andere Stelle suchen.<\/p>\n\n<\/div>\n\n\t<\/div>\n\n\t\n\n\n\t<div class=\"hd-block hd-block-accordion-row\" id=\"block_0eb99e1b137533770ce05d970b4e6111\">\n\n\t\t<h3 class=\"hd-block-accordion-row__title\">Wie kann ich eine Bewerbung oder einen Lebenslauf besonders hervorheben?<\/h3>\n\n\t\t<div class=\"hd-block-accordion-row__content\">\n\n<p>Stellen Sie sicher, dass sich Ihr Lebenslauf und Ihre Bewerbung von anderen abheben, indem Sie diese entsprechend strukturieren und die wichtigsten Kompetenzen auff\u00fchren, die sich auf die Stelle beziehen, f\u00fcr die Sie sich bewerben. Unsere Personalberater*innen haben einen umfassenden Leitfaden zum <a href=\"https:\/\/www.kellerwest.com\/de\/cv-und-interview-tipps\/lebenslauf-ein-nutzlicher-leitfaden\/\">Aufbau eines Lebenslaufs<\/a> zusammengestellt.<\/p>\n\n<\/div>\n\n\t<\/div>\n\n\t\n\n\n\t<div class=\"hd-block hd-block-accordion-row\" id=\"block_2b112c8a340b6062bc88ed77971f2f0c\">\n\n\t\t<h3 class=\"hd-block-accordion-row__title\">Welche Vorkehrungen haben Sie getroffen, um den Zugang zum Bewerbungsverfahren zu erleichtern? <\/h3>\n\n\t\t<div class=\"hd-block-accordion-row__content\">\n\n<p>Keller West setzt sich daf\u00fcr ein, dass unsere Personalvermittlungsdienstleistungen f\u00fcr alle Menschen zug\u00e4nglich sind. Unsere B\u00fcros, Konferenzr\u00e4ume und Parkpl\u00e4tze sind alle barrierefrei und bieten Platz f\u00fcr umgebaute Fahrzeuge. Unsere Personalberater*innen bieten auch an sich an einem Standort Ihrer Wahl zu treffen und auch virtuelle Anrufe entgegennehmen. <\/p>\n\n<\/div>\n\n\t<\/div>\n\n\t\n\n\n\t<div class=\"hd-block hd-block-accordion-row\" id=\"block_f8844452a88b6e6e9492b79b07693d8b\">\n\n\t\t<h3 class=\"hd-block-accordion-row__title\">Wie kann ich sicher sein, dass Sie meine Daten nicht f\u00fcr Positionen weitergeben, \u00fcber die ich nicht informiert wurde? <\/h3>\n\n\t\t<div class=\"hd-block-accordion-row__content\">\n\n<p>Unsere Teams halten sich an strenge Datenschutzgesetze, um Sie als Kandidat*in zu sch\u00fctzen. Die Conduct of Employment Agencies and Employment Business Regulations 2003 gew\u00e4hrleisten Diskretion und bedeuten, dass die Berater*innen, mit denen Sie sprechen, nicht ohne Ihre ausdr\u00fcckliche Zustimmung mitteilen d\u00fcrfen, dass Sie eine andere Stelle suchen.<\/p>\n\n<\/div>\n\n\t<\/div>\n\n\t\n\n\n\t<div class=\"hd-block hd-block-accordion-row\" id=\"block_6618a153866f2497edb220de919563e4\">\n\n\t\t<h3 class=\"hd-block-accordion-row__title\">Wie kann ich mich f\u00fcr eine Position bewerben?<\/h3>\n\n\t\t<div class=\"hd-block-accordion-row__content\">\n\n<p>Nehmen Sie Kontakt mit <a href=\"https:\/\/www.kellerwest.com\/de\/consultants\/\">unseren Personalberater*innen <\/a>auf oder sehen Sie sich unsere <a href=\"https:\/\/www.kellerwest.com\/de\/jobs\/\">aktuellen Stellenangebote<\/a> an.<\/p>\n\n<\/div>\n\n\t<\/div>\n\n\t<\/div>\n\n\n\n<div class=\"wp-block-group alignfull has-white-color has-brand-1-background-color has-text-color has-background is-layout-constrained wp-block-group-is-layout-constrained\">\n<div class=\"wp-block-group alignwide is-layout-flow wp-block-group-is-layout-flow\">\n<h2 class=\"wp-block-heading is-style-eyebrow-no-border\" id=\"interested-in-learning-more\">Sie m\u00f6chten Talente einstellen?<\/h2>\n\n\n\n<div class=\"wp-block-buttons is-layout-flex wp-block-buttons-is-layout-flex\">\n<div class=\"wp-block-button is-style-cta-arrow\"><a class=\"wp-block-button__link has-white-color has-text-color wp-element-button\" href=\"https:\/\/www.kellerwest.com\/de\/kontakt\/\">Nehmen Sie Kontakt mit uns auf<\/a><\/div>\n<\/div>\n<\/div>\n<\/div>\n","protected":false},"excerpt":{"rendered":"<p>H\u00e4ufig gestellte Fragen FAQS Sie m\u00f6chten Talente einstellen?<\/p>\n","protected":false},"author":7,"featured_media":0,"parent":0,"menu_order":0,"comment_status":"closed","ping_status":"closed","template":"","meta":{"_acf_changed":false,"footnotes":""},"class_list":["post-5702","page","type-page","status-publish","hentry"],"acf":[],"yoast_head":"<!-- This site is optimized with the Yoast SEO Premium plugin v25.4 (Yoast SEO v27.5) - https:\/\/yoast.com\/product\/yoast-seo-premium-wordpress\/ -->\n<title>FAQs f\u00fcr Kandidat*innen - Keller West<\/title>\n<meta name=\"description\" content=\"Sehen Sie sich unsere h\u00e4ufig gestellten Fragen an, die Ihnen bei der Jobsuche helfen.\" \/>\n<meta name=\"robots\" content=\"index, follow, max-snippet:-1, max-image-preview:large, max-video-preview:-1\" \/>\n<link rel=\"canonical\" href=\"https:\/\/www.kellerwest.com\/de\/faqs-fuer-kandidatinnen\/\" \/>\n<meta property=\"og:locale\" content=\"de_DE\" \/>\n<meta property=\"og:type\" content=\"article\" \/>\n<meta property=\"og:title\" content=\"FAQs f\u00fcr Kandidat*innen\" \/>\n<meta property=\"og:description\" content=\"Sehen Sie sich unsere h\u00e4ufig gestellten Fragen an, die Ihnen bei der Jobsuche helfen.\" \/>\n<meta property=\"og:url\" content=\"https:\/\/www.kellerwest.com\/de\/faqs-fuer-kandidatinnen\/\" \/>\n<meta property=\"og:site_name\" content=\"Keller West\" \/>\n<meta property=\"article:modified_time\" content=\"2024-07-19T14:29:37+00:00\" \/>\n<meta property=\"og:image\" content=\"https:\/\/www.kellerwest.com\/wp-content\/uploads\/2022\/03\/iStock-841180016-1024x657.jpg\" \/>\n<meta name=\"twitter:card\" content=\"summary_large_image\" \/>\n<meta name=\"twitter:label1\" content=\"Est. reading time\" \/>\n\t<meta name=\"twitter:data1\" content=\"3 minutes\" \/>\n<script type=\"application\/ld+json\" class=\"yoast-schema-graph\">{\"@context\":\"https:\\\/\\\/schema.org\",\"@graph\":[{\"@type\":\"WebPage\",\"@id\":\"https:\\\/\\\/www.kellerwest.com\\\/de\\\/faqs-fuer-kandidatinnen\\\/\",\"url\":\"https:\\\/\\\/www.kellerwest.com\\\/de\\\/faqs-fuer-kandidatinnen\\\/\",\"name\":\"FAQs f\u00fcr Kandidat*innen - Keller West\",\"isPartOf\":{\"@id\":\"https:\\\/\\\/www.kellerwest.com\\\/#website\"},\"primaryImageOfPage\":{\"@id\":\"https:\\\/\\\/www.kellerwest.com\\\/de\\\/faqs-fuer-kandidatinnen\\\/#primaryimage\"},\"image\":{\"@id\":\"https:\\\/\\\/www.kellerwest.com\\\/de\\\/faqs-fuer-kandidatinnen\\\/#primaryimage\"},\"thumbnailUrl\":\"https:\\\/\\\/www.kellerwest.com\\\/wp-content\\\/uploads\\\/2022\\\/03\\\/iStock-841180016-1024x657.jpg\",\"datePublished\":\"2022-07-04T18:33:56+00:00\",\"dateModified\":\"2024-07-19T14:29:37+00:00\",\"description\":\"Sehen Sie sich unsere h\u00e4ufig gestellten Fragen an, die Ihnen bei der Jobsuche helfen.\",\"breadcrumb\":{\"@id\":\"https:\\\/\\\/www.kellerwest.com\\\/de\\\/faqs-fuer-kandidatinnen\\\/#breadcrumb\"},\"inLanguage\":\"de-DE\",\"potentialAction\":[{\"@type\":\"ReadAction\",\"target\":[\"https:\\\/\\\/www.kellerwest.com\\\/de\\\/faqs-fuer-kandidatinnen\\\/\"]}]},{\"@type\":\"ImageObject\",\"inLanguage\":\"de-DE\",\"@id\":\"https:\\\/\\\/www.kellerwest.com\\\/de\\\/faqs-fuer-kandidatinnen\\\/#primaryimage\",\"url\":\"https:\\\/\\\/www.kellerwest.com\\\/wp-content\\\/uploads\\\/2022\\\/03\\\/iStock-841180016-1024x657.jpg\",\"contentUrl\":\"https:\\\/\\\/www.kellerwest.com\\\/wp-content\\\/uploads\\\/2022\\\/03\\\/iStock-841180016-1024x657.jpg\"},{\"@type\":\"BreadcrumbList\",\"@id\":\"https:\\\/\\\/www.kellerwest.com\\\/de\\\/faqs-fuer-kandidatinnen\\\/#breadcrumb\",\"itemListElement\":[{\"@type\":\"ListItem\",\"position\":1,\"name\":\"Home\",\"item\":\"https:\\\/\\\/www.kellerwest.com\\\/de\\\/\"},{\"@type\":\"ListItem\",\"position\":2,\"name\":\"FAQs f\u00fcr Kandidat*innen\"}]},{\"@type\":\"WebSite\",\"@id\":\"https:\\\/\\\/www.kellerwest.com\\\/#website\",\"url\":\"https:\\\/\\\/www.kellerwest.com\\\/\",\"name\":\"Keller West\",\"description\":\"Globale Expertise im IT-Recruitment\",\"publisher\":{\"@id\":\"https:\\\/\\\/www.kellerwest.com\\\/#organization\"},\"potentialAction\":[{\"@type\":\"SearchAction\",\"target\":{\"@type\":\"EntryPoint\",\"urlTemplate\":\"https:\\\/\\\/www.kellerwest.com\\\/?s={search_term_string}\"},\"query-input\":{\"@type\":\"PropertyValueSpecification\",\"valueRequired\":true,\"valueName\":\"search_term_string\"}}],\"inLanguage\":\"de-DE\"},{\"@type\":\"Organization\",\"@id\":\"https:\\\/\\\/www.kellerwest.com\\\/#organization\",\"name\":\"Keller West\",\"url\":\"https:\\\/\\\/www.kellerwest.com\\\/\",\"logo\":{\"@type\":\"ImageObject\",\"inLanguage\":\"de-DE\",\"@id\":\"https:\\\/\\\/www.kellerwest.com\\\/#\\\/schema\\\/logo\\\/image\\\/\",\"url\":\"https:\\\/\\\/www.kellerwest.com\\\/wp-content\\\/uploads\\\/2023\\\/09\\\/Opengraph-Image-72.jpg\",\"contentUrl\":\"https:\\\/\\\/www.kellerwest.com\\\/wp-content\\\/uploads\\\/2023\\\/09\\\/Opengraph-Image-72.jpg\",\"width\":1024,\"height\":639,\"caption\":\"Keller West\"},\"image\":{\"@id\":\"https:\\\/\\\/www.kellerwest.com\\\/#\\\/schema\\\/logo\\\/image\\\/\"},\"sameAs\":[\"https:\\\/\\\/www.linkedin.com\\\/company\\\/keller-west\"]}]}<\/script>\n<!-- \/ Yoast SEO Premium plugin. -->","yoast_head_json":{"title":"FAQs f\u00fcr Kandidat*innen - Keller West","description":"Sehen Sie sich unsere h\u00e4ufig gestellten Fragen an, die Ihnen bei der Jobsuche helfen.","robots":{"index":"index","follow":"follow","max-snippet":"max-snippet:-1","max-image-preview":"max-image-preview:large","max-video-preview":"max-video-preview:-1"},"canonical":"https:\/\/www.kellerwest.com\/de\/faqs-fuer-kandidatinnen\/","og_locale":"de_DE","og_type":"article","og_title":"FAQs f\u00fcr Kandidat*innen","og_description":"Sehen Sie sich unsere h\u00e4ufig gestellten Fragen an, die Ihnen bei der Jobsuche helfen.","og_url":"https:\/\/www.kellerwest.com\/de\/faqs-fuer-kandidatinnen\/","og_site_name":"Keller West","article_modified_time":"2024-07-19T14:29:37+00:00","og_image":[{"url":"https:\/\/www.kellerwest.com\/wp-content\/uploads\/2022\/03\/iStock-841180016-1024x657.jpg","type":"","width":"","height":""}],"twitter_card":"summary_large_image","twitter_misc":{"Est. reading time":"3 minutes"},"schema":{"@context":"https:\/\/schema.org","@graph":[{"@type":"WebPage","@id":"https:\/\/www.kellerwest.com\/de\/faqs-fuer-kandidatinnen\/","url":"https:\/\/www.kellerwest.com\/de\/faqs-fuer-kandidatinnen\/","name":"FAQs f\u00fcr Kandidat*innen - Keller West","isPartOf":{"@id":"https:\/\/www.kellerwest.com\/#website"},"primaryImageOfPage":{"@id":"https:\/\/www.kellerwest.com\/de\/faqs-fuer-kandidatinnen\/#primaryimage"},"image":{"@id":"https:\/\/www.kellerwest.com\/de\/faqs-fuer-kandidatinnen\/#primaryimage"},"thumbnailUrl":"https:\/\/www.kellerwest.com\/wp-content\/uploads\/2022\/03\/iStock-841180016-1024x657.jpg","datePublished":"2022-07-04T18:33:56+00:00","dateModified":"2024-07-19T14:29:37+00:00","description":"Sehen Sie sich unsere h\u00e4ufig gestellten Fragen an, die Ihnen bei der Jobsuche helfen.","breadcrumb":{"@id":"https:\/\/www.kellerwest.com\/de\/faqs-fuer-kandidatinnen\/#breadcrumb"},"inLanguage":"de-DE","potentialAction":[{"@type":"ReadAction","target":["https:\/\/www.kellerwest.com\/de\/faqs-fuer-kandidatinnen\/"]}]},{"@type":"ImageObject","inLanguage":"de-DE","@id":"https:\/\/www.kellerwest.com\/de\/faqs-fuer-kandidatinnen\/#primaryimage","url":"https:\/\/www.kellerwest.com\/wp-content\/uploads\/2022\/03\/iStock-841180016-1024x657.jpg","contentUrl":"https:\/\/www.kellerwest.com\/wp-content\/uploads\/2022\/03\/iStock-841180016-1024x657.jpg"},{"@type":"BreadcrumbList","@id":"https:\/\/www.kellerwest.com\/de\/faqs-fuer-kandidatinnen\/#breadcrumb","itemListElement":[{"@type":"ListItem","position":1,"name":"Home","item":"https:\/\/www.kellerwest.com\/de\/"},{"@type":"ListItem","position":2,"name":"FAQs f\u00fcr Kandidat*innen"}]},{"@type":"WebSite","@id":"https:\/\/www.kellerwest.com\/#website","url":"https:\/\/www.kellerwest.com\/","name":"Keller West","description":"Globale Expertise im IT-Recruitment","publisher":{"@id":"https:\/\/www.kellerwest.com\/#organization"},"potentialAction":[{"@type":"SearchAction","target":{"@type":"EntryPoint","urlTemplate":"https:\/\/www.kellerwest.com\/?s={search_term_string}"},"query-input":{"@type":"PropertyValueSpecification","valueRequired":true,"valueName":"search_term_string"}}],"inLanguage":"de-DE"},{"@type":"Organization","@id":"https:\/\/www.kellerwest.com\/#organization","name":"Keller West","url":"https:\/\/www.kellerwest.com\/","logo":{"@type":"ImageObject","inLanguage":"de-DE","@id":"https:\/\/www.kellerwest.com\/#\/schema\/logo\/image\/","url":"https:\/\/www.kellerwest.com\/wp-content\/uploads\/2023\/09\/Opengraph-Image-72.jpg","contentUrl":"https:\/\/www.kellerwest.com\/wp-content\/uploads\/2023\/09\/Opengraph-Image-72.jpg","width":1024,"height":639,"caption":"Keller West"},"image":{"@id":"https:\/\/www.kellerwest.com\/#\/schema\/logo\/image\/"},"sameAs":["https:\/\/www.linkedin.com\/company\/keller-west"]}]}},"_links":{"self":[{"href":"https:\/\/www.kellerwest.com\/de\/wp-json\/wp\/v2\/pages\/5702","targetHints":{"allow":["GET"]}}],"collection":[{"href":"https:\/\/www.kellerwest.com\/de\/wp-json\/wp\/v2\/pages"}],"about":[{"href":"https:\/\/www.kellerwest.com\/de\/wp-json\/wp\/v2\/types\/page"}],"author":[{"embeddable":true,"href":"https:\/\/www.kellerwest.com\/de\/wp-json\/wp\/v2\/users\/7"}],"replies":[{"embeddable":true,"href":"https:\/\/www.kellerwest.com\/de\/wp-json\/wp\/v2\/comments?post=5702"}],"version-history":[{"count":0,"href":"https:\/\/www.kellerwest.com\/de\/wp-json\/wp\/v2\/pages\/5702\/revisions"}],"wp:attachment":[{"href":"https:\/\/www.kellerwest.com\/de\/wp-json\/wp\/v2\/media?parent=5702"}],"curies":[{"name":"wp","href":"https:\/\/api.w.org\/{rel}","templated":true}]}}