{"id":5703,"date":"2022-07-04T18:33:57","date_gmt":"2022-07-04T18:33:57","guid":{"rendered":"https:\/\/kellerwest.wpenginepowered.com\/insights\/global-impact-series\/esg-insights\/"},"modified":"2024-07-18T13:34:37","modified_gmt":"2024-07-18T13:34:37","slug":"esg","status":"publish","type":"page","link":"https:\/\/www.kellerwest.com\/de\/insights\/global-impact-series\/esg\/","title":{"rendered":"ESG Insights"},"content":{"rendered":"\n<div class=\"wp-block-group alignfull has-black-05-background-color has-background is-layout-constrained wp-block-group-is-layout-constrained\">\n<div class=\"wp-block-columns alignwide is-layout-flex wp-container-core-columns-is-layout-28f84493 wp-block-columns-is-layout-flex\">\n<div class=\"wp-block-column is-layout-flow wp-block-column-is-layout-flow\">\n<h1 class=\"wp-block-heading\" id=\"resources\">ESG Insights<\/h1>\n<\/div>\n\n\n\n<div class=\"wp-block-column is-layout-flow wp-block-column-is-layout-flow\">\n<p>\u00d6kologisch-soziale Unternehmensf\u00fchrung (Environmental Social Governance, ESG) stand fr\u00fcher auf der Priorit\u00e4tenliste der Unternehmen weiter unten &#8211; heute sieht das anders aus. In unseren ESG Insights finden Sie unsere Erfahrungen und Ansichten zu diesem wichtigen Thema. <\/p>\n\n\n\n<div class=\"hd-block hd-block-advanced-search\" id=\"block_624ac1131b45f\">\n\n\t<form role=\"search\" method=\"get\" action=\"https:\/\/www.kellerwest.com\/de\/\" class=\"wp-block-search__button-outside wp-block-search__text-button wp-block-search\">\n\t\t\n\t\t<label for=\"wp-block-search__input-block_624ac1131b45f\" class=\"wp-block-search__label\"><\/label>\n\t\t\n\t\t<div class=\"wp-block-search__inside-wrapper\">\n\n\t\t\t<input type=\"search\" id=\"wp-block-search__input-block_624ac1131b45f\" class=\"wp-block-search__input \" name=\"s\" value=\"\" placeholder=\"Suche\" required=\"\">\n\n\t\t\t\t\t\t\t<input type=\"hidden\" name=\"post_type\" value=\"phst\" \/>\n\t\t\t\t\n\t\t\t<button type=\"submit\" class=\"wp-block-search__button  \">Suche<\/button>\n\n\t\t<\/div>\n\t\n\t<\/form>\n\n<\/div>\n<\/div>\n<\/div>\n\n\n\n<div class=\"wp-block-group alignwide is-layout-flow wp-block-group-is-layout-flow\">\n<h2 class=\"alignwide is-style-eyebrow wp-block-heading\" id=\"resource-areas\">Kategorien<\/h2>\n\n\n\n<div class=\"wp-block-columns is-layout-flex wp-container-core-columns-is-layout-28f84493 wp-block-columns-is-layout-flex\">\n<div class=\"wp-block-column is-layout-flow wp-block-column-is-layout-flow\" style=\"flex-basis:100%\">\n\t\t<ul class=\"hd-block hd-block-page-links\" id=\"block_119a67dc23f305b067fccb4519d7fae3\">\n\n\t\t\t\n\t\t\t\t<li class=\"page-link__item post-5693 page type-page status-publish has-post-thumbnail hentry\" id=\"block_119a67dc23f305b067fccb4519d7fae3-page-5693\">\n\t\t\t\t\t\n\t\t\t\t\t<a class=\"page-link__link\" href=\"https:\/\/www.kellerwest.com\/de\/insights\/markteinblicke\/\">\n\n\t\t\t\t\t\t<div class=\"page-link__image-wrap\">\n\n\t\t\t\t\t\t\t<img loading=\"lazy\" decoding=\"async\" width=\"340\" height=\"190\" src=\"https:\/\/www.kellerwest.com\/wp-content\/uploads\/2022\/04\/Market-insight.jpg\" class=\"page-link__image wp-post-image\" alt=\"\" srcset=\"https:\/\/www.kellerwest.com\/wp-content\/uploads\/2022\/04\/Market-insight.jpg 340w, https:\/\/www.kellerwest.com\/wp-content\/uploads\/2022\/04\/Market-insight-300x169.jpg 300w\" sizes=\"(max-width: 340px) 100vw, 340px\" \/>\n\t\t\t\t\t\t<\/div>\n\n\t\t\t\t\t\t<div class=\"page-link__title\">Market Insight<\/div>\t\t\t\t\t\n\t\t\t\t\t<\/a>\n\t\t\n\t\t\t\t<\/li>\n\n\t\t\t\t\n\t\t\t\t<li class=\"page-link__item post-5698 page type-page status-publish has-post-thumbnail hentry\" id=\"block_119a67dc23f305b067fccb4519d7fae3-page-5698\">\n\t\t\t\t\t\n\t\t\t\t\t<a class=\"page-link__link\" href=\"https:\/\/www.kellerwest.com\/de\/insights\/karriereberatung\/\">\n\n\t\t\t\t\t\t<div class=\"page-link__image-wrap\">\n\n\t\t\t\t\t\t\t<img loading=\"lazy\" decoding=\"async\" width=\"340\" height=\"190\" src=\"https:\/\/www.kellerwest.com\/wp-content\/uploads\/2022\/04\/Career-Advice.jpg\" class=\"page-link__image wp-post-image\" alt=\"\" srcset=\"https:\/\/www.kellerwest.com\/wp-content\/uploads\/2022\/04\/Career-Advice.jpg 340w, https:\/\/www.kellerwest.com\/wp-content\/uploads\/2022\/04\/Career-Advice-300x169.jpg 300w\" sizes=\"(max-width: 340px) 100vw, 340px\" \/>\n\t\t\t\t\t\t<\/div>\n\n\t\t\t\t\t\t<div class=\"page-link__title\">Karrieretipps<\/div>\t\t\t\t\t\n\t\t\t\t\t<\/a>\n\t\t\n\t\t\t\t<\/li>\n\n\t\t\t\t\n\t\t\t\t<li class=\"page-link__item post-5722 page type-page status-publish has-post-thumbnail hentry\" id=\"block_119a67dc23f305b067fccb4519d7fae3-page-5722\">\n\t\t\t\t\t\n\t\t\t\t\t<a class=\"page-link__link\" href=\"https:\/\/www.kellerwest.com\/de\/insights\/hiring-advice\/\">\n\n\t\t\t\t\t\t<div class=\"page-link__image-wrap\">\n\n\t\t\t\t\t\t\t<img loading=\"lazy\" decoding=\"async\" width=\"340\" height=\"190\" src=\"https:\/\/www.kellerwest.com\/wp-content\/uploads\/2022\/04\/Hiring-Advice-2a.jpg\" class=\"page-link__image wp-post-image\" alt=\"\" srcset=\"https:\/\/www.kellerwest.com\/wp-content\/uploads\/2022\/04\/Hiring-Advice-2a.jpg 340w, https:\/\/www.kellerwest.com\/wp-content\/uploads\/2022\/04\/Hiring-Advice-2a-300x169.jpg 300w\" sizes=\"(max-width: 340px) 100vw, 340px\" \/>\n\t\t\t\t\t\t<\/div>\n\n\t\t\t\t\t\t<div class=\"page-link__title\">Hiring Tipps<\/div>\t\t\t\t\t\n\t\t\t\t\t<\/a>\n\t\t\n\t\t\t\t<\/li>\n\n\t\t\t\t\n\t\t<\/ul>\n\n\t\t<\/div>\n<\/div>\n\n\n\n\n<\/div>\n<\/div>\n\n<\/div>\n\n<\/div>\n\n<div class=\"wp-block-group alignfull has-white-color has-brand-1-background-color has-text-color has-background is-layout-constrained wp-block-group-is-layout-constrained\">\n<div class=\"wp-block-group alignwide is-layout-flow wp-block-group-is-layout-flow\">\n<h2 class=\"is-style-eyebrow wp-block-heading\" id=\"join-thought-provoking-discussion\">Beteiligen Sie sich an einer unserer Diskussionen<\/h2>\n\n\n\n<div class=\"wp-block-buttons is-layout-flex wp-block-buttons-is-layout-flex\">\n<div class=\"wp-block-button is-style-cta-arrow\"><a class=\"wp-block-button__link has-white-color has-text-color\" href=\"https:\/\/www.kellerwest.com\/de\/events-2\/\">Our events<\/a><\/div>\n<\/div>\n<\/div>\n<\/div>\n","protected":false},"excerpt":{"rendered":"<p>ESG Insights \u00d6kologisch-soziale Unternehmensf\u00fchrung (Environmental Social Governance, ESG) stand fr\u00fcher auf der Priorit\u00e4tenliste der Unternehmen weiter unten &#8211; heute sieht das anders aus. In unseren ESG Insights finden Sie unsere Erfahrungen und Ansichten zu diesem wichtigen Thema. Kategorien Beteiligen Sie sich an einer unserer Diskussionen<\/p>\n","protected":false},"author":7,"featured_media":0,"parent":5688,"menu_order":0,"comment_status":"closed","ping_status":"closed","template":"","meta":{"_acf_changed":false,"footnotes":""},"class_list":["post-5703","page","type-page","status-publish","hentry"],"acf":[],"yoast_head":"<!-- This site is optimized with the Yoast SEO Premium plugin v25.4 (Yoast SEO v27.4) - https:\/\/yoast.com\/product\/yoast-seo-premium-wordpress\/ -->\n<title>Keller West: ESG Insights<\/title>\n<meta name=\"description\" content=\"Unsere neuesten ESG Insights mit Beitr\u00e4gen und Insights zu unserer eigenen ESG Reise.\" \/>\n<meta name=\"robots\" content=\"index, follow, max-snippet:-1, max-image-preview:large, max-video-preview:-1\" \/>\n<link rel=\"canonical\" href=\"https:\/\/www.kellerwest.com\/de\/insights\/global-impact-series\/esg\/\" \/>\n<meta property=\"og:locale\" content=\"de_DE\" \/>\n<meta property=\"og:type\" content=\"article\" \/>\n<meta property=\"og:title\" content=\"ESG Insights\" \/>\n<meta property=\"og:description\" content=\"Unsere neuesten ESG Insights mit Beitr\u00e4gen und Insights zu unserer eigenen ESG Reise.\" \/>\n<meta property=\"og:url\" content=\"https:\/\/www.kellerwest.com\/de\/insights\/global-impact-series\/esg\/\" \/>\n<meta property=\"og:site_name\" content=\"Keller West\" \/>\n<meta property=\"article:modified_time\" content=\"2024-07-18T13:34:37+00:00\" \/>\n<meta property=\"og:image\" content=\"https:\/\/www.kellerwest.com\/wp-content\/uploads\/2023\/09\/Opengraph-Image-72.jpg\" \/>\n\t<meta property=\"og:image:width\" content=\"1024\" \/>\n\t<meta property=\"og:image:height\" content=\"639\" \/>\n\t<meta property=\"og:image:type\" content=\"image\/jpeg\" \/>\n<meta name=\"twitter:card\" content=\"summary_large_image\" \/>\n<meta name=\"twitter:label1\" content=\"Est. reading time\" \/>\n\t<meta name=\"twitter:data1\" content=\"1 minute\" \/>\n<script type=\"application\/ld+json\" class=\"yoast-schema-graph\">{\"@context\":\"https:\\\/\\\/schema.org\",\"@graph\":[{\"@type\":\"WebPage\",\"@id\":\"https:\\\/\\\/www.kellerwest.com\\\/de\\\/insights\\\/global-impact-series\\\/esg\\\/\",\"url\":\"https:\\\/\\\/www.kellerwest.com\\\/de\\\/insights\\\/global-impact-series\\\/esg\\\/\",\"name\":\"Keller West: ESG Insights\",\"isPartOf\":{\"@id\":\"https:\\\/\\\/www.kellerwest.com\\\/#website\"},\"datePublished\":\"2022-07-04T18:33:57+00:00\",\"dateModified\":\"2024-07-18T13:34:37+00:00\",\"description\":\"Unsere neuesten ESG Insights mit Beitr\u00e4gen und Insights zu unserer eigenen ESG Reise.\",\"breadcrumb\":{\"@id\":\"https:\\\/\\\/www.kellerwest.com\\\/de\\\/insights\\\/global-impact-series\\\/esg\\\/#breadcrumb\"},\"inLanguage\":\"de-DE\",\"potentialAction\":[{\"@type\":\"ReadAction\",\"target\":[\"https:\\\/\\\/www.kellerwest.com\\\/de\\\/insights\\\/global-impact-series\\\/esg\\\/\"]}]},{\"@type\":\"BreadcrumbList\",\"@id\":\"https:\\\/\\\/www.kellerwest.com\\\/de\\\/insights\\\/global-impact-series\\\/esg\\\/#breadcrumb\",\"itemListElement\":[{\"@type\":\"ListItem\",\"position\":1,\"name\":\"Home\",\"item\":\"https:\\\/\\\/www.kellerwest.com\\\/de\\\/\"},{\"@type\":\"ListItem\",\"position\":2,\"name\":\"Ressourcen\",\"item\":\"https:\\\/\\\/www.kellerwest.com\\\/insights\\\/\"},{\"@type\":\"ListItem\",\"position\":3,\"name\":\"Global Impact Series\",\"item\":\"https:\\\/\\\/www.kellerwest.com\\\/de\\\/insights\\\/global-impact-series\\\/\"},{\"@type\":\"ListItem\",\"position\":4,\"name\":\"ESG Insights\"}]},{\"@type\":\"WebSite\",\"@id\":\"https:\\\/\\\/www.kellerwest.com\\\/#website\",\"url\":\"https:\\\/\\\/www.kellerwest.com\\\/\",\"name\":\"Keller West\",\"description\":\"Globale Expertise im IT-Recruitment\",\"publisher\":{\"@id\":\"https:\\\/\\\/www.kellerwest.com\\\/#organization\"},\"potentialAction\":[{\"@type\":\"SearchAction\",\"target\":{\"@type\":\"EntryPoint\",\"urlTemplate\":\"https:\\\/\\\/www.kellerwest.com\\\/?s={search_term_string}\"},\"query-input\":{\"@type\":\"PropertyValueSpecification\",\"valueRequired\":true,\"valueName\":\"search_term_string\"}}],\"inLanguage\":\"de-DE\"},{\"@type\":\"Organization\",\"@id\":\"https:\\\/\\\/www.kellerwest.com\\\/#organization\",\"name\":\"Keller West\",\"url\":\"https:\\\/\\\/www.kellerwest.com\\\/\",\"logo\":{\"@type\":\"ImageObject\",\"inLanguage\":\"de-DE\",\"@id\":\"https:\\\/\\\/www.kellerwest.com\\\/#\\\/schema\\\/logo\\\/image\\\/\",\"url\":\"https:\\\/\\\/www.kellerwest.com\\\/wp-content\\\/uploads\\\/2023\\\/09\\\/Opengraph-Image-72.jpg\",\"contentUrl\":\"https:\\\/\\\/www.kellerwest.com\\\/wp-content\\\/uploads\\\/2023\\\/09\\\/Opengraph-Image-72.jpg\",\"width\":1024,\"height\":639,\"caption\":\"Keller West\"},\"image\":{\"@id\":\"https:\\\/\\\/www.kellerwest.com\\\/#\\\/schema\\\/logo\\\/image\\\/\"},\"sameAs\":[\"https:\\\/\\\/www.linkedin.com\\\/company\\\/keller-west\"]}]}<\/script>\n<!-- \/ Yoast SEO Premium plugin. -->","yoast_head_json":{"title":"Keller West: ESG Insights","description":"Unsere neuesten ESG Insights mit Beitr\u00e4gen und Insights zu unserer eigenen ESG Reise.","robots":{"index":"index","follow":"follow","max-snippet":"max-snippet:-1","max-image-preview":"max-image-preview:large","max-video-preview":"max-video-preview:-1"},"canonical":"https:\/\/www.kellerwest.com\/de\/insights\/global-impact-series\/esg\/","og_locale":"de_DE","og_type":"article","og_title":"ESG Insights","og_description":"Unsere neuesten ESG Insights mit Beitr\u00e4gen und Insights zu unserer eigenen ESG Reise.","og_url":"https:\/\/www.kellerwest.com\/de\/insights\/global-impact-series\/esg\/","og_site_name":"Keller West","article_modified_time":"2024-07-18T13:34:37+00:00","og_image":[{"width":1024,"height":639,"url":"https:\/\/www.kellerwest.com\/wp-content\/uploads\/2023\/09\/Opengraph-Image-72.jpg","type":"image\/jpeg"}],"twitter_card":"summary_large_image","twitter_misc":{"Est. reading time":"1 minute"},"schema":{"@context":"https:\/\/schema.org","@graph":[{"@type":"WebPage","@id":"https:\/\/www.kellerwest.com\/de\/insights\/global-impact-series\/esg\/","url":"https:\/\/www.kellerwest.com\/de\/insights\/global-impact-series\/esg\/","name":"Keller West: ESG Insights","isPartOf":{"@id":"https:\/\/www.kellerwest.com\/#website"},"datePublished":"2022-07-04T18:33:57+00:00","dateModified":"2024-07-18T13:34:37+00:00","description":"Unsere neuesten ESG Insights mit Beitr\u00e4gen und Insights zu unserer eigenen ESG Reise.","breadcrumb":{"@id":"https:\/\/www.kellerwest.com\/de\/insights\/global-impact-series\/esg\/#breadcrumb"},"inLanguage":"de-DE","potentialAction":[{"@type":"ReadAction","target":["https:\/\/www.kellerwest.com\/de\/insights\/global-impact-series\/esg\/"]}]},{"@type":"BreadcrumbList","@id":"https:\/\/www.kellerwest.com\/de\/insights\/global-impact-series\/esg\/#breadcrumb","itemListElement":[{"@type":"ListItem","position":1,"name":"Home","item":"https:\/\/www.kellerwest.com\/de\/"},{"@type":"ListItem","position":2,"name":"Ressourcen","item":"https:\/\/www.kellerwest.com\/insights\/"},{"@type":"ListItem","position":3,"name":"Global Impact Series","item":"https:\/\/www.kellerwest.com\/de\/insights\/global-impact-series\/"},{"@type":"ListItem","position":4,"name":"ESG Insights"}]},{"@type":"WebSite","@id":"https:\/\/www.kellerwest.com\/#website","url":"https:\/\/www.kellerwest.com\/","name":"Keller West","description":"Globale Expertise im IT-Recruitment","publisher":{"@id":"https:\/\/www.kellerwest.com\/#organization"},"potentialAction":[{"@type":"SearchAction","target":{"@type":"EntryPoint","urlTemplate":"https:\/\/www.kellerwest.com\/?s={search_term_string}"},"query-input":{"@type":"PropertyValueSpecification","valueRequired":true,"valueName":"search_term_string"}}],"inLanguage":"de-DE"},{"@type":"Organization","@id":"https:\/\/www.kellerwest.com\/#organization","name":"Keller West","url":"https:\/\/www.kellerwest.com\/","logo":{"@type":"ImageObject","inLanguage":"de-DE","@id":"https:\/\/www.kellerwest.com\/#\/schema\/logo\/image\/","url":"https:\/\/www.kellerwest.com\/wp-content\/uploads\/2023\/09\/Opengraph-Image-72.jpg","contentUrl":"https:\/\/www.kellerwest.com\/wp-content\/uploads\/2023\/09\/Opengraph-Image-72.jpg","width":1024,"height":639,"caption":"Keller West"},"image":{"@id":"https:\/\/www.kellerwest.com\/#\/schema\/logo\/image\/"},"sameAs":["https:\/\/www.linkedin.com\/company\/keller-west"]}]}},"_links":{"self":[{"href":"https:\/\/www.kellerwest.com\/de\/wp-json\/wp\/v2\/pages\/5703","targetHints":{"allow":["GET"]}}],"collection":[{"href":"https:\/\/www.kellerwest.com\/de\/wp-json\/wp\/v2\/pages"}],"about":[{"href":"https:\/\/www.kellerwest.com\/de\/wp-json\/wp\/v2\/types\/page"}],"author":[{"embeddable":true,"href":"https:\/\/www.kellerwest.com\/de\/wp-json\/wp\/v2\/users\/7"}],"replies":[{"embeddable":true,"href":"https:\/\/www.kellerwest.com\/de\/wp-json\/wp\/v2\/comments?post=5703"}],"version-history":[{"count":0,"href":"https:\/\/www.kellerwest.com\/de\/wp-json\/wp\/v2\/pages\/5703\/revisions"}],"up":[{"embeddable":true,"href":"https:\/\/www.kellerwest.com\/de\/wp-json\/wp\/v2\/pages\/5688"}],"wp:attachment":[{"href":"https:\/\/www.kellerwest.com\/de\/wp-json\/wp\/v2\/media?parent=5703"}],"curies":[{"name":"wp","href":"https:\/\/api.w.org\/{rel}","templated":true}]}}