{"id":5705,"date":"2022-07-04T18:33:59","date_gmt":"2022-07-04T18:33:59","guid":{"rendered":"https:\/\/kellerwest.wpenginepowered.com\/unsere-services\/"},"modified":"2024-07-15T13:28:58","modified_gmt":"2024-07-15T13:28:58","slug":"unsere-dienstleistungen","status":"publish","type":"page","link":"https:\/\/www.kellerwest.com\/de\/unsere-dienstleistungen\/","title":{"rendered":"Unsere Dienstleistungen"},"content":{"rendered":"\n<div class=\"wp-block-group alignfull is-style-default has-black-05-background-color has-background is-layout-constrained wp-block-group-is-layout-constrained\">\n<div class=\"wp-block-columns alignwide is-layout-flex wp-container-core-columns-is-layout-28f84493 wp-block-columns-is-layout-flex\">\n<div class=\"wp-block-column is-layout-flow wp-block-column-is-layout-flow\" style=\"flex-basis:66.66%\">\n<h1 class=\"wp-block-heading\" id=\"hr-jobs\">Unsere Services<\/h1>\n<\/div>\n<\/div>\n<\/div>\n\n\n\n<div class=\"wp-block-group alignwide is-layout-flow wp-block-group-is-layout-flow\">\n<div class=\"wp-block-columns is-layout-flex wp-container-core-columns-is-layout-28f84493 wp-block-columns-is-layout-flex\">\n<div class=\"wp-block-column is-layout-flow wp-block-column-is-layout-flow\">\n<figure class=\"wp-block-image size-large\"><img loading=\"lazy\" decoding=\"async\" width=\"1024\" height=\"689\" src=\"https:\/\/www.kellerwest.com\/wp-content\/uploads\/2022\/04\/Contingent-Recruitment-1024x689.jpg\" alt=\"\" class=\"wp-image-2104\" srcset=\"https:\/\/www.kellerwest.com\/wp-content\/uploads\/2022\/04\/Contingent-Recruitment-1024x689.jpg 1024w, https:\/\/www.kellerwest.com\/wp-content\/uploads\/2022\/04\/Contingent-Recruitment-300x202.jpg 300w, https:\/\/www.kellerwest.com\/wp-content\/uploads\/2022\/04\/Contingent-Recruitment-768x517.jpg 768w, https:\/\/www.kellerwest.com\/wp-content\/uploads\/2022\/04\/Contingent-Recruitment-1536x1034.jpg 1536w, https:\/\/www.kellerwest.com\/wp-content\/uploads\/2022\/04\/Contingent-Recruitment.jpg 1634w\" sizes=\"(max-width: 1024px) 100vw, 1024px\" \/><\/figure>\n\n\n\n<h2 class=\"wp-block-heading is-style-default has-large-font-size\" id=\"specialist-recruitment\">Personalvermittlung<\/h2>\n\n\n\n<p>Wir unterst\u00fctzen Sie in jeder Phase der Rekrutierung, von der Beratung bei der Rollengestaltung \u00fcber die Identifizierung von Talenten bis hin zum Interview- und Angebotsmanagement und Onboarding. Unsere Teams kombinieren Fachwissen auf ihrem Gebiet mit einem hochwertigen Service.<\/p>\n\n\n\n<div class=\"wp-block-buttons is-layout-flex wp-block-buttons-is-layout-flex\">\n<div class=\"wp-block-button is-style-underline\"><a class=\"wp-block-button__link wp-element-button\" href=\"https:\/\/www.kellerwest.com\/de\/direktvermittlung\/\">Mehr dazu<\/a><\/div>\n<\/div>\n<\/div>\n\n\n\n<div class=\"wp-block-column is-layout-flow wp-block-column-is-layout-flow\">\n<figure class=\"wp-block-image size-large\"><img loading=\"lazy\" decoding=\"async\" width=\"1024\" height=\"689\" src=\"https:\/\/www.kellerwest.com\/wp-content\/uploads\/2022\/04\/Temporary-Recruitment-1024x689.jpg\" alt=\"\" class=\"wp-image-2098\" srcset=\"https:\/\/www.kellerwest.com\/wp-content\/uploads\/2022\/04\/Temporary-Recruitment-1024x689.jpg 1024w, https:\/\/www.kellerwest.com\/wp-content\/uploads\/2022\/04\/Temporary-Recruitment-300x202.jpg 300w, https:\/\/www.kellerwest.com\/wp-content\/uploads\/2022\/04\/Temporary-Recruitment-768x517.jpg 768w, https:\/\/www.kellerwest.com\/wp-content\/uploads\/2022\/04\/Temporary-Recruitment-1536x1034.jpg 1536w, https:\/\/www.kellerwest.com\/wp-content\/uploads\/2022\/04\/Temporary-Recruitment.jpg 1634w\" sizes=\"(max-width: 1024px) 100vw, 1024px\" \/><\/figure>\n\n\n\n<h2 class=\"wp-block-heading has-large-font-size\" id=\"specialist-recruitment\">Contract und Interim Recruitment<\/h2>\n\n\n\n<p>Wir arbeiten mit hochqualifizierten freiberuflichen IT-Fachkr\u00e4ften zusammen, damit Sie sich schnell an Ihren eigenen Wandel und das schnelle Tempo Ihres Marktes anpassen k\u00f6nnen. Wir finden die richtigen Spezialist*innen f\u00fcr jeden Job und besetzen freie Stellen schnell.<\/p>\n\n\n\n<div class=\"wp-block-buttons is-layout-flex wp-block-buttons-is-layout-flex\">\n<div class=\"wp-block-button is-style-underline\"><a class=\"wp-block-button__link wp-element-button\" href=\"https:\/\/www.kellerwest.com\/de\/temporary-recruitment\/\">Mehr dazu<\/a><\/div>\n<\/div>\n<\/div>\n\n\n\n<div class=\"wp-block-column is-layout-flow wp-block-column-is-layout-flow\">\n<figure class=\"wp-block-image size-large\"><img loading=\"lazy\" decoding=\"async\" width=\"1024\" height=\"689\" src=\"https:\/\/www.kellerwest.com\/wp-content\/uploads\/2022\/04\/Interim-Solutions-1024x689.jpg\" alt=\"\" class=\"wp-image-2101\" srcset=\"https:\/\/www.kellerwest.com\/wp-content\/uploads\/2022\/04\/Interim-Solutions-1024x689.jpg 1024w, https:\/\/www.kellerwest.com\/wp-content\/uploads\/2022\/04\/Interim-Solutions-300x202.jpg 300w, https:\/\/www.kellerwest.com\/wp-content\/uploads\/2022\/04\/Interim-Solutions-768x517.jpg 768w, https:\/\/www.kellerwest.com\/wp-content\/uploads\/2022\/04\/Interim-Solutions-1536x1034.jpg 1536w, https:\/\/www.kellerwest.com\/wp-content\/uploads\/2022\/04\/Interim-Solutions.jpg 1634w\" sizes=\"(max-width: 1024px) 100vw, 1024px\" \/><\/figure>\n\n\n\n<h2 class=\"wp-block-heading has-large-font-size\" id=\"specialist-recruitment\">Executive Search<\/h2>\n\n\n\n<p>Unser Executive Search Service bietet Ihnen ein umfassendes Account Management und eine detaillierte Berichterstattung, die Ihnen einen umfassenden Einblick in den Markt, eine detaillierte Bewertung der Kandidaten*innen und eine diskrete Betreuung dieser erm\u00f6glicht. Sowohl f\u00fcr gesch\u00e4ftskritische Nischenpositionen als auch f\u00fcr F\u00fchrungspositionen geeignet, wird Ihre Suche von unserem erfahrensten Management-Team geleitet.<\/p>\n\n\n\n<div class=\"wp-block-buttons is-layout-flex wp-block-buttons-is-layout-flex\">\n<div class=\"wp-block-button is-style-underline\"><a class=\"wp-block-button__link wp-element-button\" href=\"https:\/\/www.kellerwest.com\/de\/executive-search\/\">Mehr dazu<\/a><\/div>\n<\/div>\n<\/div>\n<\/div>\n<\/div>\n\n\n\n\n\n<div class=\"wp-block-group alignfull has-white-color has-brand-1-background-color has-text-color has-background is-layout-constrained wp-block-group-is-layout-constrained\">\n<div class=\"wp-block-group alignwide is-layout-flow wp-block-group-is-layout-flow\">\n<h2 class=\"wp-block-heading is-style-eyebrow-no-border\" id=\"interested-in-learning-more\">Sie suchen nach Fachkr\u00e4ften?<\/h2>\n\n\n\n<div class=\"wp-block-buttons is-layout-flex wp-block-buttons-is-layout-flex\">\n<div class=\"wp-block-button is-style-cta-arrow\"><a class=\"wp-block-button__link has-white-color has-text-color wp-element-button\" href=\"https:\/\/www.kellerwest.com\/de\/anfrage-stellen\/\">Erz\u00e4hlen Sie uns etwas \u00fcber Ihre Position<\/a><\/div>\n<\/div>\n<\/div>\n<\/div>\n","protected":false},"excerpt":{"rendered":"<p>Unsere Services Personalvermittlung Wir unterst\u00fctzen Sie in jeder Phase der Rekrutierung, von der Beratung bei der Rollengestaltung \u00fcber die Identifizierung von Talenten bis hin zum Interview- und Angebotsmanagement und Onboarding. Unsere Teams kombinieren Fachwissen auf ihrem Gebiet mit einem hochwertigen Service. Contract und Interim Recruitment Wir arbeiten mit hochqualifizierten freiberuflichen IT-Fachkr\u00e4ften zusammen, damit Sie sich [&hellip;]<\/p>\n","protected":false},"author":7,"featured_media":0,"parent":0,"menu_order":0,"comment_status":"closed","ping_status":"closed","template":"","meta":{"_acf_changed":true,"footnotes":""},"class_list":["post-5705","page","type-page","status-publish","hentry"],"acf":[],"yoast_head":"<!-- This site is optimized with the Yoast SEO Premium plugin v25.4 (Yoast SEO v27.5) - https:\/\/yoast.com\/product\/yoast-seo-premium-wordpress\/ -->\n<title>Unsere Dienstleistungen - Keller West<\/title>\n<meta name=\"description\" content=\"Sehen Sie sich die verschiedenen Arten von Dienstleistungen an, die wir bei Keller West anbieten, von der Executive Search bis zur Befristeten Einstellung.\" \/>\n<meta name=\"robots\" content=\"index, follow, max-snippet:-1, max-image-preview:large, max-video-preview:-1\" \/>\n<link rel=\"canonical\" href=\"https:\/\/www.kellerwest.com\/de\/unsere-dienstleistungen\/\" \/>\n<meta property=\"og:locale\" content=\"de_DE\" \/>\n<meta property=\"og:type\" content=\"article\" \/>\n<meta property=\"og:title\" content=\"Unsere Dienstleistungen\" \/>\n<meta property=\"og:description\" content=\"Sehen Sie sich die verschiedenen Arten von Dienstleistungen an, die wir bei Keller West anbieten, von der Executive Search bis zur Befristeten Einstellung.\" \/>\n<meta property=\"og:url\" content=\"https:\/\/www.kellerwest.com\/de\/unsere-dienstleistungen\/\" \/>\n<meta property=\"og:site_name\" content=\"Keller West\" \/>\n<meta property=\"article:modified_time\" content=\"2024-07-15T13:28:58+00:00\" \/>\n<meta property=\"og:image\" content=\"https:\/\/www.kellerwest.com\/wp-content\/uploads\/2022\/04\/Contingent-Recruitment-1024x689.jpg\" \/>\n<meta name=\"twitter:card\" content=\"summary_large_image\" \/>\n<meta name=\"twitter:label1\" content=\"Est. reading time\" \/>\n\t<meta name=\"twitter:data1\" content=\"2 minutes\" \/>\n<script type=\"application\/ld+json\" class=\"yoast-schema-graph\">{\"@context\":\"https:\\\/\\\/schema.org\",\"@graph\":[{\"@type\":\"WebPage\",\"@id\":\"https:\\\/\\\/www.kellerwest.com\\\/de\\\/unsere-dienstleistungen\\\/\",\"url\":\"https:\\\/\\\/www.kellerwest.com\\\/de\\\/unsere-dienstleistungen\\\/\",\"name\":\"Unsere Dienstleistungen - Keller West\",\"isPartOf\":{\"@id\":\"https:\\\/\\\/www.kellerwest.com\\\/#website\"},\"primaryImageOfPage\":{\"@id\":\"https:\\\/\\\/www.kellerwest.com\\\/de\\\/unsere-dienstleistungen\\\/#primaryimage\"},\"image\":{\"@id\":\"https:\\\/\\\/www.kellerwest.com\\\/de\\\/unsere-dienstleistungen\\\/#primaryimage\"},\"thumbnailUrl\":\"https:\\\/\\\/www.kellerwest.com\\\/wp-content\\\/uploads\\\/2022\\\/04\\\/Contingent-Recruitment-1024x689.jpg\",\"datePublished\":\"2022-07-04T18:33:59+00:00\",\"dateModified\":\"2024-07-15T13:28:58+00:00\",\"description\":\"Sehen Sie sich die verschiedenen Arten von Dienstleistungen an, die wir bei Keller West anbieten, von der Executive Search bis zur Befristeten Einstellung.\",\"breadcrumb\":{\"@id\":\"https:\\\/\\\/www.kellerwest.com\\\/de\\\/unsere-dienstleistungen\\\/#breadcrumb\"},\"inLanguage\":\"de-DE\",\"potentialAction\":[{\"@type\":\"ReadAction\",\"target\":[\"https:\\\/\\\/www.kellerwest.com\\\/de\\\/unsere-dienstleistungen\\\/\"]}]},{\"@type\":\"ImageObject\",\"inLanguage\":\"de-DE\",\"@id\":\"https:\\\/\\\/www.kellerwest.com\\\/de\\\/unsere-dienstleistungen\\\/#primaryimage\",\"url\":\"https:\\\/\\\/www.kellerwest.com\\\/wp-content\\\/uploads\\\/2022\\\/04\\\/Contingent-Recruitment-1024x689.jpg\",\"contentUrl\":\"https:\\\/\\\/www.kellerwest.com\\\/wp-content\\\/uploads\\\/2022\\\/04\\\/Contingent-Recruitment-1024x689.jpg\"},{\"@type\":\"BreadcrumbList\",\"@id\":\"https:\\\/\\\/www.kellerwest.com\\\/de\\\/unsere-dienstleistungen\\\/#breadcrumb\",\"itemListElement\":[{\"@type\":\"ListItem\",\"position\":1,\"name\":\"Home\",\"item\":\"https:\\\/\\\/www.kellerwest.com\\\/de\\\/\"},{\"@type\":\"ListItem\",\"position\":2,\"name\":\"Unsere Dienstleistungen\"}]},{\"@type\":\"WebSite\",\"@id\":\"https:\\\/\\\/www.kellerwest.com\\\/#website\",\"url\":\"https:\\\/\\\/www.kellerwest.com\\\/\",\"name\":\"Keller West\",\"description\":\"Globale Expertise im IT-Recruitment\",\"publisher\":{\"@id\":\"https:\\\/\\\/www.kellerwest.com\\\/#organization\"},\"potentialAction\":[{\"@type\":\"SearchAction\",\"target\":{\"@type\":\"EntryPoint\",\"urlTemplate\":\"https:\\\/\\\/www.kellerwest.com\\\/?s={search_term_string}\"},\"query-input\":{\"@type\":\"PropertyValueSpecification\",\"valueRequired\":true,\"valueName\":\"search_term_string\"}}],\"inLanguage\":\"de-DE\"},{\"@type\":\"Organization\",\"@id\":\"https:\\\/\\\/www.kellerwest.com\\\/#organization\",\"name\":\"Keller West\",\"url\":\"https:\\\/\\\/www.kellerwest.com\\\/\",\"logo\":{\"@type\":\"ImageObject\",\"inLanguage\":\"de-DE\",\"@id\":\"https:\\\/\\\/www.kellerwest.com\\\/#\\\/schema\\\/logo\\\/image\\\/\",\"url\":\"https:\\\/\\\/www.kellerwest.com\\\/wp-content\\\/uploads\\\/2023\\\/09\\\/Opengraph-Image-72.jpg\",\"contentUrl\":\"https:\\\/\\\/www.kellerwest.com\\\/wp-content\\\/uploads\\\/2023\\\/09\\\/Opengraph-Image-72.jpg\",\"width\":1024,\"height\":639,\"caption\":\"Keller West\"},\"image\":{\"@id\":\"https:\\\/\\\/www.kellerwest.com\\\/#\\\/schema\\\/logo\\\/image\\\/\"},\"sameAs\":[\"https:\\\/\\\/www.linkedin.com\\\/company\\\/keller-west\"]}]}<\/script>\n<!-- \/ Yoast SEO Premium plugin. -->","yoast_head_json":{"title":"Unsere Dienstleistungen - Keller West","description":"Sehen Sie sich die verschiedenen Arten von Dienstleistungen an, die wir bei Keller West anbieten, von der Executive Search bis zur Befristeten Einstellung.","robots":{"index":"index","follow":"follow","max-snippet":"max-snippet:-1","max-image-preview":"max-image-preview:large","max-video-preview":"max-video-preview:-1"},"canonical":"https:\/\/www.kellerwest.com\/de\/unsere-dienstleistungen\/","og_locale":"de_DE","og_type":"article","og_title":"Unsere Dienstleistungen","og_description":"Sehen Sie sich die verschiedenen Arten von Dienstleistungen an, die wir bei Keller West anbieten, von der Executive Search bis zur Befristeten Einstellung.","og_url":"https:\/\/www.kellerwest.com\/de\/unsere-dienstleistungen\/","og_site_name":"Keller West","article_modified_time":"2024-07-15T13:28:58+00:00","og_image":[{"url":"https:\/\/www.kellerwest.com\/wp-content\/uploads\/2022\/04\/Contingent-Recruitment-1024x689.jpg","type":"","width":"","height":""}],"twitter_card":"summary_large_image","twitter_misc":{"Est. reading time":"2 minutes"},"schema":{"@context":"https:\/\/schema.org","@graph":[{"@type":"WebPage","@id":"https:\/\/www.kellerwest.com\/de\/unsere-dienstleistungen\/","url":"https:\/\/www.kellerwest.com\/de\/unsere-dienstleistungen\/","name":"Unsere Dienstleistungen - Keller West","isPartOf":{"@id":"https:\/\/www.kellerwest.com\/#website"},"primaryImageOfPage":{"@id":"https:\/\/www.kellerwest.com\/de\/unsere-dienstleistungen\/#primaryimage"},"image":{"@id":"https:\/\/www.kellerwest.com\/de\/unsere-dienstleistungen\/#primaryimage"},"thumbnailUrl":"https:\/\/www.kellerwest.com\/wp-content\/uploads\/2022\/04\/Contingent-Recruitment-1024x689.jpg","datePublished":"2022-07-04T18:33:59+00:00","dateModified":"2024-07-15T13:28:58+00:00","description":"Sehen Sie sich die verschiedenen Arten von Dienstleistungen an, die wir bei Keller West anbieten, von der Executive Search bis zur Befristeten Einstellung.","breadcrumb":{"@id":"https:\/\/www.kellerwest.com\/de\/unsere-dienstleistungen\/#breadcrumb"},"inLanguage":"de-DE","potentialAction":[{"@type":"ReadAction","target":["https:\/\/www.kellerwest.com\/de\/unsere-dienstleistungen\/"]}]},{"@type":"ImageObject","inLanguage":"de-DE","@id":"https:\/\/www.kellerwest.com\/de\/unsere-dienstleistungen\/#primaryimage","url":"https:\/\/www.kellerwest.com\/wp-content\/uploads\/2022\/04\/Contingent-Recruitment-1024x689.jpg","contentUrl":"https:\/\/www.kellerwest.com\/wp-content\/uploads\/2022\/04\/Contingent-Recruitment-1024x689.jpg"},{"@type":"BreadcrumbList","@id":"https:\/\/www.kellerwest.com\/de\/unsere-dienstleistungen\/#breadcrumb","itemListElement":[{"@type":"ListItem","position":1,"name":"Home","item":"https:\/\/www.kellerwest.com\/de\/"},{"@type":"ListItem","position":2,"name":"Unsere Dienstleistungen"}]},{"@type":"WebSite","@id":"https:\/\/www.kellerwest.com\/#website","url":"https:\/\/www.kellerwest.com\/","name":"Keller West","description":"Globale Expertise im IT-Recruitment","publisher":{"@id":"https:\/\/www.kellerwest.com\/#organization"},"potentialAction":[{"@type":"SearchAction","target":{"@type":"EntryPoint","urlTemplate":"https:\/\/www.kellerwest.com\/?s={search_term_string}"},"query-input":{"@type":"PropertyValueSpecification","valueRequired":true,"valueName":"search_term_string"}}],"inLanguage":"de-DE"},{"@type":"Organization","@id":"https:\/\/www.kellerwest.com\/#organization","name":"Keller West","url":"https:\/\/www.kellerwest.com\/","logo":{"@type":"ImageObject","inLanguage":"de-DE","@id":"https:\/\/www.kellerwest.com\/#\/schema\/logo\/image\/","url":"https:\/\/www.kellerwest.com\/wp-content\/uploads\/2023\/09\/Opengraph-Image-72.jpg","contentUrl":"https:\/\/www.kellerwest.com\/wp-content\/uploads\/2023\/09\/Opengraph-Image-72.jpg","width":1024,"height":639,"caption":"Keller West"},"image":{"@id":"https:\/\/www.kellerwest.com\/#\/schema\/logo\/image\/"},"sameAs":["https:\/\/www.linkedin.com\/company\/keller-west"]}]}},"_links":{"self":[{"href":"https:\/\/www.kellerwest.com\/de\/wp-json\/wp\/v2\/pages\/5705","targetHints":{"allow":["GET"]}}],"collection":[{"href":"https:\/\/www.kellerwest.com\/de\/wp-json\/wp\/v2\/pages"}],"about":[{"href":"https:\/\/www.kellerwest.com\/de\/wp-json\/wp\/v2\/types\/page"}],"author":[{"embeddable":true,"href":"https:\/\/www.kellerwest.com\/de\/wp-json\/wp\/v2\/users\/7"}],"replies":[{"embeddable":true,"href":"https:\/\/www.kellerwest.com\/de\/wp-json\/wp\/v2\/comments?post=5705"}],"version-history":[{"count":0,"href":"https:\/\/www.kellerwest.com\/de\/wp-json\/wp\/v2\/pages\/5705\/revisions"}],"wp:attachment":[{"href":"https:\/\/www.kellerwest.com\/de\/wp-json\/wp\/v2\/media?parent=5705"}],"curies":[{"name":"wp","href":"https:\/\/api.w.org\/{rel}","templated":true}]}}