{"id":5744,"date":"2022-07-04T18:52:06","date_gmt":"2022-07-04T18:52:06","guid":{"rendered":"https:\/\/kellerwest.wpenginepowered.com\/london\/duesseldorf\/"},"modified":"2024-07-15T08:49:58","modified_gmt":"2024-07-15T08:49:58","slug":"duesseldorf","status":"publish","type":"page","link":"https:\/\/www.kellerwest.com\/de\/kontakt\/duesseldorf\/","title":{"rendered":"D\u00fcsseldorf"},"content":{"rendered":"\n<div class=\"wp-block-media-text alignwide has-media-on-the-right is-stacked-on-mobile\"><div class=\"wp-block-media-text__content\">\n<div class=\"wp-block-group alignwide is-layout-flow wp-block-group-is-layout-flow\">\n<h1 class=\"wp-block-heading alignwide\" id=\"get-in-touch\">Nehmen Sie Kontakt auf<\/h1>\n\n\n\n<p>M\u00f6chten Sie mehr erfahren? Nehmen Sie hier Kontakt auf &#8211; wir freuen uns von Ihnen zu h\u00f6ren.<\/p>\n\n\n\n<div class=\"wp-block-buttons is-layout-flex wp-block-buttons-is-layout-flex\">\n<div class=\"wp-block-button is-style-primary\"><a class=\"wp-block-button__link wp-element-button\" href=\"https:\/\/www.kellerwest.com\/de\/jobs\/\">Jobsuche<\/a><\/div>\n\n\n\n<div class=\"wp-block-button is-style-primary\"><a class=\"wp-block-button__link wp-element-button\" href=\"https:\/\/www.kellerwest.com\/de\/anfrage-stellen\/\">Stellenangebot einreichen<\/a><\/div>\n<\/div>\n<\/div>\n<\/div><figure class=\"wp-block-media-text__media\"><img loading=\"lazy\" decoding=\"async\" width=\"1024\" height=\"677\" src=\"https:\/\/www.kellerwest.com\/wp-content\/uploads\/2022\/04\/Dusseldorf-1024x677.jpg\" alt=\"\" class=\"wp-image-2459 size-full\" srcset=\"https:\/\/www.kellerwest.com\/wp-content\/uploads\/2022\/04\/Dusseldorf-1024x677.jpg 1024w, https:\/\/www.kellerwest.com\/wp-content\/uploads\/2022\/04\/Dusseldorf-300x198.jpg 300w, https:\/\/www.kellerwest.com\/wp-content\/uploads\/2022\/04\/Dusseldorf-768x508.jpg 768w, https:\/\/www.kellerwest.com\/wp-content\/uploads\/2022\/04\/Dusseldorf-1536x1016.jpg 1536w, https:\/\/www.kellerwest.com\/wp-content\/uploads\/2022\/04\/Dusseldorf.jpg 1980w\" sizes=\"(max-width: 1024px) 100vw, 1024px\" \/><\/figure><\/div>\n\n\n\n<div class=\"wp-block-group alignwide is-layout-flow wp-block-group-is-layout-flow\"><\/div>\n\n\n\n<hr class=\"wp-block-separator has-css-opacity alignwide\"\/>\n\n\n\n<div class=\"wp-block-columns alignwide body-columns get-in-touch__body-columns is-layout-flex wp-container-core-columns-is-layout-28f84493 wp-block-columns-is-layout-flex\">\n<div class=\"wp-block-column is-layout-flow wp-block-column-is-layout-flow\" style=\"flex-basis:75%\">\n<h2 class=\"wp-block-heading\" id=\"frazer-jones-uk\">Keller West D\u00fcsseldorf<\/h2>\n\n\n\n<div class=\"wp-block-columns is-layout-flex wp-container-core-columns-is-layout-28f84493 wp-block-columns-is-layout-flex\">\n<div class=\"wp-block-column is-layout-flow wp-block-column-is-layout-flow\">\n<p>Cantadorstr. 3<br>40211<br>D\u00fcsseldorf<br>Deutschland <\/p>\n<\/div>\n\n\n\n<div class=\"wp-block-column is-layout-flow wp-block-column-is-layout-flow\">\n<p>+49 211 2479 1180   <\/p>\n<\/div>\n<\/div>\n\n\n\n<div class=\"wp-block-group has-black-05-background-color has-background is-layout-flow wp-block-group-is-layout-flow\">\n<h2 class=\"wp-block-heading is-style-eyebrow\" id=\"get-in-touch-1\">Nehmen Sie Kontakt auf<\/h2>\n\n\n\n<script charset=\"utf-8\" type=\"text\/javascript\" src=\"\/\/js-eu1.hsforms.net\/forms\/embed\/v2.js\"><\/script>\n<script>\n  hbspt.forms.create({\n    region: \"eu1\",\n    portalId: \"26669168\",\n    formId: \"557d5f6b-4782-4e07-b28e-3df3e24d0d38\"\n  });\n<\/script>\n<\/div>\n<\/div>\n\n\n\n<div class=\"wp-block-column is-layout-flow wp-block-column-is-layout-flow\" style=\"flex-basis:25%\">\n\n<\/div>\n<\/div>\n","protected":false},"excerpt":{"rendered":"<p>Keller West D\u00fcsseldorf Cantadorstr. 340211D\u00fcsseldorfDeutschland +49 211 2479 1180 Nehmen Sie Kontakt auf<\/p>\n","protected":false},"author":7,"featured_media":0,"parent":5700,"menu_order":0,"comment_status":"closed","ping_status":"closed","template":"","meta":{"_acf_changed":false,"footnotes":""},"class_list":["post-5744","page","type-page","status-publish","hentry"],"acf":[],"yoast_head":"<!-- This site is optimized with the Yoast SEO Premium plugin v25.4 (Yoast SEO v27.5) - https:\/\/yoast.com\/product\/yoast-seo-premium-wordpress\/ -->\n<title>D\u00fcsseldorf - Keller West<\/title>\n<meta name=\"description\" content=\"M\u00f6chten Sie mehr erfahren? Nehmen Sie hier Kontakt auf - wir freuen uns von Ihnen zu h\u00f6ren.\" \/>\n<meta name=\"robots\" content=\"index, follow, max-snippet:-1, max-image-preview:large, max-video-preview:-1\" \/>\n<link rel=\"canonical\" href=\"https:\/\/www.kellerwest.com\/de\/kontakt\/duesseldorf\/\" \/>\n<meta property=\"og:locale\" content=\"de_DE\" \/>\n<meta property=\"og:type\" content=\"article\" \/>\n<meta property=\"og:title\" content=\"D\u00fcsseldorf\" \/>\n<meta property=\"og:description\" content=\"M\u00f6chten Sie mehr erfahren? Nehmen Sie hier Kontakt auf - wir freuen uns von Ihnen zu h\u00f6ren.\" \/>\n<meta property=\"og:url\" content=\"https:\/\/www.kellerwest.com\/de\/kontakt\/duesseldorf\/\" \/>\n<meta property=\"og:site_name\" content=\"Keller West\" \/>\n<meta property=\"article:modified_time\" content=\"2024-07-15T08:49:58+00:00\" \/>\n<meta property=\"og:image\" content=\"https:\/\/www.kellerwest.com\/wp-content\/uploads\/2022\/04\/Dusseldorf-1024x677.jpg\" \/>\n<meta name=\"twitter:card\" content=\"summary_large_image\" \/>\n<meta name=\"twitter:label1\" content=\"Est. reading time\" \/>\n\t<meta name=\"twitter:data1\" content=\"1 minute\" \/>\n<script type=\"application\/ld+json\" class=\"yoast-schema-graph\">{\"@context\":\"https:\\\/\\\/schema.org\",\"@graph\":[{\"@type\":\"WebPage\",\"@id\":\"https:\\\/\\\/www.kellerwest.com\\\/de\\\/kontakt\\\/duesseldorf\\\/\",\"url\":\"https:\\\/\\\/www.kellerwest.com\\\/de\\\/kontakt\\\/duesseldorf\\\/\",\"name\":\"D\u00fcsseldorf - Keller West\",\"isPartOf\":{\"@id\":\"https:\\\/\\\/www.kellerwest.com\\\/#website\"},\"primaryImageOfPage\":{\"@id\":\"https:\\\/\\\/www.kellerwest.com\\\/de\\\/kontakt\\\/duesseldorf\\\/#primaryimage\"},\"image\":{\"@id\":\"https:\\\/\\\/www.kellerwest.com\\\/de\\\/kontakt\\\/duesseldorf\\\/#primaryimage\"},\"thumbnailUrl\":\"https:\\\/\\\/www.kellerwest.com\\\/wp-content\\\/uploads\\\/2022\\\/04\\\/Dusseldorf-1024x677.jpg\",\"datePublished\":\"2022-07-04T18:52:06+00:00\",\"dateModified\":\"2024-07-15T08:49:58+00:00\",\"description\":\"M\u00f6chten Sie mehr erfahren? Nehmen Sie hier Kontakt auf - wir freuen uns von Ihnen zu h\u00f6ren.\",\"breadcrumb\":{\"@id\":\"https:\\\/\\\/www.kellerwest.com\\\/de\\\/kontakt\\\/duesseldorf\\\/#breadcrumb\"},\"inLanguage\":\"de-DE\",\"potentialAction\":[{\"@type\":\"ReadAction\",\"target\":[\"https:\\\/\\\/www.kellerwest.com\\\/de\\\/kontakt\\\/duesseldorf\\\/\"]}]},{\"@type\":\"ImageObject\",\"inLanguage\":\"de-DE\",\"@id\":\"https:\\\/\\\/www.kellerwest.com\\\/de\\\/kontakt\\\/duesseldorf\\\/#primaryimage\",\"url\":\"https:\\\/\\\/www.kellerwest.com\\\/wp-content\\\/uploads\\\/2022\\\/04\\\/Dusseldorf-1024x677.jpg\",\"contentUrl\":\"https:\\\/\\\/www.kellerwest.com\\\/wp-content\\\/uploads\\\/2022\\\/04\\\/Dusseldorf-1024x677.jpg\"},{\"@type\":\"BreadcrumbList\",\"@id\":\"https:\\\/\\\/www.kellerwest.com\\\/de\\\/kontakt\\\/duesseldorf\\\/#breadcrumb\",\"itemListElement\":[{\"@type\":\"ListItem\",\"position\":1,\"name\":\"Home\",\"item\":\"https:\\\/\\\/www.kellerwest.com\\\/de\\\/\"},{\"@type\":\"ListItem\",\"position\":2,\"name\":\"Nehmen Sie Kontakt auf\",\"item\":\"https:\\\/\\\/www.kellerwest.com\\\/de\\\/kontakt\\\/\"},{\"@type\":\"ListItem\",\"position\":3,\"name\":\"D\u00fcsseldorf\"}]},{\"@type\":\"WebSite\",\"@id\":\"https:\\\/\\\/www.kellerwest.com\\\/#website\",\"url\":\"https:\\\/\\\/www.kellerwest.com\\\/\",\"name\":\"Keller West\",\"description\":\"Globale Expertise im IT-Recruitment\",\"publisher\":{\"@id\":\"https:\\\/\\\/www.kellerwest.com\\\/#organization\"},\"potentialAction\":[{\"@type\":\"SearchAction\",\"target\":{\"@type\":\"EntryPoint\",\"urlTemplate\":\"https:\\\/\\\/www.kellerwest.com\\\/?s={search_term_string}\"},\"query-input\":{\"@type\":\"PropertyValueSpecification\",\"valueRequired\":true,\"valueName\":\"search_term_string\"}}],\"inLanguage\":\"de-DE\"},{\"@type\":\"Organization\",\"@id\":\"https:\\\/\\\/www.kellerwest.com\\\/#organization\",\"name\":\"Keller West\",\"url\":\"https:\\\/\\\/www.kellerwest.com\\\/\",\"logo\":{\"@type\":\"ImageObject\",\"inLanguage\":\"de-DE\",\"@id\":\"https:\\\/\\\/www.kellerwest.com\\\/#\\\/schema\\\/logo\\\/image\\\/\",\"url\":\"https:\\\/\\\/www.kellerwest.com\\\/wp-content\\\/uploads\\\/2023\\\/09\\\/Opengraph-Image-72.jpg\",\"contentUrl\":\"https:\\\/\\\/www.kellerwest.com\\\/wp-content\\\/uploads\\\/2023\\\/09\\\/Opengraph-Image-72.jpg\",\"width\":1024,\"height\":639,\"caption\":\"Keller West\"},\"image\":{\"@id\":\"https:\\\/\\\/www.kellerwest.com\\\/#\\\/schema\\\/logo\\\/image\\\/\"},\"sameAs\":[\"https:\\\/\\\/www.linkedin.com\\\/company\\\/keller-west\"]}]}<\/script>\n<!-- \/ Yoast SEO Premium plugin. -->","yoast_head_json":{"title":"D\u00fcsseldorf - Keller West","description":"M\u00f6chten Sie mehr erfahren? Nehmen Sie hier Kontakt auf - wir freuen uns von Ihnen zu h\u00f6ren.","robots":{"index":"index","follow":"follow","max-snippet":"max-snippet:-1","max-image-preview":"max-image-preview:large","max-video-preview":"max-video-preview:-1"},"canonical":"https:\/\/www.kellerwest.com\/de\/kontakt\/duesseldorf\/","og_locale":"de_DE","og_type":"article","og_title":"D\u00fcsseldorf","og_description":"M\u00f6chten Sie mehr erfahren? Nehmen Sie hier Kontakt auf - wir freuen uns von Ihnen zu h\u00f6ren.","og_url":"https:\/\/www.kellerwest.com\/de\/kontakt\/duesseldorf\/","og_site_name":"Keller West","article_modified_time":"2024-07-15T08:49:58+00:00","og_image":[{"url":"https:\/\/www.kellerwest.com\/wp-content\/uploads\/2022\/04\/Dusseldorf-1024x677.jpg","type":"","width":"","height":""}],"twitter_card":"summary_large_image","twitter_misc":{"Est. reading time":"1 minute"},"schema":{"@context":"https:\/\/schema.org","@graph":[{"@type":"WebPage","@id":"https:\/\/www.kellerwest.com\/de\/kontakt\/duesseldorf\/","url":"https:\/\/www.kellerwest.com\/de\/kontakt\/duesseldorf\/","name":"D\u00fcsseldorf - Keller West","isPartOf":{"@id":"https:\/\/www.kellerwest.com\/#website"},"primaryImageOfPage":{"@id":"https:\/\/www.kellerwest.com\/de\/kontakt\/duesseldorf\/#primaryimage"},"image":{"@id":"https:\/\/www.kellerwest.com\/de\/kontakt\/duesseldorf\/#primaryimage"},"thumbnailUrl":"https:\/\/www.kellerwest.com\/wp-content\/uploads\/2022\/04\/Dusseldorf-1024x677.jpg","datePublished":"2022-07-04T18:52:06+00:00","dateModified":"2024-07-15T08:49:58+00:00","description":"M\u00f6chten Sie mehr erfahren? Nehmen Sie hier Kontakt auf - wir freuen uns von Ihnen zu h\u00f6ren.","breadcrumb":{"@id":"https:\/\/www.kellerwest.com\/de\/kontakt\/duesseldorf\/#breadcrumb"},"inLanguage":"de-DE","potentialAction":[{"@type":"ReadAction","target":["https:\/\/www.kellerwest.com\/de\/kontakt\/duesseldorf\/"]}]},{"@type":"ImageObject","inLanguage":"de-DE","@id":"https:\/\/www.kellerwest.com\/de\/kontakt\/duesseldorf\/#primaryimage","url":"https:\/\/www.kellerwest.com\/wp-content\/uploads\/2022\/04\/Dusseldorf-1024x677.jpg","contentUrl":"https:\/\/www.kellerwest.com\/wp-content\/uploads\/2022\/04\/Dusseldorf-1024x677.jpg"},{"@type":"BreadcrumbList","@id":"https:\/\/www.kellerwest.com\/de\/kontakt\/duesseldorf\/#breadcrumb","itemListElement":[{"@type":"ListItem","position":1,"name":"Home","item":"https:\/\/www.kellerwest.com\/de\/"},{"@type":"ListItem","position":2,"name":"Nehmen Sie Kontakt auf","item":"https:\/\/www.kellerwest.com\/de\/kontakt\/"},{"@type":"ListItem","position":3,"name":"D\u00fcsseldorf"}]},{"@type":"WebSite","@id":"https:\/\/www.kellerwest.com\/#website","url":"https:\/\/www.kellerwest.com\/","name":"Keller West","description":"Globale Expertise im IT-Recruitment","publisher":{"@id":"https:\/\/www.kellerwest.com\/#organization"},"potentialAction":[{"@type":"SearchAction","target":{"@type":"EntryPoint","urlTemplate":"https:\/\/www.kellerwest.com\/?s={search_term_string}"},"query-input":{"@type":"PropertyValueSpecification","valueRequired":true,"valueName":"search_term_string"}}],"inLanguage":"de-DE"},{"@type":"Organization","@id":"https:\/\/www.kellerwest.com\/#organization","name":"Keller West","url":"https:\/\/www.kellerwest.com\/","logo":{"@type":"ImageObject","inLanguage":"de-DE","@id":"https:\/\/www.kellerwest.com\/#\/schema\/logo\/image\/","url":"https:\/\/www.kellerwest.com\/wp-content\/uploads\/2023\/09\/Opengraph-Image-72.jpg","contentUrl":"https:\/\/www.kellerwest.com\/wp-content\/uploads\/2023\/09\/Opengraph-Image-72.jpg","width":1024,"height":639,"caption":"Keller West"},"image":{"@id":"https:\/\/www.kellerwest.com\/#\/schema\/logo\/image\/"},"sameAs":["https:\/\/www.linkedin.com\/company\/keller-west"]}]}},"_links":{"self":[{"href":"https:\/\/www.kellerwest.com\/de\/wp-json\/wp\/v2\/pages\/5744","targetHints":{"allow":["GET"]}}],"collection":[{"href":"https:\/\/www.kellerwest.com\/de\/wp-json\/wp\/v2\/pages"}],"about":[{"href":"https:\/\/www.kellerwest.com\/de\/wp-json\/wp\/v2\/types\/page"}],"author":[{"embeddable":true,"href":"https:\/\/www.kellerwest.com\/de\/wp-json\/wp\/v2\/users\/7"}],"replies":[{"embeddable":true,"href":"https:\/\/www.kellerwest.com\/de\/wp-json\/wp\/v2\/comments?post=5744"}],"version-history":[{"count":0,"href":"https:\/\/www.kellerwest.com\/de\/wp-json\/wp\/v2\/pages\/5744\/revisions"}],"up":[{"embeddable":true,"href":"https:\/\/www.kellerwest.com\/de\/wp-json\/wp\/v2\/pages\/5700"}],"wp:attachment":[{"href":"https:\/\/www.kellerwest.com\/de\/wp-json\/wp\/v2\/media?parent=5744"}],"curies":[{"name":"wp","href":"https:\/\/api.w.org\/{rel}","templated":true}]}}