{"id":62740,"date":"2023-09-13T07:23:37","date_gmt":"2023-09-13T07:23:37","guid":{"rendered":"https:\/\/kellerwest.wpenginepowered.com\/cyber-security\/"},"modified":"2024-07-19T14:26:56","modified_gmt":"2024-07-19T14:26:56","slug":"cyber-security","status":"publish","type":"page","link":"https:\/\/www.kellerwest.com\/de\/cyber-security\/","title":{"rendered":"Cyber Security"},"content":{"rendered":"\n<div class=\"wp-block-group alignwide is-layout-constrained wp-block-group-is-layout-constrained\">\n<div class=\"wp-block-columns alignwide is-layout-flex wp-container-core-columns-is-layout-28f84493 wp-block-columns-is-layout-flex\">\n<div class=\"wp-block-column is-layout-flow wp-block-column-is-layout-flow\">\n<h1 class=\"wp-block-heading alignwide\" id=\"h-cyber-security-jobs\">Cyber Security Jobs<\/h1>\n<\/div>\n\n\n\n<div class=\"wp-block-column is-layout-flow wp-block-column-is-layout-flow\">\n<p>Finden Sie eine neue Stelle im Bereich Cyber Security mit Hilfe unseres Expertenteams f\u00fcr Cyber Recruitment.<\/p>\n<\/div>\n<\/div>\n<\/div>\n\n\n\n<div class=\"wp-block-media-text alignwide has-media-on-the-right is-stacked-on-mobile\"><div class=\"wp-block-media-text__content\">\n<p><\/p>\n\n\n\n<h2 class=\"wp-block-heading is-style-eyebrow\" id=\"h-quick-links\">Quick Links<\/h2>\n\n\n\n<div class=\"wp-block-buttons is-layout-flex wp-block-buttons-is-layout-flex\">\n<div class=\"wp-block-button is-style-arrow\"><a class=\"wp-block-button__link wp-element-button\" href=\"https:\/\/www.kellerwest.com\/jobs\/de\/?_job_specialism=cyber-security\">Aktuelle Jobs<\/a><\/div>\n\n\n\n<div class=\"wp-block-button is-style-arrow\"><a class=\"wp-block-button__link wp-element-button\" href=\"https:\/\/www.kellerwest.com\/de\/consultants\/?_hd_person_specialism=cyber-security\">Unser Team<\/a><\/div>\n\n\n\n<div class=\"wp-block-button is-style-arrow\"><a class=\"wp-block-button__link wp-element-button\" href=\"https:\/\/www.kellerwest.com\/de\/insights\/\">\u00c4hnliche Inhalte<\/a><\/div>\n<\/div>\n\n\n\n<hr class=\"wp-block-separator has-alpha-channel-opacity\"\/>\n\n\n\n<p>Ihre F\u00e4higkeiten und Erfahrungen sind als Fachkraft f\u00fcr Cyber Security sehr gefragt. Unser Team von Cyber Recruitment Expert*innen kann Ihnen dabei helfen, alle M\u00f6glichkeiten f\u00fcr Ihren n\u00e4chsten Karriereschritt in diesem dynamischen Bereich zu erkunden.<\/p>\n\n\n\n<p>Unser Team deckt alle Aspekte der Cyber und Digital Security ab: Security Specialists, Network Security Engineers, Cyber Security Consultants, Expert*innen f\u00fcr digitale Forensik, Kryptographen, Tester, Secure Systems Developers und Architects und viele mehr.<\/p>\n\n\n\n<p>Unsere Stellenangebote f\u00fcr Cyber Security Professionals bieten neue M\u00f6glichkeiten in herausfordernden und sich weiterentwickelnden Umgebungen &#8211; ob als Festanstellung oder als Freiberufler.<\/p>\n\n\n\n<p>Diese Stellen sind in allen Branchen und Unternehmensgr\u00f6\u00dfen zu besetzen, je nachdem, welche Karriere Sie anstreben. Unser Netzwerk von Unternehmen ist sehr daran interessiert, Cyber Security Expert*innen einzustellen, die sie vor Bedrohungen sch\u00fctzen, das Bewusstsein und Schulungen daf\u00fcr durchsetzen und vor allem das Vertrauen ihrer Kunden gewinnen.<\/p>\n<\/div><figure class=\"wp-block-media-text__media\"><img loading=\"lazy\" decoding=\"async\" width=\"1024\" height=\"683\" src=\"https:\/\/www.kellerwest.com\/wp-content\/uploads\/2023\/09\/iStock-618761888-1024x683.jpg\" alt=\"\" class=\"wp-image-61723 size-full\" srcset=\"https:\/\/www.kellerwest.com\/wp-content\/uploads\/2023\/09\/iStock-618761888-1024x683.jpg 1024w, https:\/\/www.kellerwest.com\/wp-content\/uploads\/2023\/09\/iStock-618761888-300x200.jpg 300w, https:\/\/www.kellerwest.com\/wp-content\/uploads\/2023\/09\/iStock-618761888-768x512.jpg 768w, https:\/\/www.kellerwest.com\/wp-content\/uploads\/2023\/09\/iStock-618761888-1536x1024.jpg 1536w, https:\/\/www.kellerwest.com\/wp-content\/uploads\/2023\/09\/iStock-618761888-2048x1365.jpg 2048w\" sizes=\"(max-width: 1024px) 100vw, 1024px\" \/><\/figure><\/div>\n\n\n\n<div class=\"wp-block-buttons alignwide is-layout-flex wp-block-buttons-is-layout-flex\">\n<div class=\"wp-block-button is-style-cta-arrow\"><a class=\"wp-block-button__link wp-element-button\" href=\"https:\/\/www.kellerwest.com\/de\/jobs\/?_job_specialism=cyber-security\">Cyber Security Jobs ansehen<\/a><\/div>\n<\/div>\n\n\n\n<div class=\"wp-block-group alignwide is-layout-constrained wp-block-group-is-layout-constrained\">\n<div class=\"wp-block-columns alignwide is-layout-flex wp-container-core-columns-is-layout-28f84493 wp-block-columns-is-layout-flex\">\n<div class=\"wp-block-column is-layout-flow wp-block-column-is-layout-flow\">\n\t<div class=\"hd-block hd-block-people alignwide is-slider\" id=\"block_410035a3219de1465723d78e37fcb4d3\" data-total=\"1\">\n\n\t\t\n\t\t\t<div class=\"eyebrow-group\">\n\n\t\t\t\t\t\t\t\t\t<h3 class=\"hd-block-job__title is-style-eyebrow eyebrow-group__title\">Sehen Sie sich unsere Spezialist*innen f\u00fcr IT-Beratung an<\/h3>\n\t\t\t\t\t\n\t\t\t<\/div>\n\n\t\t\t\n\t\t<div class=\"cards cards--people\">\n\n\t\t\t\n<div class=\"card card--person post-64730 hd_person type-hd_person status-publish has-post-thumbnail hentry hd_person_location-germany\" id=\"block_410035a3219de1465723d78e37fcb4d3-person-64730\">\n\n\t<div class=\"card--person__inner\">\n\n\t\t\n\t\t\t<figure class=\"card__image-wrapper\">\n\t\t\t\t<a href=\"https:\/\/www.kellerwest.com\/de\/consultants\/rachael-crocker\/\"><img loading=\"lazy\" decoding=\"async\" width=\"300\" height=\"300\" src=\"https:\/\/www.kellerwest.com\/wp-content\/uploads\/2025\/04\/Rachael-Crocker-1-300x300.jpg\" class=\"card__image test\" alt=\"\" sizes=\"(max-width: 600px) 100vw, (max-width: 781px) 50vw, (max-width: 1023px) 40vw, (max-width: 1200px) 25vw, 370px\" srcset=\"https:\/\/www.kellerwest.com\/wp-content\/uploads\/2025\/04\/Rachael-Crocker-1-300x300.jpg 300w, https:\/\/www.kellerwest.com\/wp-content\/uploads\/2025\/04\/Rachael-Crocker-1-150x150.jpg 150w, https:\/\/www.kellerwest.com\/wp-content\/uploads\/2025\/04\/Rachael-Crocker-1-768x768.jpg 768w, https:\/\/www.kellerwest.com\/wp-content\/uploads\/2025\/04\/Rachael-Crocker-1.jpg 1000w\" \/><\/a>\t\t\t<\/figure>\n\n\t\t\t\t\t\t<div class=\"card__titles\">\n\t\t\t\t\t\t\t<h2 class=\"card__title\"><a href=\"https:\/\/www.kellerwest.com\/de\/consultants\/rachael-crocker\/\">Rachael Crocker<\/a><\/h2>\n\t\t\t\t\t\t\t\t<h3 class=\"card__subtitle\"><a href=\"https:\/\/www.kellerwest.com\/de\/consultants\/rachael-crocker\/\">Managing Director | Head of Europe<\/a><\/h3>\n\t\t\t\t\t\t\t<\/div>\n\t\t\t\t\t\t<div class=\"card__location\">Germany<\/div>\n\t\t\t\t\t\t<div class=\"card__email\">\n\t\t\t\t<a class=\"card__contact-link card__contact-link--email\" href=\"mailto:rachaelcrocker@thesrgroup.com\">rachaelcrocker@thesrgroup.com<\/a>\n\t\t\t<\/div>\n\t\t\t\t\t\t<div class=\"card__tel\">\n\t\t\t\t<a class=\"card__contact-link card__contact-link--tel\" href=\"tel:+31208886271\">+31 20 888 6271<\/a>\n\t\t\t<\/div>\n\t\t\t\t\t\t<div class=\"card__linkedin\">\n\t\t\t\t<a class=\"card__contact-link card__contact-link--linkedin\" target=\"_blank\" href=\"https:\/\/www.linkedin.com\/in\/rachaeldcrocker\/\">Connect<\/a>\n\t\t\t<\/div>\n\t\t\t\n\t<\/div>\n\n<\/div>\n\n\n\t\t<\/div>\n\n\t<\/div>\n\n\t<\/div>\n<\/div>\n<\/div>\n\n\n\n<p><\/p>\n","protected":false},"excerpt":{"rendered":"<p>Cyber Security Jobs Finden Sie eine neue Stelle im Bereich Cyber Security mit Hilfe unseres Expertenteams f\u00fcr Cyber Recruitment.<\/p>\n","protected":false},"author":376,"featured_media":0,"parent":0,"menu_order":0,"comment_status":"closed","ping_status":"closed","template":"","meta":{"_acf_changed":false,"footnotes":""},"class_list":["post-62740","page","type-page","status-publish","hentry"],"acf":[],"yoast_head":"<!-- This site is optimized with the Yoast SEO Premium plugin v25.4 (Yoast SEO v27.4) - https:\/\/yoast.com\/product\/yoast-seo-premium-wordpress\/ -->\n<title>Cyber Security - Keller West<\/title>\n<meta name=\"robots\" content=\"index, follow, max-snippet:-1, max-image-preview:large, max-video-preview:-1\" \/>\n<link rel=\"canonical\" href=\"https:\/\/www.kellerwest.com\/de\/cyber-security\/\" \/>\n<meta property=\"og:locale\" content=\"de_DE\" \/>\n<meta property=\"og:type\" content=\"article\" \/>\n<meta property=\"og:title\" content=\"Cyber Security\" \/>\n<meta property=\"og:description\" content=\"Cyber Security Jobs Finden Sie eine neue Stelle im Bereich Cyber Security mit Hilfe unseres Expertenteams f\u00fcr Cyber Recruitment.\" \/>\n<meta property=\"og:url\" content=\"https:\/\/www.kellerwest.com\/de\/cyber-security\/\" \/>\n<meta property=\"og:site_name\" content=\"Keller West\" \/>\n<meta property=\"article:modified_time\" content=\"2024-07-19T14:26:56+00:00\" \/>\n<meta property=\"og:image\" content=\"https:\/\/www.kellerwest.com\/wp-content\/uploads\/2023\/09\/iStock-618761888-1024x683.jpg\" \/>\n<meta name=\"twitter:card\" content=\"summary_large_image\" \/>\n<meta name=\"twitter:label1\" content=\"Est. reading time\" \/>\n\t<meta name=\"twitter:data1\" content=\"1 minute\" \/>\n<script type=\"application\/ld+json\" class=\"yoast-schema-graph\">{\"@context\":\"https:\\\/\\\/schema.org\",\"@graph\":[{\"@type\":\"WebPage\",\"@id\":\"https:\\\/\\\/www.kellerwest.com\\\/de\\\/cyber-security\\\/\",\"url\":\"https:\\\/\\\/www.kellerwest.com\\\/de\\\/cyber-security\\\/\",\"name\":\"Cyber Security - Keller West\",\"isPartOf\":{\"@id\":\"https:\\\/\\\/www.kellerwest.com\\\/#website\"},\"primaryImageOfPage\":{\"@id\":\"https:\\\/\\\/www.kellerwest.com\\\/de\\\/cyber-security\\\/#primaryimage\"},\"image\":{\"@id\":\"https:\\\/\\\/www.kellerwest.com\\\/de\\\/cyber-security\\\/#primaryimage\"},\"thumbnailUrl\":\"https:\\\/\\\/www.kellerwest.com\\\/wp-content\\\/uploads\\\/2023\\\/09\\\/iStock-618761888-1024x683.jpg\",\"datePublished\":\"2023-09-13T07:23:37+00:00\",\"dateModified\":\"2024-07-19T14:26:56+00:00\",\"breadcrumb\":{\"@id\":\"https:\\\/\\\/www.kellerwest.com\\\/de\\\/cyber-security\\\/#breadcrumb\"},\"inLanguage\":\"de-DE\",\"potentialAction\":[{\"@type\":\"ReadAction\",\"target\":[\"https:\\\/\\\/www.kellerwest.com\\\/de\\\/cyber-security\\\/\"]}]},{\"@type\":\"ImageObject\",\"inLanguage\":\"de-DE\",\"@id\":\"https:\\\/\\\/www.kellerwest.com\\\/de\\\/cyber-security\\\/#primaryimage\",\"url\":\"https:\\\/\\\/www.kellerwest.com\\\/wp-content\\\/uploads\\\/2023\\\/09\\\/iStock-618761888-1024x683.jpg\",\"contentUrl\":\"https:\\\/\\\/www.kellerwest.com\\\/wp-content\\\/uploads\\\/2023\\\/09\\\/iStock-618761888-1024x683.jpg\"},{\"@type\":\"BreadcrumbList\",\"@id\":\"https:\\\/\\\/www.kellerwest.com\\\/de\\\/cyber-security\\\/#breadcrumb\",\"itemListElement\":[{\"@type\":\"ListItem\",\"position\":1,\"name\":\"Home\",\"item\":\"https:\\\/\\\/www.kellerwest.com\\\/de\\\/\"},{\"@type\":\"ListItem\",\"position\":2,\"name\":\"Cyber Security\"}]},{\"@type\":\"WebSite\",\"@id\":\"https:\\\/\\\/www.kellerwest.com\\\/#website\",\"url\":\"https:\\\/\\\/www.kellerwest.com\\\/\",\"name\":\"Keller West\",\"description\":\"Globale Expertise im IT-Recruitment\",\"publisher\":{\"@id\":\"https:\\\/\\\/www.kellerwest.com\\\/#organization\"},\"potentialAction\":[{\"@type\":\"SearchAction\",\"target\":{\"@type\":\"EntryPoint\",\"urlTemplate\":\"https:\\\/\\\/www.kellerwest.com\\\/?s={search_term_string}\"},\"query-input\":{\"@type\":\"PropertyValueSpecification\",\"valueRequired\":true,\"valueName\":\"search_term_string\"}}],\"inLanguage\":\"de-DE\"},{\"@type\":\"Organization\",\"@id\":\"https:\\\/\\\/www.kellerwest.com\\\/#organization\",\"name\":\"Keller West\",\"url\":\"https:\\\/\\\/www.kellerwest.com\\\/\",\"logo\":{\"@type\":\"ImageObject\",\"inLanguage\":\"de-DE\",\"@id\":\"https:\\\/\\\/www.kellerwest.com\\\/#\\\/schema\\\/logo\\\/image\\\/\",\"url\":\"https:\\\/\\\/www.kellerwest.com\\\/wp-content\\\/uploads\\\/2023\\\/09\\\/Opengraph-Image-72.jpg\",\"contentUrl\":\"https:\\\/\\\/www.kellerwest.com\\\/wp-content\\\/uploads\\\/2023\\\/09\\\/Opengraph-Image-72.jpg\",\"width\":1024,\"height\":639,\"caption\":\"Keller West\"},\"image\":{\"@id\":\"https:\\\/\\\/www.kellerwest.com\\\/#\\\/schema\\\/logo\\\/image\\\/\"},\"sameAs\":[\"https:\\\/\\\/www.linkedin.com\\\/company\\\/keller-west\"]}]}<\/script>\n<!-- \/ Yoast SEO Premium plugin. -->","yoast_head_json":{"title":"Cyber Security - Keller West","robots":{"index":"index","follow":"follow","max-snippet":"max-snippet:-1","max-image-preview":"max-image-preview:large","max-video-preview":"max-video-preview:-1"},"canonical":"https:\/\/www.kellerwest.com\/de\/cyber-security\/","og_locale":"de_DE","og_type":"article","og_title":"Cyber Security","og_description":"Cyber Security Jobs Finden Sie eine neue Stelle im Bereich Cyber Security mit Hilfe unseres Expertenteams f\u00fcr Cyber Recruitment.","og_url":"https:\/\/www.kellerwest.com\/de\/cyber-security\/","og_site_name":"Keller West","article_modified_time":"2024-07-19T14:26:56+00:00","og_image":[{"url":"https:\/\/www.kellerwest.com\/wp-content\/uploads\/2023\/09\/iStock-618761888-1024x683.jpg","type":"","width":"","height":""}],"twitter_card":"summary_large_image","twitter_misc":{"Est. reading time":"1 minute"},"schema":{"@context":"https:\/\/schema.org","@graph":[{"@type":"WebPage","@id":"https:\/\/www.kellerwest.com\/de\/cyber-security\/","url":"https:\/\/www.kellerwest.com\/de\/cyber-security\/","name":"Cyber Security - Keller West","isPartOf":{"@id":"https:\/\/www.kellerwest.com\/#website"},"primaryImageOfPage":{"@id":"https:\/\/www.kellerwest.com\/de\/cyber-security\/#primaryimage"},"image":{"@id":"https:\/\/www.kellerwest.com\/de\/cyber-security\/#primaryimage"},"thumbnailUrl":"https:\/\/www.kellerwest.com\/wp-content\/uploads\/2023\/09\/iStock-618761888-1024x683.jpg","datePublished":"2023-09-13T07:23:37+00:00","dateModified":"2024-07-19T14:26:56+00:00","breadcrumb":{"@id":"https:\/\/www.kellerwest.com\/de\/cyber-security\/#breadcrumb"},"inLanguage":"de-DE","potentialAction":[{"@type":"ReadAction","target":["https:\/\/www.kellerwest.com\/de\/cyber-security\/"]}]},{"@type":"ImageObject","inLanguage":"de-DE","@id":"https:\/\/www.kellerwest.com\/de\/cyber-security\/#primaryimage","url":"https:\/\/www.kellerwest.com\/wp-content\/uploads\/2023\/09\/iStock-618761888-1024x683.jpg","contentUrl":"https:\/\/www.kellerwest.com\/wp-content\/uploads\/2023\/09\/iStock-618761888-1024x683.jpg"},{"@type":"BreadcrumbList","@id":"https:\/\/www.kellerwest.com\/de\/cyber-security\/#breadcrumb","itemListElement":[{"@type":"ListItem","position":1,"name":"Home","item":"https:\/\/www.kellerwest.com\/de\/"},{"@type":"ListItem","position":2,"name":"Cyber Security"}]},{"@type":"WebSite","@id":"https:\/\/www.kellerwest.com\/#website","url":"https:\/\/www.kellerwest.com\/","name":"Keller West","description":"Globale Expertise im IT-Recruitment","publisher":{"@id":"https:\/\/www.kellerwest.com\/#organization"},"potentialAction":[{"@type":"SearchAction","target":{"@type":"EntryPoint","urlTemplate":"https:\/\/www.kellerwest.com\/?s={search_term_string}"},"query-input":{"@type":"PropertyValueSpecification","valueRequired":true,"valueName":"search_term_string"}}],"inLanguage":"de-DE"},{"@type":"Organization","@id":"https:\/\/www.kellerwest.com\/#organization","name":"Keller West","url":"https:\/\/www.kellerwest.com\/","logo":{"@type":"ImageObject","inLanguage":"de-DE","@id":"https:\/\/www.kellerwest.com\/#\/schema\/logo\/image\/","url":"https:\/\/www.kellerwest.com\/wp-content\/uploads\/2023\/09\/Opengraph-Image-72.jpg","contentUrl":"https:\/\/www.kellerwest.com\/wp-content\/uploads\/2023\/09\/Opengraph-Image-72.jpg","width":1024,"height":639,"caption":"Keller West"},"image":{"@id":"https:\/\/www.kellerwest.com\/#\/schema\/logo\/image\/"},"sameAs":["https:\/\/www.linkedin.com\/company\/keller-west"]}]}},"_links":{"self":[{"href":"https:\/\/www.kellerwest.com\/de\/wp-json\/wp\/v2\/pages\/62740","targetHints":{"allow":["GET"]}}],"collection":[{"href":"https:\/\/www.kellerwest.com\/de\/wp-json\/wp\/v2\/pages"}],"about":[{"href":"https:\/\/www.kellerwest.com\/de\/wp-json\/wp\/v2\/types\/page"}],"author":[{"embeddable":true,"href":"https:\/\/www.kellerwest.com\/de\/wp-json\/wp\/v2\/users\/376"}],"replies":[{"embeddable":true,"href":"https:\/\/www.kellerwest.com\/de\/wp-json\/wp\/v2\/comments?post=62740"}],"version-history":[{"count":0,"href":"https:\/\/www.kellerwest.com\/de\/wp-json\/wp\/v2\/pages\/62740\/revisions"}],"wp:attachment":[{"href":"https:\/\/www.kellerwest.com\/de\/wp-json\/wp\/v2\/media?parent=62740"}],"curies":[{"name":"wp","href":"https:\/\/api.w.org\/{rel}","templated":true}]}}