{"id":62744,"date":"2024-02-19T15:51:23","date_gmt":"2024-02-19T15:51:23","guid":{"rendered":"https:\/\/kellerwest.wpenginepowered.com\/it-leadership-jobs\/"},"modified":"2024-07-19T14:25:20","modified_gmt":"2024-07-19T14:25:20","slug":"it-leadership-jobs","status":"publish","type":"page","link":"https:\/\/www.kellerwest.com\/de\/it-leadership-jobs\/","title":{"rendered":"IT Leadership Jobs"},"content":{"rendered":"\n<div class=\"wp-block-group alignfull has-black-10-background-color has-background is-layout-constrained wp-block-group-is-layout-constrained\">\n<div class=\"wp-block-columns alignwide is-layout-flex wp-container-core-columns-is-layout-28f84493 wp-block-columns-is-layout-flex\">\n<div class=\"wp-block-column is-layout-flow wp-block-column-is-layout-flow\">\n<h1 class=\"wp-block-heading alignwide\" id=\"h-it-leadership-jobs\">IT Leadership Jobs<\/h1>\n<\/div>\n\n\n\n<div class=\"wp-block-column is-layout-flow wp-block-column-is-layout-flow\">\n<p>Finden Sie Ihre n\u00e4chste F\u00fchrungsrolle mit der Unterst\u00fctzung unseres Teams f\u00fcr Executive Search und Personalvermittlung.<\/p>\n<\/div>\n<\/div>\n<\/div>\n\n\n\n<div class=\"wp-block-media-text alignwide has-media-on-the-right is-stacked-on-mobile is-vertically-aligned-top\"><div class=\"wp-block-media-text__content\">\n<h2 class=\"wp-block-heading is-style-eyebrow\" id=\"h-quick-links\">Quick Links<\/h2>\n\n\n\n<div class=\"wp-block-buttons is-layout-flex wp-block-buttons-is-layout-flex\">\n<div class=\"wp-block-button is-style-arrow\"><a class=\"wp-block-button__link wp-element-button\" href=\"https:\/\/www.kellerwest.com\/de\/jobs\/?_job_specialism=it-leadership\">Aktuelle Jobs<\/a><\/div>\n\n\n\n<div class=\"wp-block-button is-style-arrow\"><a class=\"wp-block-button__link wp-element-button\" href=\"https:\/\/www.kellerwest.com\/de\/consultants\/?_hd_person_specialism=it-leadership\">Unser Team<\/a><\/div>\n\n\n\n<div class=\"wp-block-button is-style-arrow\"><a class=\"wp-block-button__link wp-element-button\" href=\"https:\/\/www.kellerwest.com\/de\/insights\/\">\u00c4hnliche Inhalte<\/a><\/div>\n<\/div>\n\n\n\n<hr class=\"wp-block-separator has-alpha-channel-opacity\"\/>\n\n\n\n<p>Ganz gleich, ob Sie ein erfahrener CIO sind oder den ersten Schritt in eine F\u00fchrungsposition wagen wollen, unser Team kann Ihnen helfen, die richtige Herausforderung zu finden.<\/p>\n\n\n\n<p>Wir haben unser Netzwerk von IT Professionals in jahrelanger Erfahrung aufgebaut. Hunderte von Leiter*innen aus der IT-Branche vertrauen uns, wenn es darum geht, Rollen zu finden, die eine spannende Herausforderung bieten &#8211; vom Aufbau eines Start-ups von Grund auf bis hin zur Gestaltung der Unternehmensstrategie.<\/p>\n\n\n\n<p>Wir vermitteln regelm\u00e4\u00dfig Chief Information Officers, Chief Technology Officers, Chief Data Officers und Chief Product Officers.<\/p>\n\n\n\n<p>Unsere Personalvermittlungsteams decken sowohl Festanstellungen als auch Interim-M\u00f6glichkeiten ab, mit Kund*innen aus einer Vielzahl von Branchen. Wir nehmen uns die Zeit, Sie als Person kennenzulernen. So k\u00f6nnen Sie sicher sein, dass wir Sie mit Stellen zusammenbringen, die Ihren Bed\u00fcrfnissen und Ihrer Erfahrung entsprechen.<\/p>\n\n\n\n<p>Als Spezialist*innen f\u00fcr die Personalvermittlung im IT-Bereich wissen wir um die Herausforderungen, die sich aus der Vielfalt der Bewerber*innen ergeben, und um die Hindernisse, die manche Menschen bei ihrer Karriere \u00fcberwinden m\u00fcssen. Wir setzen uns daf\u00fcr ein, dass unsere Kund*innen eine gleichberechtigte Vertretung in der Technologiebranche auf den F\u00fchrungsebenen erreichen, und wir werden uns immer f\u00fcr Sie als Einzelperson einsetzen.<\/p>\n<\/div><figure class=\"wp-block-media-text__media\"><img loading=\"lazy\" decoding=\"async\" width=\"1024\" height=\"683\" src=\"https:\/\/www.kellerwest.com\/wp-content\/uploads\/2023\/03\/iStock-1186079153-1-min-1024x683.jpg\" alt=\"\" class=\"wp-image-40862 size-full\" srcset=\"https:\/\/www.kellerwest.com\/wp-content\/uploads\/2023\/03\/iStock-1186079153-1-min-1024x683.jpg 1024w, https:\/\/www.kellerwest.com\/wp-content\/uploads\/2023\/03\/iStock-1186079153-1-min-300x200.jpg 300w, https:\/\/www.kellerwest.com\/wp-content\/uploads\/2023\/03\/iStock-1186079153-1-min-768x512.jpg 768w, https:\/\/www.kellerwest.com\/wp-content\/uploads\/2023\/03\/iStock-1186079153-1-min-1536x1024.jpg 1536w\" sizes=\"(max-width: 1024px) 100vw, 1024px\" \/><\/figure><\/div>\n\n\n\n<div class=\"wp-block-buttons alignwide is-layout-flex wp-block-buttons-is-layout-flex\">\n<div class=\"wp-block-button is-style-cta-arrow\"><a class=\"wp-block-button__link wp-element-button\" href=\"https:\/\/www.kellerwest.com\/de\/jobs\/?_job_specialism=it-leadership\">IT Leadership Jobs ansehen<\/a><\/div>\n<\/div>\n\n\n","protected":false},"excerpt":{"rendered":"<p>IT Leadership Jobs Finden Sie Ihre n\u00e4chste F\u00fchrungsrolle mit der Unterst\u00fctzung unseres Teams f\u00fcr Executive Search und Personalvermittlung.<\/p>\n","protected":false},"author":376,"featured_media":0,"parent":0,"menu_order":0,"comment_status":"closed","ping_status":"closed","template":"","meta":{"_acf_changed":true,"footnotes":""},"class_list":["post-62744","page","type-page","status-publish","hentry"],"acf":[],"yoast_head":"<!-- This site is optimized with the Yoast SEO Premium plugin v25.4 (Yoast SEO v27.5) - https:\/\/yoast.com\/product\/yoast-seo-premium-wordpress\/ -->\n<title>IT Leadership Jobs - Keller West<\/title>\n<meta name=\"robots\" content=\"index, follow, max-snippet:-1, max-image-preview:large, max-video-preview:-1\" \/>\n<link rel=\"canonical\" href=\"https:\/\/www.kellerwest.com\/de\/it-leadership-jobs\/\" \/>\n<meta property=\"og:locale\" content=\"de_DE\" \/>\n<meta property=\"og:type\" content=\"article\" \/>\n<meta property=\"og:title\" content=\"IT Leadership Jobs\" \/>\n<meta property=\"og:description\" content=\"IT Leadership Jobs Finden Sie Ihre n\u00e4chste F\u00fchrungsrolle mit der Unterst\u00fctzung unseres Teams f\u00fcr Executive Search und Personalvermittlung.\" \/>\n<meta property=\"og:url\" content=\"https:\/\/www.kellerwest.com\/de\/it-leadership-jobs\/\" \/>\n<meta property=\"og:site_name\" content=\"Keller West\" \/>\n<meta property=\"article:modified_time\" content=\"2024-07-19T14:25:20+00:00\" \/>\n<meta property=\"og:image\" content=\"https:\/\/www.kellerwest.com\/wp-content\/uploads\/2023\/03\/iStock-1186079153-1-min-1024x683.jpg\" \/>\n<meta name=\"twitter:card\" content=\"summary_large_image\" \/>\n<meta name=\"twitter:label1\" content=\"Est. reading time\" \/>\n\t<meta name=\"twitter:data1\" content=\"2 minutes\" \/>\n<script type=\"application\/ld+json\" class=\"yoast-schema-graph\">{\"@context\":\"https:\\\/\\\/schema.org\",\"@graph\":[{\"@type\":\"WebPage\",\"@id\":\"https:\\\/\\\/www.kellerwest.com\\\/de\\\/it-leadership-jobs\\\/\",\"url\":\"https:\\\/\\\/www.kellerwest.com\\\/de\\\/it-leadership-jobs\\\/\",\"name\":\"IT Leadership Jobs - Keller West\",\"isPartOf\":{\"@id\":\"https:\\\/\\\/www.kellerwest.com\\\/#website\"},\"primaryImageOfPage\":{\"@id\":\"https:\\\/\\\/www.kellerwest.com\\\/de\\\/it-leadership-jobs\\\/#primaryimage\"},\"image\":{\"@id\":\"https:\\\/\\\/www.kellerwest.com\\\/de\\\/it-leadership-jobs\\\/#primaryimage\"},\"thumbnailUrl\":\"https:\\\/\\\/www.kellerwest.com\\\/wp-content\\\/uploads\\\/2023\\\/03\\\/iStock-1186079153-1-min-1024x683.jpg\",\"datePublished\":\"2024-02-19T15:51:23+00:00\",\"dateModified\":\"2024-07-19T14:25:20+00:00\",\"breadcrumb\":{\"@id\":\"https:\\\/\\\/www.kellerwest.com\\\/de\\\/it-leadership-jobs\\\/#breadcrumb\"},\"inLanguage\":\"de-DE\",\"potentialAction\":[{\"@type\":\"ReadAction\",\"target\":[\"https:\\\/\\\/www.kellerwest.com\\\/de\\\/it-leadership-jobs\\\/\"]}]},{\"@type\":\"ImageObject\",\"inLanguage\":\"de-DE\",\"@id\":\"https:\\\/\\\/www.kellerwest.com\\\/de\\\/it-leadership-jobs\\\/#primaryimage\",\"url\":\"https:\\\/\\\/www.kellerwest.com\\\/wp-content\\\/uploads\\\/2023\\\/03\\\/iStock-1186079153-1-min-1024x683.jpg\",\"contentUrl\":\"https:\\\/\\\/www.kellerwest.com\\\/wp-content\\\/uploads\\\/2023\\\/03\\\/iStock-1186079153-1-min-1024x683.jpg\"},{\"@type\":\"BreadcrumbList\",\"@id\":\"https:\\\/\\\/www.kellerwest.com\\\/de\\\/it-leadership-jobs\\\/#breadcrumb\",\"itemListElement\":[{\"@type\":\"ListItem\",\"position\":1,\"name\":\"Home\",\"item\":\"https:\\\/\\\/www.kellerwest.com\\\/de\\\/\"},{\"@type\":\"ListItem\",\"position\":2,\"name\":\"IT Leadership Jobs\"}]},{\"@type\":\"WebSite\",\"@id\":\"https:\\\/\\\/www.kellerwest.com\\\/#website\",\"url\":\"https:\\\/\\\/www.kellerwest.com\\\/\",\"name\":\"Keller West\",\"description\":\"Globale Expertise im IT-Recruitment\",\"publisher\":{\"@id\":\"https:\\\/\\\/www.kellerwest.com\\\/#organization\"},\"potentialAction\":[{\"@type\":\"SearchAction\",\"target\":{\"@type\":\"EntryPoint\",\"urlTemplate\":\"https:\\\/\\\/www.kellerwest.com\\\/?s={search_term_string}\"},\"query-input\":{\"@type\":\"PropertyValueSpecification\",\"valueRequired\":true,\"valueName\":\"search_term_string\"}}],\"inLanguage\":\"de-DE\"},{\"@type\":\"Organization\",\"@id\":\"https:\\\/\\\/www.kellerwest.com\\\/#organization\",\"name\":\"Keller West\",\"url\":\"https:\\\/\\\/www.kellerwest.com\\\/\",\"logo\":{\"@type\":\"ImageObject\",\"inLanguage\":\"de-DE\",\"@id\":\"https:\\\/\\\/www.kellerwest.com\\\/#\\\/schema\\\/logo\\\/image\\\/\",\"url\":\"https:\\\/\\\/www.kellerwest.com\\\/wp-content\\\/uploads\\\/2023\\\/09\\\/Opengraph-Image-72.jpg\",\"contentUrl\":\"https:\\\/\\\/www.kellerwest.com\\\/wp-content\\\/uploads\\\/2023\\\/09\\\/Opengraph-Image-72.jpg\",\"width\":1024,\"height\":639,\"caption\":\"Keller West\"},\"image\":{\"@id\":\"https:\\\/\\\/www.kellerwest.com\\\/#\\\/schema\\\/logo\\\/image\\\/\"},\"sameAs\":[\"https:\\\/\\\/www.linkedin.com\\\/company\\\/keller-west\"]}]}<\/script>\n<!-- \/ Yoast SEO Premium plugin. -->","yoast_head_json":{"title":"IT Leadership Jobs - Keller West","robots":{"index":"index","follow":"follow","max-snippet":"max-snippet:-1","max-image-preview":"max-image-preview:large","max-video-preview":"max-video-preview:-1"},"canonical":"https:\/\/www.kellerwest.com\/de\/it-leadership-jobs\/","og_locale":"de_DE","og_type":"article","og_title":"IT Leadership Jobs","og_description":"IT Leadership Jobs Finden Sie Ihre n\u00e4chste F\u00fchrungsrolle mit der Unterst\u00fctzung unseres Teams f\u00fcr Executive Search und Personalvermittlung.","og_url":"https:\/\/www.kellerwest.com\/de\/it-leadership-jobs\/","og_site_name":"Keller West","article_modified_time":"2024-07-19T14:25:20+00:00","og_image":[{"url":"https:\/\/www.kellerwest.com\/wp-content\/uploads\/2023\/03\/iStock-1186079153-1-min-1024x683.jpg","type":"","width":"","height":""}],"twitter_card":"summary_large_image","twitter_misc":{"Est. reading time":"2 minutes"},"schema":{"@context":"https:\/\/schema.org","@graph":[{"@type":"WebPage","@id":"https:\/\/www.kellerwest.com\/de\/it-leadership-jobs\/","url":"https:\/\/www.kellerwest.com\/de\/it-leadership-jobs\/","name":"IT Leadership Jobs - Keller West","isPartOf":{"@id":"https:\/\/www.kellerwest.com\/#website"},"primaryImageOfPage":{"@id":"https:\/\/www.kellerwest.com\/de\/it-leadership-jobs\/#primaryimage"},"image":{"@id":"https:\/\/www.kellerwest.com\/de\/it-leadership-jobs\/#primaryimage"},"thumbnailUrl":"https:\/\/www.kellerwest.com\/wp-content\/uploads\/2023\/03\/iStock-1186079153-1-min-1024x683.jpg","datePublished":"2024-02-19T15:51:23+00:00","dateModified":"2024-07-19T14:25:20+00:00","breadcrumb":{"@id":"https:\/\/www.kellerwest.com\/de\/it-leadership-jobs\/#breadcrumb"},"inLanguage":"de-DE","potentialAction":[{"@type":"ReadAction","target":["https:\/\/www.kellerwest.com\/de\/it-leadership-jobs\/"]}]},{"@type":"ImageObject","inLanguage":"de-DE","@id":"https:\/\/www.kellerwest.com\/de\/it-leadership-jobs\/#primaryimage","url":"https:\/\/www.kellerwest.com\/wp-content\/uploads\/2023\/03\/iStock-1186079153-1-min-1024x683.jpg","contentUrl":"https:\/\/www.kellerwest.com\/wp-content\/uploads\/2023\/03\/iStock-1186079153-1-min-1024x683.jpg"},{"@type":"BreadcrumbList","@id":"https:\/\/www.kellerwest.com\/de\/it-leadership-jobs\/#breadcrumb","itemListElement":[{"@type":"ListItem","position":1,"name":"Home","item":"https:\/\/www.kellerwest.com\/de\/"},{"@type":"ListItem","position":2,"name":"IT Leadership Jobs"}]},{"@type":"WebSite","@id":"https:\/\/www.kellerwest.com\/#website","url":"https:\/\/www.kellerwest.com\/","name":"Keller West","description":"Globale Expertise im IT-Recruitment","publisher":{"@id":"https:\/\/www.kellerwest.com\/#organization"},"potentialAction":[{"@type":"SearchAction","target":{"@type":"EntryPoint","urlTemplate":"https:\/\/www.kellerwest.com\/?s={search_term_string}"},"query-input":{"@type":"PropertyValueSpecification","valueRequired":true,"valueName":"search_term_string"}}],"inLanguage":"de-DE"},{"@type":"Organization","@id":"https:\/\/www.kellerwest.com\/#organization","name":"Keller West","url":"https:\/\/www.kellerwest.com\/","logo":{"@type":"ImageObject","inLanguage":"de-DE","@id":"https:\/\/www.kellerwest.com\/#\/schema\/logo\/image\/","url":"https:\/\/www.kellerwest.com\/wp-content\/uploads\/2023\/09\/Opengraph-Image-72.jpg","contentUrl":"https:\/\/www.kellerwest.com\/wp-content\/uploads\/2023\/09\/Opengraph-Image-72.jpg","width":1024,"height":639,"caption":"Keller West"},"image":{"@id":"https:\/\/www.kellerwest.com\/#\/schema\/logo\/image\/"},"sameAs":["https:\/\/www.linkedin.com\/company\/keller-west"]}]}},"_links":{"self":[{"href":"https:\/\/www.kellerwest.com\/de\/wp-json\/wp\/v2\/pages\/62744","targetHints":{"allow":["GET"]}}],"collection":[{"href":"https:\/\/www.kellerwest.com\/de\/wp-json\/wp\/v2\/pages"}],"about":[{"href":"https:\/\/www.kellerwest.com\/de\/wp-json\/wp\/v2\/types\/page"}],"author":[{"embeddable":true,"href":"https:\/\/www.kellerwest.com\/de\/wp-json\/wp\/v2\/users\/376"}],"replies":[{"embeddable":true,"href":"https:\/\/www.kellerwest.com\/de\/wp-json\/wp\/v2\/comments?post=62744"}],"version-history":[{"count":0,"href":"https:\/\/www.kellerwest.com\/de\/wp-json\/wp\/v2\/pages\/62744\/revisions"}],"wp:attachment":[{"href":"https:\/\/www.kellerwest.com\/de\/wp-json\/wp\/v2\/media?parent=62744"}],"curies":[{"name":"wp","href":"https:\/\/api.w.org\/{rel}","templated":true}]}}