{"id":63054,"date":"2024-04-04T15:57:15","date_gmt":"2024-04-04T15:57:15","guid":{"rendered":"https:\/\/kellerwest.wpenginepowered.com\/branchenexpertise\/business-analysis\/"},"modified":"2024-07-19T14:54:51","modified_gmt":"2024-07-19T14:54:51","slug":"business-analysis","status":"publish","type":"page","link":"https:\/\/www.kellerwest.com\/de\/branchenexpertise\/business-analysis\/","title":{"rendered":"Business Analysis"},"content":{"rendered":"\n<div class=\"wp-block-group alignfull has-black-05-background-color has-background is-layout-constrained wp-block-group-is-layout-constrained\">\n<div class=\"wp-block-columns alignwide is-layout-flex wp-container-core-columns-is-layout-28f84493 wp-block-columns-is-layout-flex\">\n<div class=\"wp-block-column is-layout-flow wp-block-column-is-layout-flow\">\n<h1 class=\"wp-block-heading\" id=\"professional-services\">Business Analysis<\/h1>\n<\/div>\n\n\n\n<div class=\"wp-block-column is-layout-flow wp-block-column-is-layout-flow\">\n<p>Wir bringen Unternehmen mit Expert*innen f\u00fcr Business Analysis zusammen, um die F\u00fchrung zu st\u00e4rken und der Konkurrenz einen Schritt voraus zu sein. <\/p>\n<\/div>\n<\/div>\n<\/div>\n\n\n\n<div class=\"wp-block-media-text alignwide is-stacked-on-mobile has-media-on-the-right is-style-default\"><figure class=\"wp-block-media-text__media\"><img loading=\"lazy\" decoding=\"async\" width=\"1024\" height=\"683\" src=\"https:\/\/www.kellerwest.com\/wp-content\/uploads\/2024\/02\/shutterstock_1660490452-1-1024x683.jpg\" alt=\"\" class=\"wp-image-62840 size-full\" srcset=\"https:\/\/www.kellerwest.com\/wp-content\/uploads\/2024\/02\/shutterstock_1660490452-1-1024x683.jpg 1024w, https:\/\/www.kellerwest.com\/wp-content\/uploads\/2024\/02\/shutterstock_1660490452-1-300x200.jpg 300w, https:\/\/www.kellerwest.com\/wp-content\/uploads\/2024\/02\/shutterstock_1660490452-1-768x512.jpg 768w, https:\/\/www.kellerwest.com\/wp-content\/uploads\/2024\/02\/shutterstock_1660490452-1-1536x1024.jpg 1536w, https:\/\/www.kellerwest.com\/wp-content\/uploads\/2024\/02\/shutterstock_1660490452-1-2048x1365.jpg 2048w\" sizes=\"(max-width: 1024px) 100vw, 1024px\" \/><\/figure><div class=\"wp-block-media-text__content\">\n<h2 class=\"wp-block-heading is-style-eyebrow-no-border\" id=\"explore-professional-services\">Business Analysis Recruitment<\/h2>\n\n\n\n<div class=\"wp-block-buttons is-layout-flex wp-block-buttons-is-layout-flex\">\n<div class=\"wp-block-button is-style-arrow\"><a class=\"wp-block-button__link has-white-background-color has-background wp-element-button\" href=\"https:\/\/www.kellerwest.com\/de\/jobs\/?_job_specialism=business-analysis\">Business Analysis Jobs<\/a><\/div>\n\n\n\n<div class=\"wp-block-button is-style-arrow\"><a class=\"wp-block-button__link has-white-background-color has-background wp-element-button\" href=\"https:\/\/www.kellerwest.com\/de\/it-professionals-einstellen\/\">Sie suchen nach Fachkr\u00e4ften?<\/a><\/div>\n\n\n\n<div class=\"wp-block-button is-style-arrow\"><a class=\"wp-block-button__link has-white-background-color has-background wp-element-button\" href=\"https:\/\/www.kellerwest.com\/de\/fachbereiche\/\">Alle Fachbereiche ansehen<\/a><\/div>\n<\/div>\n\n\n\n<hr class=\"wp-block-separator has-text-color has-black-05-color has-css-opacity has-black-05-background-color has-background is-style-divider\"\/>\n\n\n\n<h3 class=\"wp-block-heading is-style-default\">Nutzen Sie unsere unvergleichliches Netzwerk von Business Analysis Fachkr\u00e4ften <\/h3>\n\n\n\n<p>Professionals im Bereich Business Analysis spielen eine wesentliche Rolle bei der Bef\u00e4higung von Unternehmen. <\/p>\n\n\n\n<p>Als wichtiges Bindeglied zwischen den Interessengruppen des Unternehmens und den Professionals der IT-Abteilung erm\u00f6glichen sie den F\u00fchrungskr\u00e4ften, datengest\u00fctzte Entscheidungen zu treffen und der Konkurrenz einen Schritt voraus zu sein. <\/p>\n\n\n\n<p>Wir bringen gro\u00dfe und kleine Unternehmen mit Analyst*innen, Produktmanager*innen, Product Owner und Requirements Engineers zusammen, um IT-Projekte an strategischen Zielen auszurichten, die Effizienz zu steigern, Kosten zu senken, Risiken zu mindern und vieles mehr. <\/p>\n\n\n\n<p>Da Fachkr\u00e4fte im Bereich Business Analysis eine Vielzahl von Verantwortlichkeiten f\u00fcr das Unternehmen haben, ist es von entscheidender Bedeutung, dass die richtige Personalberatung eingesetzt wird, die diese Verantwortlichkeiten und die erforderlichen F\u00e4higkeiten kennt. <\/p>\n\n\n\n<p>Ganz gleich, ob Sie als Leiter*in eines Unternehmens auf der Suche nach Business Analysis Expert*innen sind oder Ihren n\u00e4chsten Job suchen, wir haben die richtigen Personalvermittlungsdienstleistungen f\u00fcr Sie &#8211; von der Suche nach F\u00fchrungskr\u00e4ften bis hin zu Interimsl\u00f6sungen. <\/p>\n<\/div><\/div>\n\n\n\n<div class=\"wp-block-group alignwide is-layout-flow wp-block-group-is-layout-flow\">\n<h2 class=\"wp-block-heading is-style-eyebrow\">Benefits<\/h2>\n\n\n\n<p id=\"component-title\">Weitere Vorteile unserer Zusammenarbeit: <\/p>\n\n\n\n<div class=\"wp-block-columns is-layout-flex wp-container-core-columns-is-layout-28f84493 wp-block-columns-is-layout-flex\">\n<div class=\"wp-block-column is-layout-flow wp-block-column-is-layout-flow\">\n<h3 class=\"wp-block-heading has-medium-large-font-size\" id=\"lorem-ipsum-dolor-sit-amet\">Unser engagiertes Kandidatennetzwerk<\/h3>\n\n\n\n<p class=\"has-extra-small-font-size\" id=\"lorem-ipsum-dolor-sit-amet\">Wir sind viel mehr als nur ein Recruitmentunternehmen &#8211; wir haben ein enormes internationales Netzwerk von IT Professionals aufgebaut, die sich genauso f\u00fcr die IT Branche begeistern wie wir. Die Zusammenarbeit mit uns bietet Ihnen Zugang zu diesem Netzwerk engagierter und vertrauensw\u00fcrdiger Kandidat*innen &#8211; auf der ganzen Welt<\/p>\n<\/div>\n\n\n\n<div class=\"wp-block-column is-layout-flow wp-block-column-is-layout-flow\">\n<h3 class=\"wp-block-heading is-style-default has-medium-large-font-size\" id=\"nulla-facilisi-etiam\">Unsere F\u00e4higkeit, Unsichtbares sichtbar zu machen<\/h3>\n\n\n\n<p class=\"has-extra-small-font-size\">Oft ist die richtige Person nicht \u00fcber die traditionellen Kan\u00e4le zu finden. Und sehr oft sind Kandidat*innen gar nicht aktiv auf der Suche nach einer neuen Position. Deshalb nutzen wir unsere Netzwerke, IT Datenbanken und spezialisierte Recruitingtools, um die richtige Person f\u00fcr Sie zu finden &#8211; und nicht nur die, die gerade verf\u00fcgbar ist. <\/p>\n<\/div>\n<\/div>\n\n\n\n<div class=\"wp-block-columns is-layout-flex wp-container-core-columns-is-layout-28f84493 wp-block-columns-is-layout-flex\">\n<div class=\"wp-block-column is-layout-flow wp-block-column-is-layout-flow\">\n<h3 class=\"wp-block-heading has-medium-large-font-size\" id=\"lorem-ipsum-dolor-sit-amet\">Unser flexibler, kooperativer Ansatz<\/h3>\n\n\n\n<p class=\"has-extra-small-font-size\" id=\"lorem-ipsum-dolor-sit-amet\">Unser Prozess ist von Anfang an kooperativ. Wir verstehen Ihre Bed\u00fcrfnisse, Ihre Erwartungen und Ihre Vorstellungen von unserer Zusammenarbeit. Wir stellen veraltete Denkweisen in Frage und lassen nichts unversucht, um das richtige Talent f\u00fcr Sie zu finden. <\/p>\n<\/div>\n\n\n\n<div class=\"wp-block-column is-layout-flow wp-block-column-is-layout-flow\"><\/div>\n<\/div>\n\n\n\n<hr class=\"wp-block-separator has-text-color has-brand-1-color has-css-opacity has-brand-1-background-color has-background is-style-default\"\/>\n\n\n\n<p><\/p>\n<\/div>\n\n\n\n<div class=\"wp-block-group alignwide has-black-05-background-color has-background is-layout-flow wp-block-group-is-layout-flow\">\n<h2 class=\"wp-block-heading alignwide is-style-eyebrow\" id=\"h-stellenangebot-einreichen\">Stellenangebot einreichen<\/h2>\n\n\n\n<script charset=\"utf-8\" type=\"text\/javascript\" src=\"\/\/js-eu1.hsforms.net\/forms\/embed\/v2.js\"><\/script><script>hbspt.forms.create({\n    region: \"eu1\",\n    portalId: \"26669168\",\n    formId: \"49b48e23-afad-4eb8-be65-22c0a2e06551\"\n  });\n<\/script>\n<\/div>\n\n\n\n\n\n<div class=\"wp-block-group alignfull has-white-color has-brand-1-background-color has-text-color has-background is-layout-constrained wp-block-group-is-layout-constrained\">\n<div class=\"wp-block-group alignwide is-layout-flow wp-block-group-is-layout-flow\">\n<h2 class=\"wp-block-heading is-style-eyebrow-no-border\" id=\"interested-in-learning-more\">Suchen Sie einen neuen Job?<\/h2>\n\n\n\n<div class=\"wp-block-buttons is-layout-flex wp-block-buttons-is-layout-flex\">\n<div class=\"wp-block-button is-style-cta-arrow\"><a class=\"wp-block-button__link has-white-color has-text-color wp-element-button\" href=\"https:\/\/www.kellerwest.com\/de\/jobs\/?_job_specialism=business-analysis\">Entdecken Sie Stellenangebote f\u00fcr Business Analysis<\/a><\/div>\n<\/div>\n<\/div>\n<\/div>\n","protected":false},"excerpt":{"rendered":"<p>Business Analysis Wir bringen Unternehmen mit Expert*innen f\u00fcr Business Analysis zusammen, um die F\u00fchrung zu st\u00e4rken und der Konkurrenz einen Schritt voraus zu sein. Benefits Weitere Vorteile unserer Zusammenarbeit: Unser engagiertes Kandidatennetzwerk Wir sind viel mehr als nur ein Recruitmentunternehmen &#8211; wir haben ein enormes internationales Netzwerk von IT Professionals aufgebaut, die sich genauso f\u00fcr [&hellip;]<\/p>\n","protected":false},"author":376,"featured_media":0,"parent":5683,"menu_order":0,"comment_status":"closed","ping_status":"closed","template":"","meta":{"_acf_changed":false,"footnotes":""},"class_list":["post-63054","page","type-page","status-publish","hentry"],"acf":[],"yoast_head":"<!-- This site is optimized with the Yoast SEO Premium plugin v25.4 (Yoast SEO v27.3) - https:\/\/yoast.com\/product\/yoast-seo-premium-wordpress\/ -->\n<title>Business Analysis - Keller West<\/title>\n<meta name=\"robots\" content=\"index, follow, max-snippet:-1, max-image-preview:large, max-video-preview:-1\" \/>\n<link rel=\"canonical\" href=\"https:\/\/www.kellerwest.com\/de\/branchenexpertise\/business-analysis\/\" \/>\n<meta property=\"og:locale\" content=\"de_DE\" \/>\n<meta property=\"og:type\" content=\"article\" \/>\n<meta property=\"og:title\" content=\"Business Analysis\" \/>\n<meta property=\"og:description\" content=\"Business Analysis Wir bringen Unternehmen mit Expert*innen f\u00fcr Business Analysis zusammen, um die F\u00fchrung zu st\u00e4rken und der Konkurrenz einen Schritt voraus zu sein. Benefits Weitere Vorteile unserer Zusammenarbeit: Unser engagiertes Kandidatennetzwerk Wir sind viel mehr als nur ein Recruitmentunternehmen &#8211; wir haben ein enormes internationales Netzwerk von IT Professionals aufgebaut, die sich genauso f\u00fcr [&hellip;]\" \/>\n<meta property=\"og:url\" content=\"https:\/\/www.kellerwest.com\/de\/branchenexpertise\/business-analysis\/\" \/>\n<meta property=\"og:site_name\" content=\"Keller West\" \/>\n<meta property=\"article:modified_time\" content=\"2024-07-19T14:54:51+00:00\" \/>\n<meta property=\"og:image\" content=\"https:\/\/www.kellerwest.com\/wp-content\/uploads\/2024\/02\/shutterstock_1660490452-1-1024x683.jpg\" \/>\n<meta name=\"twitter:card\" content=\"summary_large_image\" \/>\n<meta name=\"twitter:label1\" content=\"Est. reading time\" \/>\n\t<meta name=\"twitter:data1\" content=\"2 minutes\" \/>\n<script type=\"application\/ld+json\" class=\"yoast-schema-graph\">{\"@context\":\"https:\\\/\\\/schema.org\",\"@graph\":[{\"@type\":\"WebPage\",\"@id\":\"https:\\\/\\\/www.kellerwest.com\\\/de\\\/branchenexpertise\\\/business-analysis\\\/\",\"url\":\"https:\\\/\\\/www.kellerwest.com\\\/de\\\/branchenexpertise\\\/business-analysis\\\/\",\"name\":\"Business Analysis - Keller West\",\"isPartOf\":{\"@id\":\"https:\\\/\\\/www.kellerwest.com\\\/#website\"},\"primaryImageOfPage\":{\"@id\":\"https:\\\/\\\/www.kellerwest.com\\\/de\\\/branchenexpertise\\\/business-analysis\\\/#primaryimage\"},\"image\":{\"@id\":\"https:\\\/\\\/www.kellerwest.com\\\/de\\\/branchenexpertise\\\/business-analysis\\\/#primaryimage\"},\"thumbnailUrl\":\"https:\\\/\\\/www.kellerwest.com\\\/wp-content\\\/uploads\\\/2024\\\/02\\\/shutterstock_1660490452-1-1024x683.jpg\",\"datePublished\":\"2024-04-04T15:57:15+00:00\",\"dateModified\":\"2024-07-19T14:54:51+00:00\",\"breadcrumb\":{\"@id\":\"https:\\\/\\\/www.kellerwest.com\\\/de\\\/branchenexpertise\\\/business-analysis\\\/#breadcrumb\"},\"inLanguage\":\"de-DE\",\"potentialAction\":[{\"@type\":\"ReadAction\",\"target\":[\"https:\\\/\\\/www.kellerwest.com\\\/de\\\/branchenexpertise\\\/business-analysis\\\/\"]}]},{\"@type\":\"ImageObject\",\"inLanguage\":\"de-DE\",\"@id\":\"https:\\\/\\\/www.kellerwest.com\\\/de\\\/branchenexpertise\\\/business-analysis\\\/#primaryimage\",\"url\":\"https:\\\/\\\/www.kellerwest.com\\\/wp-content\\\/uploads\\\/2024\\\/02\\\/shutterstock_1660490452-1-1024x683.jpg\",\"contentUrl\":\"https:\\\/\\\/www.kellerwest.com\\\/wp-content\\\/uploads\\\/2024\\\/02\\\/shutterstock_1660490452-1-1024x683.jpg\"},{\"@type\":\"BreadcrumbList\",\"@id\":\"https:\\\/\\\/www.kellerwest.com\\\/de\\\/branchenexpertise\\\/business-analysis\\\/#breadcrumb\",\"itemListElement\":[{\"@type\":\"ListItem\",\"position\":1,\"name\":\"Home\",\"item\":\"https:\\\/\\\/www.kellerwest.com\\\/de\\\/\"},{\"@type\":\"ListItem\",\"position\":2,\"name\":\"Branchenexpertise\",\"item\":\"https:\\\/\\\/www.kellerwest.com\\\/de\\\/branchenexpertise\\\/\"},{\"@type\":\"ListItem\",\"position\":3,\"name\":\"Business Analysis\"}]},{\"@type\":\"WebSite\",\"@id\":\"https:\\\/\\\/www.kellerwest.com\\\/#website\",\"url\":\"https:\\\/\\\/www.kellerwest.com\\\/\",\"name\":\"Keller West\",\"description\":\"Globale Expertise im IT-Recruitment\",\"publisher\":{\"@id\":\"https:\\\/\\\/www.kellerwest.com\\\/#organization\"},\"potentialAction\":[{\"@type\":\"SearchAction\",\"target\":{\"@type\":\"EntryPoint\",\"urlTemplate\":\"https:\\\/\\\/www.kellerwest.com\\\/?s={search_term_string}\"},\"query-input\":{\"@type\":\"PropertyValueSpecification\",\"valueRequired\":true,\"valueName\":\"search_term_string\"}}],\"inLanguage\":\"de-DE\"},{\"@type\":\"Organization\",\"@id\":\"https:\\\/\\\/www.kellerwest.com\\\/#organization\",\"name\":\"Keller West\",\"url\":\"https:\\\/\\\/www.kellerwest.com\\\/\",\"logo\":{\"@type\":\"ImageObject\",\"inLanguage\":\"de-DE\",\"@id\":\"https:\\\/\\\/www.kellerwest.com\\\/#\\\/schema\\\/logo\\\/image\\\/\",\"url\":\"https:\\\/\\\/www.kellerwest.com\\\/wp-content\\\/uploads\\\/2023\\\/09\\\/Opengraph-Image-72.jpg\",\"contentUrl\":\"https:\\\/\\\/www.kellerwest.com\\\/wp-content\\\/uploads\\\/2023\\\/09\\\/Opengraph-Image-72.jpg\",\"width\":1024,\"height\":639,\"caption\":\"Keller West\"},\"image\":{\"@id\":\"https:\\\/\\\/www.kellerwest.com\\\/#\\\/schema\\\/logo\\\/image\\\/\"},\"sameAs\":[\"https:\\\/\\\/www.linkedin.com\\\/company\\\/keller-west\"]}]}<\/script>\n<!-- \/ Yoast SEO Premium plugin. -->","yoast_head_json":{"title":"Business Analysis - Keller West","robots":{"index":"index","follow":"follow","max-snippet":"max-snippet:-1","max-image-preview":"max-image-preview:large","max-video-preview":"max-video-preview:-1"},"canonical":"https:\/\/www.kellerwest.com\/de\/branchenexpertise\/business-analysis\/","og_locale":"de_DE","og_type":"article","og_title":"Business Analysis","og_description":"Business Analysis Wir bringen Unternehmen mit Expert*innen f\u00fcr Business Analysis zusammen, um die F\u00fchrung zu st\u00e4rken und der Konkurrenz einen Schritt voraus zu sein. Benefits Weitere Vorteile unserer Zusammenarbeit: Unser engagiertes Kandidatennetzwerk Wir sind viel mehr als nur ein Recruitmentunternehmen &#8211; wir haben ein enormes internationales Netzwerk von IT Professionals aufgebaut, die sich genauso f\u00fcr [&hellip;]","og_url":"https:\/\/www.kellerwest.com\/de\/branchenexpertise\/business-analysis\/","og_site_name":"Keller West","article_modified_time":"2024-07-19T14:54:51+00:00","og_image":[{"url":"https:\/\/www.kellerwest.com\/wp-content\/uploads\/2024\/02\/shutterstock_1660490452-1-1024x683.jpg","type":"","width":"","height":""}],"twitter_card":"summary_large_image","twitter_misc":{"Est. reading time":"2 minutes"},"schema":{"@context":"https:\/\/schema.org","@graph":[{"@type":"WebPage","@id":"https:\/\/www.kellerwest.com\/de\/branchenexpertise\/business-analysis\/","url":"https:\/\/www.kellerwest.com\/de\/branchenexpertise\/business-analysis\/","name":"Business Analysis - Keller West","isPartOf":{"@id":"https:\/\/www.kellerwest.com\/#website"},"primaryImageOfPage":{"@id":"https:\/\/www.kellerwest.com\/de\/branchenexpertise\/business-analysis\/#primaryimage"},"image":{"@id":"https:\/\/www.kellerwest.com\/de\/branchenexpertise\/business-analysis\/#primaryimage"},"thumbnailUrl":"https:\/\/www.kellerwest.com\/wp-content\/uploads\/2024\/02\/shutterstock_1660490452-1-1024x683.jpg","datePublished":"2024-04-04T15:57:15+00:00","dateModified":"2024-07-19T14:54:51+00:00","breadcrumb":{"@id":"https:\/\/www.kellerwest.com\/de\/branchenexpertise\/business-analysis\/#breadcrumb"},"inLanguage":"de-DE","potentialAction":[{"@type":"ReadAction","target":["https:\/\/www.kellerwest.com\/de\/branchenexpertise\/business-analysis\/"]}]},{"@type":"ImageObject","inLanguage":"de-DE","@id":"https:\/\/www.kellerwest.com\/de\/branchenexpertise\/business-analysis\/#primaryimage","url":"https:\/\/www.kellerwest.com\/wp-content\/uploads\/2024\/02\/shutterstock_1660490452-1-1024x683.jpg","contentUrl":"https:\/\/www.kellerwest.com\/wp-content\/uploads\/2024\/02\/shutterstock_1660490452-1-1024x683.jpg"},{"@type":"BreadcrumbList","@id":"https:\/\/www.kellerwest.com\/de\/branchenexpertise\/business-analysis\/#breadcrumb","itemListElement":[{"@type":"ListItem","position":1,"name":"Home","item":"https:\/\/www.kellerwest.com\/de\/"},{"@type":"ListItem","position":2,"name":"Branchenexpertise","item":"https:\/\/www.kellerwest.com\/de\/branchenexpertise\/"},{"@type":"ListItem","position":3,"name":"Business Analysis"}]},{"@type":"WebSite","@id":"https:\/\/www.kellerwest.com\/#website","url":"https:\/\/www.kellerwest.com\/","name":"Keller West","description":"Globale Expertise im IT-Recruitment","publisher":{"@id":"https:\/\/www.kellerwest.com\/#organization"},"potentialAction":[{"@type":"SearchAction","target":{"@type":"EntryPoint","urlTemplate":"https:\/\/www.kellerwest.com\/?s={search_term_string}"},"query-input":{"@type":"PropertyValueSpecification","valueRequired":true,"valueName":"search_term_string"}}],"inLanguage":"de-DE"},{"@type":"Organization","@id":"https:\/\/www.kellerwest.com\/#organization","name":"Keller West","url":"https:\/\/www.kellerwest.com\/","logo":{"@type":"ImageObject","inLanguage":"de-DE","@id":"https:\/\/www.kellerwest.com\/#\/schema\/logo\/image\/","url":"https:\/\/www.kellerwest.com\/wp-content\/uploads\/2023\/09\/Opengraph-Image-72.jpg","contentUrl":"https:\/\/www.kellerwest.com\/wp-content\/uploads\/2023\/09\/Opengraph-Image-72.jpg","width":1024,"height":639,"caption":"Keller West"},"image":{"@id":"https:\/\/www.kellerwest.com\/#\/schema\/logo\/image\/"},"sameAs":["https:\/\/www.linkedin.com\/company\/keller-west"]}]}},"_links":{"self":[{"href":"https:\/\/www.kellerwest.com\/de\/wp-json\/wp\/v2\/pages\/63054","targetHints":{"allow":["GET"]}}],"collection":[{"href":"https:\/\/www.kellerwest.com\/de\/wp-json\/wp\/v2\/pages"}],"about":[{"href":"https:\/\/www.kellerwest.com\/de\/wp-json\/wp\/v2\/types\/page"}],"author":[{"embeddable":true,"href":"https:\/\/www.kellerwest.com\/de\/wp-json\/wp\/v2\/users\/376"}],"replies":[{"embeddable":true,"href":"https:\/\/www.kellerwest.com\/de\/wp-json\/wp\/v2\/comments?post=63054"}],"version-history":[{"count":0,"href":"https:\/\/www.kellerwest.com\/de\/wp-json\/wp\/v2\/pages\/63054\/revisions"}],"up":[{"embeddable":true,"href":"https:\/\/www.kellerwest.com\/de\/wp-json\/wp\/v2\/pages\/5683"}],"wp:attachment":[{"href":"https:\/\/www.kellerwest.com\/de\/wp-json\/wp\/v2\/media?parent=63054"}],"curies":[{"name":"wp","href":"https:\/\/api.w.org\/{rel}","templated":true}]}}