{"id":64186,"date":"2024-10-29T15:08:46","date_gmt":"2024-10-29T15:08:46","guid":{"rendered":"https:\/\/kellerwest.wpenginepowered.com\/?page_id=64186"},"modified":"2024-10-29T15:08:47","modified_gmt":"2024-10-29T15:08:47","slug":"phishing-versuche-ueber-whatsapp-e-mail-und-linkedin-inmail","status":"publish","type":"page","link":"https:\/\/www.kellerwest.com\/de\/phishing-versuche-ueber-whatsapp-e-mail-und-linkedin-inmail\/","title":{"rendered":"Phishing-Versuche \u00fcber WhatsApp, E-Mail und LinkedIn InMail"},"content":{"rendered":"\n<h2 class=\"wp-block-heading\" id=\"h-scammer-die-sich-als-mitarbeitende-von-keller-west-ausgeben\">Scammer, die sich als Mitarbeitende von Keller West ausgeben<\/h2>\n\n\n\n<p>Wir sind darauf aufmerksam gemacht worden, dass Scammer, die vorgeben f\u00fcr Keller West zu arbeiten, Personen \u00fcber WhatsApp, E-Mail und LinkedIn InMail kontaktieren und gef\u00e4lschte Stellenangebote anbieten. Wir bitten Sie daher, auf m\u00f6gliche Betrugsversuche im Bereich der Personalvermittlung zu achten und wachsam zu sein. <\/p>\n\n\n\n<p>Dieser Betrug ist leider weit verbreitet. Uns ist bekannt, dass <a href=\"https:\/\/www.which.co.uk\/news\/article\/scammers-prey-on-jobseekers-with-fake-job-ads-sent-on-whatsapp-and-text-messages-a9BUh0o6pKCo\">auch viele andere Personalvermittlungsfirmen betroffen sind<\/a>. <\/p>\n\n\n\n<p>Scammer k\u00f6nnen bestimmte Warnzeichen aufweisen, z. B. schlechte Grammatik und Rechtschreibung, ungew\u00f6hnliche oder inoffizielle E-Mail-Adressen oder das Bestehen auf Dringlichkeit oder sofortiges Handeln. Echte Angebote von Keller West sind immer professionell und klar formuliert und bieten ausreichend Bedenkzeit. <\/p>\n\n\n\n<p>Wir kommunizieren gelegentlich mit Kandidat*innen und Kund*innen \u00fcber WhatsApp und LinkedIn InMail, aber wir werden niemals:<\/p>\n\n\n\n<ul class=\"wp-block-list\">\n<li>Per WhatsApp oder LinkedIn InMail nach Ihrer Bankverbindung fragen<\/li>\n\n\n\n<li>Eine Zahlung per WhatsApp oder LinkedIn InMail anfordern<\/li>\n\n\n\n<li>Eine Zahlung f\u00fcr unsere Dienste \u00fcber WhatsApp oder LinkedIn InMail anfordern<\/li>\n\n\n\n<li>Pers\u00f6nliche Informationen oder Kopien Ihrer Ausweispapiere \u00fcber WhatsApp oder LinkedIn InMail verlangen<\/li>\n<\/ul>\n\n\n\n<p>Personalberater*innen von Keller West werden Ihnen niemals einen Link \u00fcber WhatsApp schicken. Wenn Sie eine Nachricht \u00fcber WhatsApp, E-Mail oder LinkedIn InMail von jemandem erhalten, den Sie nicht kennen und der behauptet, f\u00fcr Keller West zu arbeiten, \u00fcberpr\u00fcfen Sie bitte, ob es sich um eine Person aus <a href=\"https:\/\/www.kellerwest.com\/de\/consultants\/\">unserem Team<\/a> handelt.<\/p>\n\n\n\n<p>Die Personen, die Sie mit diesen Spam-Nachrichten kontaktieren, arbeiten nicht f\u00fcr Keller West. Sie haben Ihre Informationen nicht von Keller West erhalten. Unsere Datensicherheit wurde nicht beeintr\u00e4chtigt.  <\/p>\n\n\n\n<p><em>Bitte beachten Sie, dass Keller West unter keinen Umst\u00e4nden f\u00fcr Anspr\u00fcche, Sch\u00e4den oder Verluste haftbar gemacht werden kann, die sich aus den Handlungen der oben genannten Scammer ergeben oder in irgendeiner Weise damit zusammenh\u00e4ngen.<\/em><\/p>\n","protected":false},"excerpt":{"rendered":"<p>Scammer, die sich als Mitarbeitende von Keller West ausgeben Wir sind darauf aufmerksam gemacht worden, dass Scammer, die vorgeben f\u00fcr Keller West zu arbeiten, Personen \u00fcber WhatsApp, E-Mail und LinkedIn InMail kontaktieren und gef\u00e4lschte Stellenangebote anbieten. Wir bitten Sie daher, auf m\u00f6gliche Betrugsversuche im Bereich der Personalvermittlung zu achten und wachsam zu sein. Dieser Betrug [&hellip;]<\/p>\n","protected":false},"author":555,"featured_media":0,"parent":0,"menu_order":0,"comment_status":"closed","ping_status":"closed","template":"","meta":{"_acf_changed":false,"footnotes":""},"class_list":["post-64186","page","type-page","status-publish","hentry"],"acf":[],"yoast_head":"<!-- This site is optimized with the Yoast SEO Premium plugin v25.4 (Yoast SEO v27.4) - https:\/\/yoast.com\/product\/yoast-seo-premium-wordpress\/ -->\n<title>Phishing-Versuche \u00fcber WhatsApp, E-Mail und LinkedIn InMail - Keller West<\/title>\n<meta name=\"robots\" content=\"index, follow, max-snippet:-1, max-image-preview:large, max-video-preview:-1\" \/>\n<link rel=\"canonical\" href=\"https:\/\/www.kellerwest.com\/de\/phishing-versuche-ueber-whatsapp-e-mail-und-linkedin-inmail\/\" \/>\n<meta property=\"og:locale\" content=\"de_DE\" \/>\n<meta property=\"og:type\" content=\"article\" \/>\n<meta property=\"og:title\" content=\"Phishing-Versuche \u00fcber WhatsApp, E-Mail und LinkedIn InMail\" \/>\n<meta property=\"og:description\" content=\"Scammer, die sich als Mitarbeitende von Keller West ausgeben Wir sind darauf aufmerksam gemacht worden, dass Scammer, die vorgeben f\u00fcr Keller West zu arbeiten, Personen \u00fcber WhatsApp, E-Mail und LinkedIn InMail kontaktieren und gef\u00e4lschte Stellenangebote anbieten. Wir bitten Sie daher, auf m\u00f6gliche Betrugsversuche im Bereich der Personalvermittlung zu achten und wachsam zu sein. Dieser Betrug [&hellip;]\" \/>\n<meta property=\"og:url\" content=\"https:\/\/www.kellerwest.com\/de\/phishing-versuche-ueber-whatsapp-e-mail-und-linkedin-inmail\/\" \/>\n<meta property=\"og:site_name\" content=\"Keller West\" \/>\n<meta property=\"article:modified_time\" content=\"2024-10-29T15:08:47+00:00\" \/>\n<meta property=\"og:image\" content=\"https:\/\/www.kellerwest.com\/wp-content\/uploads\/2023\/09\/Opengraph-Image-72.jpg\" \/>\n\t<meta property=\"og:image:width\" content=\"1024\" \/>\n\t<meta property=\"og:image:height\" content=\"639\" \/>\n\t<meta property=\"og:image:type\" content=\"image\/jpeg\" \/>\n<meta name=\"twitter:card\" content=\"summary_large_image\" \/>\n<meta name=\"twitter:label1\" content=\"Est. reading time\" \/>\n\t<meta name=\"twitter:data1\" content=\"2 minutes\" \/>\n<script type=\"application\/ld+json\" class=\"yoast-schema-graph\">{\"@context\":\"https:\\\/\\\/schema.org\",\"@graph\":[{\"@type\":\"WebPage\",\"@id\":\"https:\\\/\\\/www.kellerwest.com\\\/de\\\/phishing-versuche-ueber-whatsapp-e-mail-und-linkedin-inmail\\\/\",\"url\":\"https:\\\/\\\/www.kellerwest.com\\\/de\\\/phishing-versuche-ueber-whatsapp-e-mail-und-linkedin-inmail\\\/\",\"name\":\"Phishing-Versuche \u00fcber WhatsApp, E-Mail und LinkedIn InMail - Keller West\",\"isPartOf\":{\"@id\":\"https:\\\/\\\/www.kellerwest.com\\\/#website\"},\"datePublished\":\"2024-10-29T15:08:46+00:00\",\"dateModified\":\"2024-10-29T15:08:47+00:00\",\"breadcrumb\":{\"@id\":\"https:\\\/\\\/www.kellerwest.com\\\/de\\\/phishing-versuche-ueber-whatsapp-e-mail-und-linkedin-inmail\\\/#breadcrumb\"},\"inLanguage\":\"de-DE\",\"potentialAction\":[{\"@type\":\"ReadAction\",\"target\":[\"https:\\\/\\\/www.kellerwest.com\\\/de\\\/phishing-versuche-ueber-whatsapp-e-mail-und-linkedin-inmail\\\/\"]}]},{\"@type\":\"BreadcrumbList\",\"@id\":\"https:\\\/\\\/www.kellerwest.com\\\/de\\\/phishing-versuche-ueber-whatsapp-e-mail-und-linkedin-inmail\\\/#breadcrumb\",\"itemListElement\":[{\"@type\":\"ListItem\",\"position\":1,\"name\":\"Home\",\"item\":\"https:\\\/\\\/www.kellerwest.com\\\/de\\\/\"},{\"@type\":\"ListItem\",\"position\":2,\"name\":\"Phishing-Versuche \u00fcber WhatsApp, E-Mail und LinkedIn InMail\"}]},{\"@type\":\"WebSite\",\"@id\":\"https:\\\/\\\/www.kellerwest.com\\\/#website\",\"url\":\"https:\\\/\\\/www.kellerwest.com\\\/\",\"name\":\"Keller West\",\"description\":\"Globale Expertise im IT-Recruitment\",\"publisher\":{\"@id\":\"https:\\\/\\\/www.kellerwest.com\\\/#organization\"},\"potentialAction\":[{\"@type\":\"SearchAction\",\"target\":{\"@type\":\"EntryPoint\",\"urlTemplate\":\"https:\\\/\\\/www.kellerwest.com\\\/?s={search_term_string}\"},\"query-input\":{\"@type\":\"PropertyValueSpecification\",\"valueRequired\":true,\"valueName\":\"search_term_string\"}}],\"inLanguage\":\"de-DE\"},{\"@type\":\"Organization\",\"@id\":\"https:\\\/\\\/www.kellerwest.com\\\/#organization\",\"name\":\"Keller West\",\"url\":\"https:\\\/\\\/www.kellerwest.com\\\/\",\"logo\":{\"@type\":\"ImageObject\",\"inLanguage\":\"de-DE\",\"@id\":\"https:\\\/\\\/www.kellerwest.com\\\/#\\\/schema\\\/logo\\\/image\\\/\",\"url\":\"https:\\\/\\\/www.kellerwest.com\\\/wp-content\\\/uploads\\\/2023\\\/09\\\/Opengraph-Image-72.jpg\",\"contentUrl\":\"https:\\\/\\\/www.kellerwest.com\\\/wp-content\\\/uploads\\\/2023\\\/09\\\/Opengraph-Image-72.jpg\",\"width\":1024,\"height\":639,\"caption\":\"Keller West\"},\"image\":{\"@id\":\"https:\\\/\\\/www.kellerwest.com\\\/#\\\/schema\\\/logo\\\/image\\\/\"},\"sameAs\":[\"https:\\\/\\\/www.linkedin.com\\\/company\\\/keller-west\"]}]}<\/script>\n<!-- \/ Yoast SEO Premium plugin. -->","yoast_head_json":{"title":"Phishing-Versuche \u00fcber WhatsApp, E-Mail und LinkedIn InMail - Keller West","robots":{"index":"index","follow":"follow","max-snippet":"max-snippet:-1","max-image-preview":"max-image-preview:large","max-video-preview":"max-video-preview:-1"},"canonical":"https:\/\/www.kellerwest.com\/de\/phishing-versuche-ueber-whatsapp-e-mail-und-linkedin-inmail\/","og_locale":"de_DE","og_type":"article","og_title":"Phishing-Versuche \u00fcber WhatsApp, E-Mail und LinkedIn InMail","og_description":"Scammer, die sich als Mitarbeitende von Keller West ausgeben Wir sind darauf aufmerksam gemacht worden, dass Scammer, die vorgeben f\u00fcr Keller West zu arbeiten, Personen \u00fcber WhatsApp, E-Mail und LinkedIn InMail kontaktieren und gef\u00e4lschte Stellenangebote anbieten. Wir bitten Sie daher, auf m\u00f6gliche Betrugsversuche im Bereich der Personalvermittlung zu achten und wachsam zu sein. Dieser Betrug [&hellip;]","og_url":"https:\/\/www.kellerwest.com\/de\/phishing-versuche-ueber-whatsapp-e-mail-und-linkedin-inmail\/","og_site_name":"Keller West","article_modified_time":"2024-10-29T15:08:47+00:00","og_image":[{"width":1024,"height":639,"url":"https:\/\/www.kellerwest.com\/wp-content\/uploads\/2023\/09\/Opengraph-Image-72.jpg","type":"image\/jpeg"}],"twitter_card":"summary_large_image","twitter_misc":{"Est. reading time":"2 minutes"},"schema":{"@context":"https:\/\/schema.org","@graph":[{"@type":"WebPage","@id":"https:\/\/www.kellerwest.com\/de\/phishing-versuche-ueber-whatsapp-e-mail-und-linkedin-inmail\/","url":"https:\/\/www.kellerwest.com\/de\/phishing-versuche-ueber-whatsapp-e-mail-und-linkedin-inmail\/","name":"Phishing-Versuche \u00fcber WhatsApp, E-Mail und LinkedIn InMail - Keller West","isPartOf":{"@id":"https:\/\/www.kellerwest.com\/#website"},"datePublished":"2024-10-29T15:08:46+00:00","dateModified":"2024-10-29T15:08:47+00:00","breadcrumb":{"@id":"https:\/\/www.kellerwest.com\/de\/phishing-versuche-ueber-whatsapp-e-mail-und-linkedin-inmail\/#breadcrumb"},"inLanguage":"de-DE","potentialAction":[{"@type":"ReadAction","target":["https:\/\/www.kellerwest.com\/de\/phishing-versuche-ueber-whatsapp-e-mail-und-linkedin-inmail\/"]}]},{"@type":"BreadcrumbList","@id":"https:\/\/www.kellerwest.com\/de\/phishing-versuche-ueber-whatsapp-e-mail-und-linkedin-inmail\/#breadcrumb","itemListElement":[{"@type":"ListItem","position":1,"name":"Home","item":"https:\/\/www.kellerwest.com\/de\/"},{"@type":"ListItem","position":2,"name":"Phishing-Versuche \u00fcber WhatsApp, E-Mail und LinkedIn InMail"}]},{"@type":"WebSite","@id":"https:\/\/www.kellerwest.com\/#website","url":"https:\/\/www.kellerwest.com\/","name":"Keller West","description":"Globale Expertise im IT-Recruitment","publisher":{"@id":"https:\/\/www.kellerwest.com\/#organization"},"potentialAction":[{"@type":"SearchAction","target":{"@type":"EntryPoint","urlTemplate":"https:\/\/www.kellerwest.com\/?s={search_term_string}"},"query-input":{"@type":"PropertyValueSpecification","valueRequired":true,"valueName":"search_term_string"}}],"inLanguage":"de-DE"},{"@type":"Organization","@id":"https:\/\/www.kellerwest.com\/#organization","name":"Keller West","url":"https:\/\/www.kellerwest.com\/","logo":{"@type":"ImageObject","inLanguage":"de-DE","@id":"https:\/\/www.kellerwest.com\/#\/schema\/logo\/image\/","url":"https:\/\/www.kellerwest.com\/wp-content\/uploads\/2023\/09\/Opengraph-Image-72.jpg","contentUrl":"https:\/\/www.kellerwest.com\/wp-content\/uploads\/2023\/09\/Opengraph-Image-72.jpg","width":1024,"height":639,"caption":"Keller West"},"image":{"@id":"https:\/\/www.kellerwest.com\/#\/schema\/logo\/image\/"},"sameAs":["https:\/\/www.linkedin.com\/company\/keller-west"]}]}},"_links":{"self":[{"href":"https:\/\/www.kellerwest.com\/de\/wp-json\/wp\/v2\/pages\/64186","targetHints":{"allow":["GET"]}}],"collection":[{"href":"https:\/\/www.kellerwest.com\/de\/wp-json\/wp\/v2\/pages"}],"about":[{"href":"https:\/\/www.kellerwest.com\/de\/wp-json\/wp\/v2\/types\/page"}],"author":[{"embeddable":true,"href":"https:\/\/www.kellerwest.com\/de\/wp-json\/wp\/v2\/users\/555"}],"replies":[{"embeddable":true,"href":"https:\/\/www.kellerwest.com\/de\/wp-json\/wp\/v2\/comments?post=64186"}],"version-history":[{"count":0,"href":"https:\/\/www.kellerwest.com\/de\/wp-json\/wp\/v2\/pages\/64186\/revisions"}],"wp:attachment":[{"href":"https:\/\/www.kellerwest.com\/de\/wp-json\/wp\/v2\/media?parent=64186"}],"curies":[{"name":"wp","href":"https:\/\/api.w.org\/{rel}","templated":true}]}}